{"id":3968,"date":"2025-06-04T15:17:15","date_gmt":"2025-06-04T13:17:15","guid":{"rendered":"https:\/\/brutnaturebijoux.com\/product\/pulsera-abierta-con-su-diseno-en-forma-de-colmena\/"},"modified":"2025-06-04T15:22:49","modified_gmt":"2025-06-04T13:22:49","slug":"pulsera-abierta-con-su-diseno-en-forma-de-colmena","status":"publish","type":"product","link":"https:\/\/brutnaturebijoux.com\/es\/producto\/pulsera-abierta-con-su-diseno-en-forma-de-colmena\/","title":{"rendered":"Pulsera abierta con su dise\u00f1o en forma de colmena."},"content":{"rendered":"<p>Esta pulsera abierta, con su dise\u00f1o en forma de colmena, es una de las joyas m\u00e1s emblem\u00e1ticas de la colecci\u00f3n de Brut Nature Bijoux. Inspirada en la perfecci\u00f3n geom\u00e9trica de las colmenas y en la labor incansable de las abejas, esta pieza rinde homenaje a estos peque\u00f1os arquitectos de la naturaleza. La plata oxidada resalta cada detalle del relieve, evocando la textura org\u00e1nica de los panales y a\u00f1adiendo un car\u00e1cter \u00fanico y artesanal. Las abejas, s\u00edmbolo de comunidad, trabajo en equipo y conexi\u00f3n con la tierra, inspiran esta creaci\u00f3n que combina arte, armon\u00eda y dedicaci\u00f3n.<br \/>\nTalla: 6 cm ancho mu\u00f1eca, 3,5 cm anchura de la pulsera 4mm espesor<br \/>\npeso 39,85 gr<\/p>\n","protected":false},"excerpt":{"rendered":"<p>Esta pulsera abierta, con su dise\u00f1o en forma de colmena, es una de las joyas m\u00e1s emblem\u00e1ticas de la colecci\u00f3n de Brut Nature Bijoux. Inspirada en la perfecci\u00f3n geom\u00e9trica de las colmenas y en la labor incansable de las abejas, esta pieza rinde homenaje a estos peque\u00f1os arquitectos de la naturaleza.<br \/>\nTalla: 6 cm ancho mu\u00f1eca, 3,5 cm anchura de la pulsera 4mm espesor<br \/>\npeso 39,85 gr<\/p>\n","protected":false},"featured_media":3954,"template":"","meta":{"inline_featured_image":false},"product_brand":[],"product_cat":[61],"product_tag":[],"class_list":{"0":"post-3968","1":"product","2":"type-product","3":"status-publish","4":"has-post-thumbnail","6":"product_cat-pulseras","8":"first","9":"instock","10":"shipping-taxable","11":"purchasable","12":"product-type-simple","13":"layout-style-1","14":"col-md-4 col-sm-4 col-xs-6","15":"col-lg-3","16":"product-has-gallery","17":"product-style-default"},"yoast_head":"<!-- This site is optimized with the Yoast SEO plugin v27.4 - https:\/\/yoast.com\/product\/yoast-seo-wordpress\/ -->\n<title>Pulsera abierta con su dise\u00f1o en forma de colmena. - Brut Nature Bijoux<\/title>\n<meta name=\"robots\" content=\"index, follow, max-snippet:-1, max-image-preview:large, max-video-preview:-1\" \/>\n<link rel=\"canonical\" href=\"https:\/\/brutnaturebijoux.com\/producto\/bracelet-ouvert-avec-son-motif-en-forme-de-ruche\/\" \/>\n<meta property=\"og:locale\" content=\"es_ES\" \/>\n<meta property=\"og:type\" content=\"article\" \/>\n<meta property=\"og:title\" content=\"Pulsera abierta con su dise\u00f1o en forma de colmena. - Brut Nature Bijoux\" \/>\n<meta property=\"og:description\" content=\"Esta pulsera abierta, con su dise\u00f1o en forma de colmena, es una de las joyas m\u00e1s emblem\u00e1ticas de la colecci\u00f3n de Brut Nature Bijoux. Inspirada en la perfecci\u00f3n geom\u00e9trica de las colmenas y en la labor incansable de las abejas, esta pieza rinde homenaje a estos peque\u00f1os arquitectos de la naturaleza. Talla: 6 cm ancho mu\u00f1eca, 3,5 cm anchura de la pulsera 4mm espesor peso 39,85 gr\" \/>\n<meta property=\"og:url\" content=\"https:\/\/brutnaturebijoux.com\/producto\/bracelet-ouvert-avec-son-motif-en-forme-de-ruche\/\" \/>\n<meta property=\"og:site_name\" content=\"Brut Nature Bijoux\" \/>\n<meta property=\"article:modified_time\" content=\"2025-06-04T13:22:49+00:00\" \/>\n<meta property=\"og:image\" content=\"https:\/\/brutnaturebijoux.com\/wp-content\/uploads\/2025\/06\/4007.jpg\" \/>\n\t<meta property=\"og:image:width\" content=\"700\" \/>\n\t<meta property=\"og:image:height\" content=\"700\" \/>\n\t<meta property=\"og:image:type\" content=\"image\/jpeg\" \/>\n<meta name=\"twitter:card\" content=\"summary_large_image\" \/>\n<meta name=\"twitter:label1\" content=\"Tiempo de lectura\" \/>\n\t<meta name=\"twitter:data1\" content=\"1 minuto\" \/>\n<script type=\"application\/ld+json\" class=\"yoast-schema-graph\">{\"@context\":\"https:\\\/\\\/schema.org\",\"@graph\":[{\"@type\":\"WebPage\",\"@id\":\"https:\\\/\\\/brutnaturebijoux.com\\\/producto\\\/bracelet-ouvert-avec-son-motif-en-forme-de-ruche\\\/\",\"url\":\"https:\\\/\\\/brutnaturebijoux.com\\\/producto\\\/bracelet-ouvert-avec-son-motif-en-forme-de-ruche\\\/\",\"name\":\"Pulsera abierta con su dise\u00f1o en forma de colmena. - Brut Nature Bijoux\",\"isPartOf\":{\"@id\":\"https:\\\/\\\/brutnaturebijoux.com\\\/#website\"},\"primaryImageOfPage\":{\"@id\":\"https:\\\/\\\/brutnaturebijoux.com\\\/producto\\\/bracelet-ouvert-avec-son-motif-en-forme-de-ruche\\\/#primaryimage\"},\"image\":{\"@id\":\"https:\\\/\\\/brutnaturebijoux.com\\\/producto\\\/bracelet-ouvert-avec-son-motif-en-forme-de-ruche\\\/#primaryimage\"},\"thumbnailUrl\":\"https:\\\/\\\/brutnaturebijoux.com\\\/wp-content\\\/uploads\\\/2025\\\/06\\\/4007.jpg\",\"datePublished\":\"2025-06-04T13:17:15+00:00\",\"dateModified\":\"2025-06-04T13:22:49+00:00\",\"breadcrumb\":{\"@id\":\"https:\\\/\\\/brutnaturebijoux.com\\\/producto\\\/bracelet-ouvert-avec-son-motif-en-forme-de-ruche\\\/#breadcrumb\"},\"inLanguage\":\"es\",\"potentialAction\":[{\"@type\":\"ReadAction\",\"target\":[\"https:\\\/\\\/brutnaturebijoux.com\\\/producto\\\/bracelet-ouvert-avec-son-motif-en-forme-de-ruche\\\/\"]}]},{\"@type\":\"ImageObject\",\"inLanguage\":\"es\",\"@id\":\"https:\\\/\\\/brutnaturebijoux.com\\\/producto\\\/bracelet-ouvert-avec-son-motif-en-forme-de-ruche\\\/#primaryimage\",\"url\":\"https:\\\/\\\/brutnaturebijoux.com\\\/wp-content\\\/uploads\\\/2025\\\/06\\\/4007.jpg\",\"contentUrl\":\"https:\\\/\\\/brutnaturebijoux.com\\\/wp-content\\\/uploads\\\/2025\\\/06\\\/4007.jpg\",\"width\":700,\"height\":700},{\"@type\":\"BreadcrumbList\",\"@id\":\"https:\\\/\\\/brutnaturebijoux.com\\\/producto\\\/bracelet-ouvert-avec-son-motif-en-forme-de-ruche\\\/#breadcrumb\",\"itemListElement\":[{\"@type\":\"ListItem\",\"position\":1,\"name\":\"Portada\",\"item\":\"https:\\\/\\\/brutnaturebijoux.com\\\/es\\\/\"},{\"@type\":\"ListItem\",\"position\":2,\"name\":\"Tienda\",\"item\":\"https:\\\/\\\/brutnaturebijoux.com\\\/boutique\\\/\"},{\"@type\":\"ListItem\",\"position\":3,\"name\":\"Pulsera abierta con su dise\u00f1o en forma de colmena.\"}]},{\"@type\":\"WebSite\",\"@id\":\"https:\\\/\\\/brutnaturebijoux.com\\\/#website\",\"url\":\"https:\\\/\\\/brutnaturebijoux.com\\\/\",\"name\":\"Brut Nature Bijoux\",\"description\":\"Joyer\u00eda artesanal en plata  gemas\",\"potentialAction\":[{\"@type\":\"SearchAction\",\"target\":{\"@type\":\"EntryPoint\",\"urlTemplate\":\"https:\\\/\\\/brutnaturebijoux.com\\\/?s={search_term_string}\"},\"query-input\":{\"@type\":\"PropertyValueSpecification\",\"valueRequired\":true,\"valueName\":\"search_term_string\"}}],\"inLanguage\":\"es\"}]}<\/script>\n<!-- \/ Yoast SEO plugin. -->","yoast_head_json":{"title":"Pulsera abierta con su dise\u00f1o en forma de colmena. - Brut Nature Bijoux","robots":{"index":"index","follow":"follow","max-snippet":"max-snippet:-1","max-image-preview":"max-image-preview:large","max-video-preview":"max-video-preview:-1"},"canonical":"https:\/\/brutnaturebijoux.com\/producto\/bracelet-ouvert-avec-son-motif-en-forme-de-ruche\/","og_locale":"es_ES","og_type":"article","og_title":"Pulsera abierta con su dise\u00f1o en forma de colmena. - Brut Nature Bijoux","og_description":"Esta pulsera abierta, con su dise\u00f1o en forma de colmena, es una de las joyas m\u00e1s emblem\u00e1ticas de la colecci\u00f3n de Brut Nature Bijoux. Inspirada en la perfecci\u00f3n geom\u00e9trica de las colmenas y en la labor incansable de las abejas, esta pieza rinde homenaje a estos peque\u00f1os arquitectos de la naturaleza. Talla: 6 cm ancho mu\u00f1eca, 3,5 cm anchura de la pulsera 4mm espesor peso 39,85 gr","og_url":"https:\/\/brutnaturebijoux.com\/producto\/bracelet-ouvert-avec-son-motif-en-forme-de-ruche\/","og_site_name":"Brut Nature Bijoux","article_modified_time":"2025-06-04T13:22:49+00:00","og_image":[{"width":700,"height":700,"url":"https:\/\/brutnaturebijoux.com\/wp-content\/uploads\/2025\/06\/4007.jpg","type":"image\/jpeg"}],"twitter_card":"summary_large_image","twitter_misc":{"Tiempo de lectura":"1 minuto"},"schema":{"@context":"https:\/\/schema.org","@graph":[{"@type":"WebPage","@id":"https:\/\/brutnaturebijoux.com\/producto\/bracelet-ouvert-avec-son-motif-en-forme-de-ruche\/","url":"https:\/\/brutnaturebijoux.com\/producto\/bracelet-ouvert-avec-son-motif-en-forme-de-ruche\/","name":"Pulsera abierta con su dise\u00f1o en forma de colmena. - Brut Nature Bijoux","isPartOf":{"@id":"https:\/\/brutnaturebijoux.com\/#website"},"primaryImageOfPage":{"@id":"https:\/\/brutnaturebijoux.com\/producto\/bracelet-ouvert-avec-son-motif-en-forme-de-ruche\/#primaryimage"},"image":{"@id":"https:\/\/brutnaturebijoux.com\/producto\/bracelet-ouvert-avec-son-motif-en-forme-de-ruche\/#primaryimage"},"thumbnailUrl":"https:\/\/brutnaturebijoux.com\/wp-content\/uploads\/2025\/06\/4007.jpg","datePublished":"2025-06-04T13:17:15+00:00","dateModified":"2025-06-04T13:22:49+00:00","breadcrumb":{"@id":"https:\/\/brutnaturebijoux.com\/producto\/bracelet-ouvert-avec-son-motif-en-forme-de-ruche\/#breadcrumb"},"inLanguage":"es","potentialAction":[{"@type":"ReadAction","target":["https:\/\/brutnaturebijoux.com\/producto\/bracelet-ouvert-avec-son-motif-en-forme-de-ruche\/"]}]},{"@type":"ImageObject","inLanguage":"es","@id":"https:\/\/brutnaturebijoux.com\/producto\/bracelet-ouvert-avec-son-motif-en-forme-de-ruche\/#primaryimage","url":"https:\/\/brutnaturebijoux.com\/wp-content\/uploads\/2025\/06\/4007.jpg","contentUrl":"https:\/\/brutnaturebijoux.com\/wp-content\/uploads\/2025\/06\/4007.jpg","width":700,"height":700},{"@type":"BreadcrumbList","@id":"https:\/\/brutnaturebijoux.com\/producto\/bracelet-ouvert-avec-son-motif-en-forme-de-ruche\/#breadcrumb","itemListElement":[{"@type":"ListItem","position":1,"name":"Portada","item":"https:\/\/brutnaturebijoux.com\/es\/"},{"@type":"ListItem","position":2,"name":"Tienda","item":"https:\/\/brutnaturebijoux.com\/boutique\/"},{"@type":"ListItem","position":3,"name":"Pulsera abierta con su dise\u00f1o en forma de colmena."}]},{"@type":"WebSite","@id":"https:\/\/brutnaturebijoux.com\/#website","url":"https:\/\/brutnaturebijoux.com\/","name":"Brut Nature Bijoux","description":"Joyer\u00eda artesanal en plata  gemas","potentialAction":[{"@type":"SearchAction","target":{"@type":"EntryPoint","urlTemplate":"https:\/\/brutnaturebijoux.com\/?s={search_term_string}"},"query-input":{"@type":"PropertyValueSpecification","valueRequired":true,"valueName":"search_term_string"}}],"inLanguage":"es"}]}},"_links":{"self":[{"href":"https:\/\/brutnaturebijoux.com\/es\/wp-json\/wp\/v2\/product\/3968","targetHints":{"allow":["GET"]}}],"collection":[{"href":"https:\/\/brutnaturebijoux.com\/es\/wp-json\/wp\/v2\/product"}],"about":[{"href":"https:\/\/brutnaturebijoux.com\/es\/wp-json\/wp\/v2\/types\/product"}],"wp:featuredmedia":[{"embeddable":true,"href":"https:\/\/brutnaturebijoux.com\/es\/wp-json\/wp\/v2\/media\/3954"}],"wp:attachment":[{"href":"https:\/\/brutnaturebijoux.com\/es\/wp-json\/wp\/v2\/media?parent=3968"}],"wp:term":[{"taxonomy":"product_brand","embeddable":true,"href":"https:\/\/brutnaturebijoux.com\/es\/wp-json\/wp\/v2\/product_brand?post=3968"},{"taxonomy":"product_cat","embeddable":true,"href":"https:\/\/brutnaturebijoux.com\/es\/wp-json\/wp\/v2\/product_cat?post=3968"},{"taxonomy":"product_tag","embeddable":true,"href":"https:\/\/brutnaturebijoux.com\/es\/wp-json\/wp\/v2\/product_tag?post=3968"}],"curies":[{"name":"wp","href":"https:\/\/api.w.org\/{rel}","templated":true}]}}