{"id":3966,"date":"2025-06-04T15:17:12","date_gmt":"2025-06-04T13:17:12","guid":{"rendered":"https:\/\/brutnaturebijoux.com\/product\/pulsera-en-plata-925-maciza-rectangular\/"},"modified":"2025-06-04T15:17:13","modified_gmt":"2025-06-04T13:17:13","slug":"pulsera-en-plata-925-maciza-rectangular","status":"publish","type":"product","link":"https:\/\/brutnaturebijoux.com\/es\/producto\/pulsera-en-plata-925-maciza-rectangular\/","title":{"rendered":"Pulsera en plata 925 maciza rectangular"},"content":{"rendered":"<p>Esta pulsera rompe con lo convencional. Elaborada en plata 925 maciza, su dise\u00f1o rectangular irregular con cantos redondeados desaf\u00eda las formas tradicionales. La textura mate de su superficie a\u00f1ade un toque de modernidad y misterio. No es una joya que pase desapercibida; es una declaraci\u00f3n de estilo para quienes no quieren encajar en los moldes preconcebidos de la moda. Una pieza que celebra la autenticidad y la belleza de lo imperfecto.<br \/>\nTalla: 6,5X5cm (7)cm entre esquina y esquina contrarias.<\/p>\n","protected":false},"excerpt":{"rendered":"<p>Esta pulsera rompe con lo convencional. Elaborada en plata 925 maciza, su dise\u00f1o rectangular irregular con cantos redondeados desaf\u00eda las formas tradicionales.<br \/>\nTalla: 6,5X5cm (7)cm entre esquina y esquina contrarias.<\/p>\n","protected":false},"featured_media":3939,"template":"","meta":{"inline_featured_image":false},"product_brand":[],"product_cat":[61],"product_tag":[],"class_list":{"0":"post-3966","1":"product","2":"type-product","3":"status-publish","4":"has-post-thumbnail","6":"product_cat-pulseras","8":"first","9":"instock","10":"shipping-taxable","11":"purchasable","12":"product-type-simple","13":"layout-style-1","14":"col-md-4 col-sm-4 col-xs-6","15":"col-lg-3","16":"product-has-gallery","17":"product-style-default"},"yoast_head":"<!-- This site is optimized with the Yoast SEO plugin v27.4 - https:\/\/yoast.com\/product\/yoast-seo-wordpress\/ -->\n<title>Pulsera en plata 925 maciza rectangular - Brut Nature Bijoux<\/title>\n<meta name=\"robots\" content=\"index, follow, max-snippet:-1, max-image-preview:large, max-video-preview:-1\" \/>\n<link rel=\"canonical\" href=\"https:\/\/brutnaturebijoux.com\/producto\/bracelet-rectangulaire-en-argent-massif-925\/\" \/>\n<meta property=\"og:locale\" content=\"es_ES\" \/>\n<meta property=\"og:type\" content=\"article\" \/>\n<meta property=\"og:title\" content=\"Pulsera en plata 925 maciza rectangular - Brut Nature Bijoux\" \/>\n<meta property=\"og:description\" content=\"Esta pulsera rompe con lo convencional. Elaborada en plata 925 maciza, su dise\u00f1o rectangular irregular con cantos redondeados desaf\u00eda las formas tradicionales. Talla: 6,5X5cm (7)cm entre esquina y esquina contrarias.\" \/>\n<meta property=\"og:url\" content=\"https:\/\/brutnaturebijoux.com\/producto\/bracelet-rectangulaire-en-argent-massif-925\/\" \/>\n<meta property=\"og:site_name\" content=\"Brut Nature Bijoux\" \/>\n<meta property=\"article:modified_time\" content=\"2025-06-04T13:17:13+00:00\" \/>\n<meta property=\"og:image\" content=\"https:\/\/brutnaturebijoux.com\/wp-content\/uploads\/2025\/06\/4004c.jpg\" \/>\n\t<meta property=\"og:image:width\" content=\"700\" \/>\n\t<meta property=\"og:image:height\" content=\"700\" \/>\n\t<meta property=\"og:image:type\" content=\"image\/jpeg\" \/>\n<meta name=\"twitter:card\" content=\"summary_large_image\" \/>\n<script type=\"application\/ld+json\" class=\"yoast-schema-graph\">{\"@context\":\"https:\\\/\\\/schema.org\",\"@graph\":[{\"@type\":\"WebPage\",\"@id\":\"https:\\\/\\\/brutnaturebijoux.com\\\/producto\\\/bracelet-rectangulaire-en-argent-massif-925\\\/\",\"url\":\"https:\\\/\\\/brutnaturebijoux.com\\\/producto\\\/bracelet-rectangulaire-en-argent-massif-925\\\/\",\"name\":\"Pulsera en plata 925 maciza rectangular - Brut Nature Bijoux\",\"isPartOf\":{\"@id\":\"https:\\\/\\\/brutnaturebijoux.com\\\/#website\"},\"primaryImageOfPage\":{\"@id\":\"https:\\\/\\\/brutnaturebijoux.com\\\/producto\\\/bracelet-rectangulaire-en-argent-massif-925\\\/#primaryimage\"},\"image\":{\"@id\":\"https:\\\/\\\/brutnaturebijoux.com\\\/producto\\\/bracelet-rectangulaire-en-argent-massif-925\\\/#primaryimage\"},\"thumbnailUrl\":\"https:\\\/\\\/brutnaturebijoux.com\\\/wp-content\\\/uploads\\\/2025\\\/06\\\/4004c.jpg\",\"datePublished\":\"2025-06-04T13:17:12+00:00\",\"dateModified\":\"2025-06-04T13:17:13+00:00\",\"breadcrumb\":{\"@id\":\"https:\\\/\\\/brutnaturebijoux.com\\\/producto\\\/bracelet-rectangulaire-en-argent-massif-925\\\/#breadcrumb\"},\"inLanguage\":\"es\",\"potentialAction\":[{\"@type\":\"ReadAction\",\"target\":[\"https:\\\/\\\/brutnaturebijoux.com\\\/producto\\\/bracelet-rectangulaire-en-argent-massif-925\\\/\"]}]},{\"@type\":\"ImageObject\",\"inLanguage\":\"es\",\"@id\":\"https:\\\/\\\/brutnaturebijoux.com\\\/producto\\\/bracelet-rectangulaire-en-argent-massif-925\\\/#primaryimage\",\"url\":\"https:\\\/\\\/brutnaturebijoux.com\\\/wp-content\\\/uploads\\\/2025\\\/06\\\/4004c.jpg\",\"contentUrl\":\"https:\\\/\\\/brutnaturebijoux.com\\\/wp-content\\\/uploads\\\/2025\\\/06\\\/4004c.jpg\",\"width\":700,\"height\":700},{\"@type\":\"BreadcrumbList\",\"@id\":\"https:\\\/\\\/brutnaturebijoux.com\\\/producto\\\/bracelet-rectangulaire-en-argent-massif-925\\\/#breadcrumb\",\"itemListElement\":[{\"@type\":\"ListItem\",\"position\":1,\"name\":\"Portada\",\"item\":\"https:\\\/\\\/brutnaturebijoux.com\\\/es\\\/\"},{\"@type\":\"ListItem\",\"position\":2,\"name\":\"Tienda\",\"item\":\"https:\\\/\\\/brutnaturebijoux.com\\\/boutique\\\/\"},{\"@type\":\"ListItem\",\"position\":3,\"name\":\"Pulsera en plata 925 maciza rectangular\"}]},{\"@type\":\"WebSite\",\"@id\":\"https:\\\/\\\/brutnaturebijoux.com\\\/#website\",\"url\":\"https:\\\/\\\/brutnaturebijoux.com\\\/\",\"name\":\"Brut Nature Bijoux\",\"description\":\"Joyer\u00eda artesanal en plata  gemas\",\"potentialAction\":[{\"@type\":\"SearchAction\",\"target\":{\"@type\":\"EntryPoint\",\"urlTemplate\":\"https:\\\/\\\/brutnaturebijoux.com\\\/?s={search_term_string}\"},\"query-input\":{\"@type\":\"PropertyValueSpecification\",\"valueRequired\":true,\"valueName\":\"search_term_string\"}}],\"inLanguage\":\"es\"}]}<\/script>\n<!-- \/ Yoast SEO plugin. -->","yoast_head_json":{"title":"Pulsera en plata 925 maciza rectangular - Brut Nature Bijoux","robots":{"index":"index","follow":"follow","max-snippet":"max-snippet:-1","max-image-preview":"max-image-preview:large","max-video-preview":"max-video-preview:-1"},"canonical":"https:\/\/brutnaturebijoux.com\/producto\/bracelet-rectangulaire-en-argent-massif-925\/","og_locale":"es_ES","og_type":"article","og_title":"Pulsera en plata 925 maciza rectangular - Brut Nature Bijoux","og_description":"Esta pulsera rompe con lo convencional. Elaborada en plata 925 maciza, su dise\u00f1o rectangular irregular con cantos redondeados desaf\u00eda las formas tradicionales. Talla: 6,5X5cm (7)cm entre esquina y esquina contrarias.","og_url":"https:\/\/brutnaturebijoux.com\/producto\/bracelet-rectangulaire-en-argent-massif-925\/","og_site_name":"Brut Nature Bijoux","article_modified_time":"2025-06-04T13:17:13+00:00","og_image":[{"width":700,"height":700,"url":"https:\/\/brutnaturebijoux.com\/wp-content\/uploads\/2025\/06\/4004c.jpg","type":"image\/jpeg"}],"twitter_card":"summary_large_image","schema":{"@context":"https:\/\/schema.org","@graph":[{"@type":"WebPage","@id":"https:\/\/brutnaturebijoux.com\/producto\/bracelet-rectangulaire-en-argent-massif-925\/","url":"https:\/\/brutnaturebijoux.com\/producto\/bracelet-rectangulaire-en-argent-massif-925\/","name":"Pulsera en plata 925 maciza rectangular - Brut Nature Bijoux","isPartOf":{"@id":"https:\/\/brutnaturebijoux.com\/#website"},"primaryImageOfPage":{"@id":"https:\/\/brutnaturebijoux.com\/producto\/bracelet-rectangulaire-en-argent-massif-925\/#primaryimage"},"image":{"@id":"https:\/\/brutnaturebijoux.com\/producto\/bracelet-rectangulaire-en-argent-massif-925\/#primaryimage"},"thumbnailUrl":"https:\/\/brutnaturebijoux.com\/wp-content\/uploads\/2025\/06\/4004c.jpg","datePublished":"2025-06-04T13:17:12+00:00","dateModified":"2025-06-04T13:17:13+00:00","breadcrumb":{"@id":"https:\/\/brutnaturebijoux.com\/producto\/bracelet-rectangulaire-en-argent-massif-925\/#breadcrumb"},"inLanguage":"es","potentialAction":[{"@type":"ReadAction","target":["https:\/\/brutnaturebijoux.com\/producto\/bracelet-rectangulaire-en-argent-massif-925\/"]}]},{"@type":"ImageObject","inLanguage":"es","@id":"https:\/\/brutnaturebijoux.com\/producto\/bracelet-rectangulaire-en-argent-massif-925\/#primaryimage","url":"https:\/\/brutnaturebijoux.com\/wp-content\/uploads\/2025\/06\/4004c.jpg","contentUrl":"https:\/\/brutnaturebijoux.com\/wp-content\/uploads\/2025\/06\/4004c.jpg","width":700,"height":700},{"@type":"BreadcrumbList","@id":"https:\/\/brutnaturebijoux.com\/producto\/bracelet-rectangulaire-en-argent-massif-925\/#breadcrumb","itemListElement":[{"@type":"ListItem","position":1,"name":"Portada","item":"https:\/\/brutnaturebijoux.com\/es\/"},{"@type":"ListItem","position":2,"name":"Tienda","item":"https:\/\/brutnaturebijoux.com\/boutique\/"},{"@type":"ListItem","position":3,"name":"Pulsera en plata 925 maciza rectangular"}]},{"@type":"WebSite","@id":"https:\/\/brutnaturebijoux.com\/#website","url":"https:\/\/brutnaturebijoux.com\/","name":"Brut Nature Bijoux","description":"Joyer\u00eda artesanal en plata  gemas","potentialAction":[{"@type":"SearchAction","target":{"@type":"EntryPoint","urlTemplate":"https:\/\/brutnaturebijoux.com\/?s={search_term_string}"},"query-input":{"@type":"PropertyValueSpecification","valueRequired":true,"valueName":"search_term_string"}}],"inLanguage":"es"}]}},"_links":{"self":[{"href":"https:\/\/brutnaturebijoux.com\/es\/wp-json\/wp\/v2\/product\/3966","targetHints":{"allow":["GET"]}}],"collection":[{"href":"https:\/\/brutnaturebijoux.com\/es\/wp-json\/wp\/v2\/product"}],"about":[{"href":"https:\/\/brutnaturebijoux.com\/es\/wp-json\/wp\/v2\/types\/product"}],"wp:featuredmedia":[{"embeddable":true,"href":"https:\/\/brutnaturebijoux.com\/es\/wp-json\/wp\/v2\/media\/3939"}],"wp:attachment":[{"href":"https:\/\/brutnaturebijoux.com\/es\/wp-json\/wp\/v2\/media?parent=3966"}],"wp:term":[{"taxonomy":"product_brand","embeddable":true,"href":"https:\/\/brutnaturebijoux.com\/es\/wp-json\/wp\/v2\/product_brand?post=3966"},{"taxonomy":"product_cat","embeddable":true,"href":"https:\/\/brutnaturebijoux.com\/es\/wp-json\/wp\/v2\/product_cat?post=3966"},{"taxonomy":"product_tag","embeddable":true,"href":"https:\/\/brutnaturebijoux.com\/es\/wp-json\/wp\/v2\/product_tag?post=3966"}],"curies":[{"name":"wp","href":"https:\/\/api.w.org\/{rel}","templated":true}]}}