{"id":3965,"date":"2025-06-04T15:16:59","date_gmt":"2025-06-04T13:16:59","guid":{"rendered":"https:\/\/brutnaturebijoux.com\/product\/pulsera-en-plata-925-de-circulo-cerrado-con-un-martelle\/"},"modified":"2025-06-04T15:17:11","modified_gmt":"2025-06-04T13:17:11","slug":"pulsera-en-plata-925-de-circulo-cerrado-con-un-martelle","status":"publish","type":"product","link":"https:\/\/brutnaturebijoux.com\/es\/producto\/pulsera-en-plata-925-de-circulo-cerrado-con-un-martelle\/","title":{"rendered":"Pulsera en plata 925  de c\u00edrculo cerrado con un martell\u00e9"},"content":{"rendered":"<p>Esta pulsera est\u00e1 elaborada en plata 925 y presenta un dise\u00f1o de c\u00edrculo cerrado con un martell\u00e9 bien marcado, que crea un efecto diamantado y brillante que captura y refleja la luz. Su forma circular continua y su acabado texturizado la convierten en una pieza vers\u00e1til, ideal para combinar con otros complementos o para llevar como un detalle destacado.<br \/>\nTalla: 6,8cm de radio<br \/>\nPeso: 20 gr<\/p>\n","protected":false},"excerpt":{"rendered":"<p>Esta pulsera est\u00e1 elaborada en plata 925 y presenta un dise\u00f1o de c\u00edrculo cerrado con un martell\u00e9 bien marcado, que crea un efecto diamantado y brillante que captura y refleja la luz.<br \/>\nTalla: 6,8cm de radio<br \/>\nPeso: 20 gr<\/p>\n","protected":false},"featured_media":3936,"template":"","meta":{"inline_featured_image":false},"product_brand":[],"product_cat":[61],"product_tag":[],"class_list":{"0":"post-3965","1":"product","2":"type-product","3":"status-publish","4":"has-post-thumbnail","6":"product_cat-pulseras","8":"first","9":"instock","10":"shipping-taxable","11":"purchasable","12":"product-type-simple","13":"layout-style-1","14":"col-md-4 col-sm-4 col-xs-6","15":"col-lg-3","16":"product-has-gallery","17":"product-style-default"},"yoast_head":"<!-- This site is optimized with the Yoast SEO plugin v27.4 - https:\/\/yoast.com\/product\/yoast-seo-wordpress\/ -->\n<title>Pulsera en plata 925 de c\u00edrculo cerrado con un martell\u00e9 - Brut Nature Bijoux<\/title>\n<meta name=\"robots\" content=\"index, follow, max-snippet:-1, max-image-preview:large, max-video-preview:-1\" \/>\n<link rel=\"canonical\" href=\"https:\/\/brutnaturebijoux.com\/producto\/bracelet-en-argent-925-en-cercle-ferme-avec-un-effet-martele\/\" \/>\n<meta property=\"og:locale\" content=\"es_ES\" \/>\n<meta property=\"og:type\" content=\"article\" \/>\n<meta property=\"og:title\" content=\"Pulsera en plata 925 de c\u00edrculo cerrado con un martell\u00e9 - Brut Nature Bijoux\" \/>\n<meta property=\"og:description\" content=\"Esta pulsera est\u00e1 elaborada en plata 925 y presenta un dise\u00f1o de c\u00edrculo cerrado con un martell\u00e9 bien marcado, que crea un efecto diamantado y brillante que captura y refleja la luz. Talla: 6,8cm de radio Peso: 20 gr\" \/>\n<meta property=\"og:url\" content=\"https:\/\/brutnaturebijoux.com\/producto\/bracelet-en-argent-925-en-cercle-ferme-avec-un-effet-martele\/\" \/>\n<meta property=\"og:site_name\" content=\"Brut Nature Bijoux\" \/>\n<meta property=\"article:modified_time\" content=\"2025-06-04T13:17:11+00:00\" \/>\n<meta property=\"og:image\" content=\"https:\/\/brutnaturebijoux.com\/wp-content\/uploads\/2025\/06\/4003a.jpg\" \/>\n\t<meta property=\"og:image:width\" content=\"700\" \/>\n\t<meta property=\"og:image:height\" content=\"700\" \/>\n\t<meta property=\"og:image:type\" content=\"image\/jpeg\" \/>\n<meta name=\"twitter:card\" content=\"summary_large_image\" \/>\n<script type=\"application\/ld+json\" class=\"yoast-schema-graph\">{\"@context\":\"https:\\\/\\\/schema.org\",\"@graph\":[{\"@type\":\"WebPage\",\"@id\":\"https:\\\/\\\/brutnaturebijoux.com\\\/producto\\\/bracelet-en-argent-925-en-cercle-ferme-avec-un-effet-martele\\\/\",\"url\":\"https:\\\/\\\/brutnaturebijoux.com\\\/producto\\\/bracelet-en-argent-925-en-cercle-ferme-avec-un-effet-martele\\\/\",\"name\":\"Pulsera en plata 925 de c\u00edrculo cerrado con un martell\u00e9 - Brut Nature Bijoux\",\"isPartOf\":{\"@id\":\"https:\\\/\\\/brutnaturebijoux.com\\\/#website\"},\"primaryImageOfPage\":{\"@id\":\"https:\\\/\\\/brutnaturebijoux.com\\\/producto\\\/bracelet-en-argent-925-en-cercle-ferme-avec-un-effet-martele\\\/#primaryimage\"},\"image\":{\"@id\":\"https:\\\/\\\/brutnaturebijoux.com\\\/producto\\\/bracelet-en-argent-925-en-cercle-ferme-avec-un-effet-martele\\\/#primaryimage\"},\"thumbnailUrl\":\"https:\\\/\\\/brutnaturebijoux.com\\\/wp-content\\\/uploads\\\/2025\\\/06\\\/4003a.jpg\",\"datePublished\":\"2025-06-04T13:16:59+00:00\",\"dateModified\":\"2025-06-04T13:17:11+00:00\",\"breadcrumb\":{\"@id\":\"https:\\\/\\\/brutnaturebijoux.com\\\/producto\\\/bracelet-en-argent-925-en-cercle-ferme-avec-un-effet-martele\\\/#breadcrumb\"},\"inLanguage\":\"es\",\"potentialAction\":[{\"@type\":\"ReadAction\",\"target\":[\"https:\\\/\\\/brutnaturebijoux.com\\\/producto\\\/bracelet-en-argent-925-en-cercle-ferme-avec-un-effet-martele\\\/\"]}]},{\"@type\":\"ImageObject\",\"inLanguage\":\"es\",\"@id\":\"https:\\\/\\\/brutnaturebijoux.com\\\/producto\\\/bracelet-en-argent-925-en-cercle-ferme-avec-un-effet-martele\\\/#primaryimage\",\"url\":\"https:\\\/\\\/brutnaturebijoux.com\\\/wp-content\\\/uploads\\\/2025\\\/06\\\/4003a.jpg\",\"contentUrl\":\"https:\\\/\\\/brutnaturebijoux.com\\\/wp-content\\\/uploads\\\/2025\\\/06\\\/4003a.jpg\",\"width\":700,\"height\":700},{\"@type\":\"BreadcrumbList\",\"@id\":\"https:\\\/\\\/brutnaturebijoux.com\\\/producto\\\/bracelet-en-argent-925-en-cercle-ferme-avec-un-effet-martele\\\/#breadcrumb\",\"itemListElement\":[{\"@type\":\"ListItem\",\"position\":1,\"name\":\"Portada\",\"item\":\"https:\\\/\\\/brutnaturebijoux.com\\\/es\\\/\"},{\"@type\":\"ListItem\",\"position\":2,\"name\":\"Tienda\",\"item\":\"https:\\\/\\\/brutnaturebijoux.com\\\/boutique\\\/\"},{\"@type\":\"ListItem\",\"position\":3,\"name\":\"Pulsera en plata 925 de c\u00edrculo cerrado con un martell\u00e9\"}]},{\"@type\":\"WebSite\",\"@id\":\"https:\\\/\\\/brutnaturebijoux.com\\\/#website\",\"url\":\"https:\\\/\\\/brutnaturebijoux.com\\\/\",\"name\":\"Brut Nature Bijoux\",\"description\":\"Joyer\u00eda artesanal en plata  gemas\",\"potentialAction\":[{\"@type\":\"SearchAction\",\"target\":{\"@type\":\"EntryPoint\",\"urlTemplate\":\"https:\\\/\\\/brutnaturebijoux.com\\\/?s={search_term_string}\"},\"query-input\":{\"@type\":\"PropertyValueSpecification\",\"valueRequired\":true,\"valueName\":\"search_term_string\"}}],\"inLanguage\":\"es\"}]}<\/script>\n<!-- \/ Yoast SEO plugin. -->","yoast_head_json":{"title":"Pulsera en plata 925 de c\u00edrculo cerrado con un martell\u00e9 - Brut Nature Bijoux","robots":{"index":"index","follow":"follow","max-snippet":"max-snippet:-1","max-image-preview":"max-image-preview:large","max-video-preview":"max-video-preview:-1"},"canonical":"https:\/\/brutnaturebijoux.com\/producto\/bracelet-en-argent-925-en-cercle-ferme-avec-un-effet-martele\/","og_locale":"es_ES","og_type":"article","og_title":"Pulsera en plata 925 de c\u00edrculo cerrado con un martell\u00e9 - Brut Nature Bijoux","og_description":"Esta pulsera est\u00e1 elaborada en plata 925 y presenta un dise\u00f1o de c\u00edrculo cerrado con un martell\u00e9 bien marcado, que crea un efecto diamantado y brillante que captura y refleja la luz. Talla: 6,8cm de radio Peso: 20 gr","og_url":"https:\/\/brutnaturebijoux.com\/producto\/bracelet-en-argent-925-en-cercle-ferme-avec-un-effet-martele\/","og_site_name":"Brut Nature Bijoux","article_modified_time":"2025-06-04T13:17:11+00:00","og_image":[{"width":700,"height":700,"url":"https:\/\/brutnaturebijoux.com\/wp-content\/uploads\/2025\/06\/4003a.jpg","type":"image\/jpeg"}],"twitter_card":"summary_large_image","schema":{"@context":"https:\/\/schema.org","@graph":[{"@type":"WebPage","@id":"https:\/\/brutnaturebijoux.com\/producto\/bracelet-en-argent-925-en-cercle-ferme-avec-un-effet-martele\/","url":"https:\/\/brutnaturebijoux.com\/producto\/bracelet-en-argent-925-en-cercle-ferme-avec-un-effet-martele\/","name":"Pulsera en plata 925 de c\u00edrculo cerrado con un martell\u00e9 - Brut Nature Bijoux","isPartOf":{"@id":"https:\/\/brutnaturebijoux.com\/#website"},"primaryImageOfPage":{"@id":"https:\/\/brutnaturebijoux.com\/producto\/bracelet-en-argent-925-en-cercle-ferme-avec-un-effet-martele\/#primaryimage"},"image":{"@id":"https:\/\/brutnaturebijoux.com\/producto\/bracelet-en-argent-925-en-cercle-ferme-avec-un-effet-martele\/#primaryimage"},"thumbnailUrl":"https:\/\/brutnaturebijoux.com\/wp-content\/uploads\/2025\/06\/4003a.jpg","datePublished":"2025-06-04T13:16:59+00:00","dateModified":"2025-06-04T13:17:11+00:00","breadcrumb":{"@id":"https:\/\/brutnaturebijoux.com\/producto\/bracelet-en-argent-925-en-cercle-ferme-avec-un-effet-martele\/#breadcrumb"},"inLanguage":"es","potentialAction":[{"@type":"ReadAction","target":["https:\/\/brutnaturebijoux.com\/producto\/bracelet-en-argent-925-en-cercle-ferme-avec-un-effet-martele\/"]}]},{"@type":"ImageObject","inLanguage":"es","@id":"https:\/\/brutnaturebijoux.com\/producto\/bracelet-en-argent-925-en-cercle-ferme-avec-un-effet-martele\/#primaryimage","url":"https:\/\/brutnaturebijoux.com\/wp-content\/uploads\/2025\/06\/4003a.jpg","contentUrl":"https:\/\/brutnaturebijoux.com\/wp-content\/uploads\/2025\/06\/4003a.jpg","width":700,"height":700},{"@type":"BreadcrumbList","@id":"https:\/\/brutnaturebijoux.com\/producto\/bracelet-en-argent-925-en-cercle-ferme-avec-un-effet-martele\/#breadcrumb","itemListElement":[{"@type":"ListItem","position":1,"name":"Portada","item":"https:\/\/brutnaturebijoux.com\/es\/"},{"@type":"ListItem","position":2,"name":"Tienda","item":"https:\/\/brutnaturebijoux.com\/boutique\/"},{"@type":"ListItem","position":3,"name":"Pulsera en plata 925 de c\u00edrculo cerrado con un martell\u00e9"}]},{"@type":"WebSite","@id":"https:\/\/brutnaturebijoux.com\/#website","url":"https:\/\/brutnaturebijoux.com\/","name":"Brut Nature Bijoux","description":"Joyer\u00eda artesanal en plata  gemas","potentialAction":[{"@type":"SearchAction","target":{"@type":"EntryPoint","urlTemplate":"https:\/\/brutnaturebijoux.com\/?s={search_term_string}"},"query-input":{"@type":"PropertyValueSpecification","valueRequired":true,"valueName":"search_term_string"}}],"inLanguage":"es"}]}},"_links":{"self":[{"href":"https:\/\/brutnaturebijoux.com\/es\/wp-json\/wp\/v2\/product\/3965","targetHints":{"allow":["GET"]}}],"collection":[{"href":"https:\/\/brutnaturebijoux.com\/es\/wp-json\/wp\/v2\/product"}],"about":[{"href":"https:\/\/brutnaturebijoux.com\/es\/wp-json\/wp\/v2\/types\/product"}],"wp:featuredmedia":[{"embeddable":true,"href":"https:\/\/brutnaturebijoux.com\/es\/wp-json\/wp\/v2\/media\/3936"}],"wp:attachment":[{"href":"https:\/\/brutnaturebijoux.com\/es\/wp-json\/wp\/v2\/media?parent=3965"}],"wp:term":[{"taxonomy":"product_brand","embeddable":true,"href":"https:\/\/brutnaturebijoux.com\/es\/wp-json\/wp\/v2\/product_brand?post=3965"},{"taxonomy":"product_cat","embeddable":true,"href":"https:\/\/brutnaturebijoux.com\/es\/wp-json\/wp\/v2\/product_cat?post=3965"},{"taxonomy":"product_tag","embeddable":true,"href":"https:\/\/brutnaturebijoux.com\/es\/wp-json\/wp\/v2\/product_tag?post=3965"}],"curies":[{"name":"wp","href":"https:\/\/api.w.org\/{rel}","templated":true}]}}