{"id":3964,"date":"2025-06-04T15:16:31","date_gmt":"2025-06-04T13:16:31","guid":{"rendered":"https:\/\/brutnaturebijoux.com\/product\/pulsera-en-plata-925-de-media-cana-abierta\/"},"modified":"2025-09-17T13:56:22","modified_gmt":"2025-09-17T11:56:22","slug":"pulsera-en-plata-925-de-media-cana-abierta","status":"publish","type":"product","link":"https:\/\/brutnaturebijoux.com\/es\/producto\/pulsera-en-plata-925-de-media-cana-abierta\/","title":{"rendered":"Pulsera en plata 925  de media ca\u00f1a abierta"},"content":{"rendered":"<p>Esta pulsera est\u00e1 elaborada en plata 925 y presenta un dise\u00f1o de media ca\u00f1a abierta, con peque\u00f1os puntitos marcados y oxidados que le confieren un relieve particular y un car\u00e1cter \u00fanico. La oxidaci\u00f3n resalta los detalles, a\u00f1adiendo profundidad y contraste a la textura. De talla grande, esta pieza es ideal para quienes buscan un accesorio con presencia y personalidad. Su forma abierta y su acabado artesanal la convierten en una joya vers\u00e1til y llamativa.<br \/>\nTalla: 7,5 cm de lado a lado interior, ancho de la pulsera 0,7mm.<br \/>\nPeso: 20 gr<\/p>\n","protected":false},"excerpt":{"rendered":"<p>Esta pulsera est\u00e1 elaborada en plata 925 y presenta un dise\u00f1o de media ca\u00f1a abierta, con peque\u00f1os puntitos marcados y oxidados que le confieren un relieve particular y un car\u00e1cter \u00fanico.<br \/>\nTalla: 7,5 cm de lado a lado interior, ancho de la pulsera 0,7mm.<br \/>\nPeso: 20gr<\/p>\n","protected":false},"featured_media":3924,"template":"","meta":{"inline_featured_image":false},"product_brand":[],"product_cat":[61],"product_tag":[],"class_list":{"0":"post-3964","1":"product","2":"type-product","3":"status-publish","4":"has-post-thumbnail","6":"product_cat-pulseras","8":"first","9":"outofstock","10":"shipping-taxable","11":"purchasable","12":"product-type-simple","13":"layout-style-1","14":"col-md-4 col-sm-4 col-xs-6","15":"col-lg-3","16":"product-has-gallery","17":"product-style-default"},"yoast_head":"<!-- This site is optimized with the Yoast SEO plugin v27.4 - https:\/\/yoast.com\/product\/yoast-seo-wordpress\/ -->\n<title>Pulsera en plata 925 de media ca\u00f1a abierta - Brut Nature Bijoux<\/title>\n<meta name=\"robots\" content=\"index, follow, max-snippet:-1, max-image-preview:large, max-video-preview:-1\" \/>\n<link rel=\"canonical\" href=\"https:\/\/brutnaturebijoux.com\/es\/producto\/pulsera-en-plata-925-de-media-cana-abierta\/\" \/>\n<meta property=\"og:locale\" content=\"es_ES\" \/>\n<meta property=\"og:type\" content=\"article\" \/>\n<meta property=\"og:title\" content=\"Pulsera en plata 925 de media ca\u00f1a abierta - Brut Nature Bijoux\" \/>\n<meta property=\"og:description\" content=\"Esta pulsera est\u00e1 elaborada en plata 925 y presenta un dise\u00f1o de media ca\u00f1a abierta, con peque\u00f1os puntitos marcados y oxidados que le confieren un relieve particular y un car\u00e1cter \u00fanico. Talla: 7,5 cm de lado a lado interior, ancho de la pulsera 0,7mm. Peso: 20gr\" \/>\n<meta property=\"og:url\" content=\"https:\/\/brutnaturebijoux.com\/es\/producto\/pulsera-en-plata-925-de-media-cana-abierta\/\" \/>\n<meta property=\"og:site_name\" content=\"Brut Nature Bijoux\" \/>\n<meta property=\"article:modified_time\" content=\"2025-09-17T11:56:22+00:00\" \/>\n<meta property=\"og:image\" content=\"https:\/\/brutnaturebijoux.com\/wp-content\/uploads\/2025\/06\/4002a.jpg\" \/>\n\t<meta property=\"og:image:width\" content=\"700\" \/>\n\t<meta property=\"og:image:height\" content=\"700\" \/>\n\t<meta property=\"og:image:type\" content=\"image\/jpeg\" \/>\n<meta name=\"twitter:card\" content=\"summary_large_image\" \/>\n<meta name=\"twitter:label1\" content=\"Tiempo de lectura\" \/>\n\t<meta name=\"twitter:data1\" content=\"1 minuto\" \/>\n<script type=\"application\/ld+json\" class=\"yoast-schema-graph\">{\"@context\":\"https:\\\/\\\/schema.org\",\"@graph\":[{\"@type\":\"WebPage\",\"@id\":\"https:\\\/\\\/brutnaturebijoux.com\\\/es\\\/producto\\\/pulsera-en-plata-925-de-media-cana-abierta\\\/\",\"url\":\"https:\\\/\\\/brutnaturebijoux.com\\\/es\\\/producto\\\/pulsera-en-plata-925-de-media-cana-abierta\\\/\",\"name\":\"Pulsera en plata 925 de media ca\u00f1a abierta - Brut Nature Bijoux\",\"isPartOf\":{\"@id\":\"https:\\\/\\\/brutnaturebijoux.com\\\/#website\"},\"primaryImageOfPage\":{\"@id\":\"https:\\\/\\\/brutnaturebijoux.com\\\/es\\\/producto\\\/pulsera-en-plata-925-de-media-cana-abierta\\\/#primaryimage\"},\"image\":{\"@id\":\"https:\\\/\\\/brutnaturebijoux.com\\\/es\\\/producto\\\/pulsera-en-plata-925-de-media-cana-abierta\\\/#primaryimage\"},\"thumbnailUrl\":\"https:\\\/\\\/brutnaturebijoux.com\\\/wp-content\\\/uploads\\\/2025\\\/06\\\/4002a-e1758810163252.jpg\",\"datePublished\":\"2025-06-04T13:16:31+00:00\",\"dateModified\":\"2025-09-17T11:56:22+00:00\",\"breadcrumb\":{\"@id\":\"https:\\\/\\\/brutnaturebijoux.com\\\/es\\\/producto\\\/pulsera-en-plata-925-de-media-cana-abierta\\\/#breadcrumb\"},\"inLanguage\":\"es\",\"potentialAction\":[{\"@type\":\"ReadAction\",\"target\":[\"https:\\\/\\\/brutnaturebijoux.com\\\/es\\\/producto\\\/pulsera-en-plata-925-de-media-cana-abierta\\\/\"]}]},{\"@type\":\"ImageObject\",\"inLanguage\":\"es\",\"@id\":\"https:\\\/\\\/brutnaturebijoux.com\\\/es\\\/producto\\\/pulsera-en-plata-925-de-media-cana-abierta\\\/#primaryimage\",\"url\":\"https:\\\/\\\/brutnaturebijoux.com\\\/wp-content\\\/uploads\\\/2025\\\/06\\\/4002a-e1758810163252.jpg\",\"contentUrl\":\"https:\\\/\\\/brutnaturebijoux.com\\\/wp-content\\\/uploads\\\/2025\\\/06\\\/4002a-e1758810163252.jpg\",\"width\":300,\"height\":300},{\"@type\":\"BreadcrumbList\",\"@id\":\"https:\\\/\\\/brutnaturebijoux.com\\\/es\\\/producto\\\/pulsera-en-plata-925-de-media-cana-abierta\\\/#breadcrumb\",\"itemListElement\":[{\"@type\":\"ListItem\",\"position\":1,\"name\":\"Portada\",\"item\":\"https:\\\/\\\/brutnaturebijoux.com\\\/es\\\/\"},{\"@type\":\"ListItem\",\"position\":2,\"name\":\"Tienda\",\"item\":\"https:\\\/\\\/brutnaturebijoux.com\\\/boutique\\\/\"},{\"@type\":\"ListItem\",\"position\":3,\"name\":\"Pulsera en plata 925 de media ca\u00f1a abierta\"}]},{\"@type\":\"WebSite\",\"@id\":\"https:\\\/\\\/brutnaturebijoux.com\\\/#website\",\"url\":\"https:\\\/\\\/brutnaturebijoux.com\\\/\",\"name\":\"Brut Nature Bijoux\",\"description\":\"Joyer\u00eda artesanal en plata  gemas\",\"potentialAction\":[{\"@type\":\"SearchAction\",\"target\":{\"@type\":\"EntryPoint\",\"urlTemplate\":\"https:\\\/\\\/brutnaturebijoux.com\\\/?s={search_term_string}\"},\"query-input\":{\"@type\":\"PropertyValueSpecification\",\"valueRequired\":true,\"valueName\":\"search_term_string\"}}],\"inLanguage\":\"es\"}]}<\/script>\n<!-- \/ Yoast SEO plugin. -->","yoast_head_json":{"title":"Pulsera en plata 925 de media ca\u00f1a abierta - Brut Nature Bijoux","robots":{"index":"index","follow":"follow","max-snippet":"max-snippet:-1","max-image-preview":"max-image-preview:large","max-video-preview":"max-video-preview:-1"},"canonical":"https:\/\/brutnaturebijoux.com\/es\/producto\/pulsera-en-plata-925-de-media-cana-abierta\/","og_locale":"es_ES","og_type":"article","og_title":"Pulsera en plata 925 de media ca\u00f1a abierta - Brut Nature Bijoux","og_description":"Esta pulsera est\u00e1 elaborada en plata 925 y presenta un dise\u00f1o de media ca\u00f1a abierta, con peque\u00f1os puntitos marcados y oxidados que le confieren un relieve particular y un car\u00e1cter \u00fanico. Talla: 7,5 cm de lado a lado interior, ancho de la pulsera 0,7mm. Peso: 20gr","og_url":"https:\/\/brutnaturebijoux.com\/es\/producto\/pulsera-en-plata-925-de-media-cana-abierta\/","og_site_name":"Brut Nature Bijoux","article_modified_time":"2025-09-17T11:56:22+00:00","og_image":[{"width":700,"height":700,"url":"https:\/\/brutnaturebijoux.com\/wp-content\/uploads\/2025\/06\/4002a.jpg","type":"image\/jpeg"}],"twitter_card":"summary_large_image","twitter_misc":{"Tiempo de lectura":"1 minuto"},"schema":{"@context":"https:\/\/schema.org","@graph":[{"@type":"WebPage","@id":"https:\/\/brutnaturebijoux.com\/es\/producto\/pulsera-en-plata-925-de-media-cana-abierta\/","url":"https:\/\/brutnaturebijoux.com\/es\/producto\/pulsera-en-plata-925-de-media-cana-abierta\/","name":"Pulsera en plata 925 de media ca\u00f1a abierta - Brut Nature Bijoux","isPartOf":{"@id":"https:\/\/brutnaturebijoux.com\/#website"},"primaryImageOfPage":{"@id":"https:\/\/brutnaturebijoux.com\/es\/producto\/pulsera-en-plata-925-de-media-cana-abierta\/#primaryimage"},"image":{"@id":"https:\/\/brutnaturebijoux.com\/es\/producto\/pulsera-en-plata-925-de-media-cana-abierta\/#primaryimage"},"thumbnailUrl":"https:\/\/brutnaturebijoux.com\/wp-content\/uploads\/2025\/06\/4002a-e1758810163252.jpg","datePublished":"2025-06-04T13:16:31+00:00","dateModified":"2025-09-17T11:56:22+00:00","breadcrumb":{"@id":"https:\/\/brutnaturebijoux.com\/es\/producto\/pulsera-en-plata-925-de-media-cana-abierta\/#breadcrumb"},"inLanguage":"es","potentialAction":[{"@type":"ReadAction","target":["https:\/\/brutnaturebijoux.com\/es\/producto\/pulsera-en-plata-925-de-media-cana-abierta\/"]}]},{"@type":"ImageObject","inLanguage":"es","@id":"https:\/\/brutnaturebijoux.com\/es\/producto\/pulsera-en-plata-925-de-media-cana-abierta\/#primaryimage","url":"https:\/\/brutnaturebijoux.com\/wp-content\/uploads\/2025\/06\/4002a-e1758810163252.jpg","contentUrl":"https:\/\/brutnaturebijoux.com\/wp-content\/uploads\/2025\/06\/4002a-e1758810163252.jpg","width":300,"height":300},{"@type":"BreadcrumbList","@id":"https:\/\/brutnaturebijoux.com\/es\/producto\/pulsera-en-plata-925-de-media-cana-abierta\/#breadcrumb","itemListElement":[{"@type":"ListItem","position":1,"name":"Portada","item":"https:\/\/brutnaturebijoux.com\/es\/"},{"@type":"ListItem","position":2,"name":"Tienda","item":"https:\/\/brutnaturebijoux.com\/boutique\/"},{"@type":"ListItem","position":3,"name":"Pulsera en plata 925 de media ca\u00f1a abierta"}]},{"@type":"WebSite","@id":"https:\/\/brutnaturebijoux.com\/#website","url":"https:\/\/brutnaturebijoux.com\/","name":"Brut Nature Bijoux","description":"Joyer\u00eda artesanal en plata  gemas","potentialAction":[{"@type":"SearchAction","target":{"@type":"EntryPoint","urlTemplate":"https:\/\/brutnaturebijoux.com\/?s={search_term_string}"},"query-input":{"@type":"PropertyValueSpecification","valueRequired":true,"valueName":"search_term_string"}}],"inLanguage":"es"}]}},"_links":{"self":[{"href":"https:\/\/brutnaturebijoux.com\/es\/wp-json\/wp\/v2\/product\/3964","targetHints":{"allow":["GET"]}}],"collection":[{"href":"https:\/\/brutnaturebijoux.com\/es\/wp-json\/wp\/v2\/product"}],"about":[{"href":"https:\/\/brutnaturebijoux.com\/es\/wp-json\/wp\/v2\/types\/product"}],"wp:featuredmedia":[{"embeddable":true,"href":"https:\/\/brutnaturebijoux.com\/es\/wp-json\/wp\/v2\/media\/3924"}],"wp:attachment":[{"href":"https:\/\/brutnaturebijoux.com\/es\/wp-json\/wp\/v2\/media?parent=3964"}],"wp:term":[{"taxonomy":"product_brand","embeddable":true,"href":"https:\/\/brutnaturebijoux.com\/es\/wp-json\/wp\/v2\/product_brand?post=3964"},{"taxonomy":"product_cat","embeddable":true,"href":"https:\/\/brutnaturebijoux.com\/es\/wp-json\/wp\/v2\/product_cat?post=3964"},{"taxonomy":"product_tag","embeddable":true,"href":"https:\/\/brutnaturebijoux.com\/es\/wp-json\/wp\/v2\/product_tag?post=3964"}],"curies":[{"name":"wp","href":"https:\/\/api.w.org\/{rel}","templated":true}]}}