{"id":3902,"date":"2025-06-03T15:28:04","date_gmt":"2025-06-03T13:28:04","guid":{"rendered":"https:\/\/brutnaturebijoux.com\/product\/pendientes-de-plata-925-con-amatista-facetada\/"},"modified":"2025-06-03T15:28:04","modified_gmt":"2025-06-03T13:28:04","slug":"pendientes-de-plata-925-con-amatista-facetada","status":"publish","type":"product","link":"https:\/\/brutnaturebijoux.com\/es\/producto\/pendientes-de-plata-925-con-amatista-facetada\/","title":{"rendered":"Pendientes de plata 925 con amatista facetada"},"content":{"rendered":"<p>Pendientes de plata 925 con amatista facetada, una variedad de cuarzo cristalino de color violeta, cuya tonalidad se debe a la presencia de hierro y la exposici\u00f3n a la radiaci\u00f3n natural. Tradicionalmente, se asocia con la calma, el equilibrio y la claridad mental.<br \/>\nDe la amatista cuelga una peque\u00f1a concha con p\u00e1tina. Las conchas, s\u00edmbolo de protecci\u00f3n y renovaci\u00f3n, han sido utilizadas en diversas culturas como amuletos de viaje y transformaci\u00f3n.<\/p>\n","protected":false},"excerpt":{"rendered":"<p>Pendientes de plata 925 con amatista facetada, una variedad de cuarzo cristalino de color violeta, cuya tonalidad se debe a la presencia de hierro y la exposici\u00f3n a la radiaci\u00f3n natural.<\/p>\n","protected":false},"featured_media":3847,"template":"","meta":{"inline_featured_image":false},"product_brand":[],"product_cat":[64],"product_tag":[],"class_list":{"0":"post-3902","1":"product","2":"type-product","3":"status-publish","4":"has-post-thumbnail","6":"product_cat-pendientes","8":"first","9":"instock","10":"shipping-taxable","11":"purchasable","12":"product-type-simple","13":"layout-style-1","14":"col-md-4 col-sm-4 col-xs-6","15":"col-lg-3","16":"product-has-gallery","17":"product-style-default"},"yoast_head":"<!-- This site is optimized with the Yoast SEO plugin v27.4 - https:\/\/yoast.com\/product\/yoast-seo-wordpress\/ -->\n<title>Pendientes de plata 925 con amatista facetada - Brut Nature Bijoux<\/title>\n<meta name=\"robots\" content=\"index, follow, max-snippet:-1, max-image-preview:large, max-video-preview:-1\" \/>\n<link rel=\"canonical\" href=\"https:\/\/brutnaturebijoux.com\/producto\/boucles-doreilles-en-argent-925-avec-amethyste-facettee\/\" \/>\n<meta property=\"og:locale\" content=\"es_ES\" \/>\n<meta property=\"og:type\" content=\"article\" \/>\n<meta property=\"og:title\" content=\"Pendientes de plata 925 con amatista facetada - Brut Nature Bijoux\" \/>\n<meta property=\"og:description\" content=\"Pendientes de plata 925 con amatista facetada, una variedad de cuarzo cristalino de color violeta, cuya tonalidad se debe a la presencia de hierro y la exposici\u00f3n a la radiaci\u00f3n natural.\" \/>\n<meta property=\"og:url\" content=\"https:\/\/brutnaturebijoux.com\/producto\/boucles-doreilles-en-argent-925-avec-amethyste-facettee\/\" \/>\n<meta property=\"og:site_name\" content=\"Brut Nature Bijoux\" \/>\n<meta property=\"og:image\" content=\"https:\/\/brutnaturebijoux.com\/wp-content\/uploads\/2025\/06\/IMG_7154.jpg\" \/>\n\t<meta property=\"og:image:width\" content=\"700\" \/>\n\t<meta property=\"og:image:height\" content=\"700\" \/>\n\t<meta property=\"og:image:type\" content=\"image\/jpeg\" \/>\n<meta name=\"twitter:card\" content=\"summary_large_image\" \/>\n<script type=\"application\/ld+json\" class=\"yoast-schema-graph\">{\"@context\":\"https:\\\/\\\/schema.org\",\"@graph\":[{\"@type\":\"WebPage\",\"@id\":\"https:\\\/\\\/brutnaturebijoux.com\\\/producto\\\/boucles-doreilles-en-argent-925-avec-amethyste-facettee\\\/\",\"url\":\"https:\\\/\\\/brutnaturebijoux.com\\\/producto\\\/boucles-doreilles-en-argent-925-avec-amethyste-facettee\\\/\",\"name\":\"Pendientes de plata 925 con amatista facetada - Brut Nature Bijoux\",\"isPartOf\":{\"@id\":\"https:\\\/\\\/brutnaturebijoux.com\\\/#website\"},\"primaryImageOfPage\":{\"@id\":\"https:\\\/\\\/brutnaturebijoux.com\\\/producto\\\/boucles-doreilles-en-argent-925-avec-amethyste-facettee\\\/#primaryimage\"},\"image\":{\"@id\":\"https:\\\/\\\/brutnaturebijoux.com\\\/producto\\\/boucles-doreilles-en-argent-925-avec-amethyste-facettee\\\/#primaryimage\"},\"thumbnailUrl\":\"https:\\\/\\\/brutnaturebijoux.com\\\/wp-content\\\/uploads\\\/2025\\\/06\\\/IMG_7154.jpg\",\"datePublished\":\"2025-06-03T13:28:04+00:00\",\"breadcrumb\":{\"@id\":\"https:\\\/\\\/brutnaturebijoux.com\\\/producto\\\/boucles-doreilles-en-argent-925-avec-amethyste-facettee\\\/#breadcrumb\"},\"inLanguage\":\"es\",\"potentialAction\":[{\"@type\":\"ReadAction\",\"target\":[\"https:\\\/\\\/brutnaturebijoux.com\\\/producto\\\/boucles-doreilles-en-argent-925-avec-amethyste-facettee\\\/\"]}]},{\"@type\":\"ImageObject\",\"inLanguage\":\"es\",\"@id\":\"https:\\\/\\\/brutnaturebijoux.com\\\/producto\\\/boucles-doreilles-en-argent-925-avec-amethyste-facettee\\\/#primaryimage\",\"url\":\"https:\\\/\\\/brutnaturebijoux.com\\\/wp-content\\\/uploads\\\/2025\\\/06\\\/IMG_7154.jpg\",\"contentUrl\":\"https:\\\/\\\/brutnaturebijoux.com\\\/wp-content\\\/uploads\\\/2025\\\/06\\\/IMG_7154.jpg\",\"width\":700,\"height\":700},{\"@type\":\"BreadcrumbList\",\"@id\":\"https:\\\/\\\/brutnaturebijoux.com\\\/producto\\\/boucles-doreilles-en-argent-925-avec-amethyste-facettee\\\/#breadcrumb\",\"itemListElement\":[{\"@type\":\"ListItem\",\"position\":1,\"name\":\"Portada\",\"item\":\"https:\\\/\\\/brutnaturebijoux.com\\\/es\\\/\"},{\"@type\":\"ListItem\",\"position\":2,\"name\":\"Tienda\",\"item\":\"https:\\\/\\\/brutnaturebijoux.com\\\/boutique\\\/\"},{\"@type\":\"ListItem\",\"position\":3,\"name\":\"Pendientes de plata 925 con amatista facetada\"}]},{\"@type\":\"WebSite\",\"@id\":\"https:\\\/\\\/brutnaturebijoux.com\\\/#website\",\"url\":\"https:\\\/\\\/brutnaturebijoux.com\\\/\",\"name\":\"Brut Nature Bijoux\",\"description\":\"Joyer\u00eda artesanal en plata  gemas\",\"potentialAction\":[{\"@type\":\"SearchAction\",\"target\":{\"@type\":\"EntryPoint\",\"urlTemplate\":\"https:\\\/\\\/brutnaturebijoux.com\\\/?s={search_term_string}\"},\"query-input\":{\"@type\":\"PropertyValueSpecification\",\"valueRequired\":true,\"valueName\":\"search_term_string\"}}],\"inLanguage\":\"es\"}]}<\/script>\n<!-- \/ Yoast SEO plugin. -->","yoast_head_json":{"title":"Pendientes de plata 925 con amatista facetada - Brut Nature Bijoux","robots":{"index":"index","follow":"follow","max-snippet":"max-snippet:-1","max-image-preview":"max-image-preview:large","max-video-preview":"max-video-preview:-1"},"canonical":"https:\/\/brutnaturebijoux.com\/producto\/boucles-doreilles-en-argent-925-avec-amethyste-facettee\/","og_locale":"es_ES","og_type":"article","og_title":"Pendientes de plata 925 con amatista facetada - Brut Nature Bijoux","og_description":"Pendientes de plata 925 con amatista facetada, una variedad de cuarzo cristalino de color violeta, cuya tonalidad se debe a la presencia de hierro y la exposici\u00f3n a la radiaci\u00f3n natural.","og_url":"https:\/\/brutnaturebijoux.com\/producto\/boucles-doreilles-en-argent-925-avec-amethyste-facettee\/","og_site_name":"Brut Nature Bijoux","og_image":[{"width":700,"height":700,"url":"https:\/\/brutnaturebijoux.com\/wp-content\/uploads\/2025\/06\/IMG_7154.jpg","type":"image\/jpeg"}],"twitter_card":"summary_large_image","schema":{"@context":"https:\/\/schema.org","@graph":[{"@type":"WebPage","@id":"https:\/\/brutnaturebijoux.com\/producto\/boucles-doreilles-en-argent-925-avec-amethyste-facettee\/","url":"https:\/\/brutnaturebijoux.com\/producto\/boucles-doreilles-en-argent-925-avec-amethyste-facettee\/","name":"Pendientes de plata 925 con amatista facetada - Brut Nature Bijoux","isPartOf":{"@id":"https:\/\/brutnaturebijoux.com\/#website"},"primaryImageOfPage":{"@id":"https:\/\/brutnaturebijoux.com\/producto\/boucles-doreilles-en-argent-925-avec-amethyste-facettee\/#primaryimage"},"image":{"@id":"https:\/\/brutnaturebijoux.com\/producto\/boucles-doreilles-en-argent-925-avec-amethyste-facettee\/#primaryimage"},"thumbnailUrl":"https:\/\/brutnaturebijoux.com\/wp-content\/uploads\/2025\/06\/IMG_7154.jpg","datePublished":"2025-06-03T13:28:04+00:00","breadcrumb":{"@id":"https:\/\/brutnaturebijoux.com\/producto\/boucles-doreilles-en-argent-925-avec-amethyste-facettee\/#breadcrumb"},"inLanguage":"es","potentialAction":[{"@type":"ReadAction","target":["https:\/\/brutnaturebijoux.com\/producto\/boucles-doreilles-en-argent-925-avec-amethyste-facettee\/"]}]},{"@type":"ImageObject","inLanguage":"es","@id":"https:\/\/brutnaturebijoux.com\/producto\/boucles-doreilles-en-argent-925-avec-amethyste-facettee\/#primaryimage","url":"https:\/\/brutnaturebijoux.com\/wp-content\/uploads\/2025\/06\/IMG_7154.jpg","contentUrl":"https:\/\/brutnaturebijoux.com\/wp-content\/uploads\/2025\/06\/IMG_7154.jpg","width":700,"height":700},{"@type":"BreadcrumbList","@id":"https:\/\/brutnaturebijoux.com\/producto\/boucles-doreilles-en-argent-925-avec-amethyste-facettee\/#breadcrumb","itemListElement":[{"@type":"ListItem","position":1,"name":"Portada","item":"https:\/\/brutnaturebijoux.com\/es\/"},{"@type":"ListItem","position":2,"name":"Tienda","item":"https:\/\/brutnaturebijoux.com\/boutique\/"},{"@type":"ListItem","position":3,"name":"Pendientes de plata 925 con amatista facetada"}]},{"@type":"WebSite","@id":"https:\/\/brutnaturebijoux.com\/#website","url":"https:\/\/brutnaturebijoux.com\/","name":"Brut Nature Bijoux","description":"Joyer\u00eda artesanal en plata  gemas","potentialAction":[{"@type":"SearchAction","target":{"@type":"EntryPoint","urlTemplate":"https:\/\/brutnaturebijoux.com\/?s={search_term_string}"},"query-input":{"@type":"PropertyValueSpecification","valueRequired":true,"valueName":"search_term_string"}}],"inLanguage":"es"}]}},"_links":{"self":[{"href":"https:\/\/brutnaturebijoux.com\/es\/wp-json\/wp\/v2\/product\/3902","targetHints":{"allow":["GET"]}}],"collection":[{"href":"https:\/\/brutnaturebijoux.com\/es\/wp-json\/wp\/v2\/product"}],"about":[{"href":"https:\/\/brutnaturebijoux.com\/es\/wp-json\/wp\/v2\/types\/product"}],"wp:featuredmedia":[{"embeddable":true,"href":"https:\/\/brutnaturebijoux.com\/es\/wp-json\/wp\/v2\/media\/3847"}],"wp:attachment":[{"href":"https:\/\/brutnaturebijoux.com\/es\/wp-json\/wp\/v2\/media?parent=3902"}],"wp:term":[{"taxonomy":"product_brand","embeddable":true,"href":"https:\/\/brutnaturebijoux.com\/es\/wp-json\/wp\/v2\/product_brand?post=3902"},{"taxonomy":"product_cat","embeddable":true,"href":"https:\/\/brutnaturebijoux.com\/es\/wp-json\/wp\/v2\/product_cat?post=3902"},{"taxonomy":"product_tag","embeddable":true,"href":"https:\/\/brutnaturebijoux.com\/es\/wp-json\/wp\/v2\/product_tag?post=3902"}],"curies":[{"name":"wp","href":"https:\/\/api.w.org\/{rel}","templated":true}]}}