{"id":3901,"date":"2025-06-03T15:28:04","date_gmt":"2025-06-03T13:28:04","guid":{"rendered":"https:\/\/brutnaturebijoux.com\/product\/pendientes-con-raiz-de-esmeralda-facetada-y-hoja-de-malva-en-plata-925\/"},"modified":"2025-09-17T14:09:13","modified_gmt":"2025-09-17T12:09:13","slug":"pendientes-con-raiz-de-esmeralda-facetada-y-hoja-de-malva-en-plata-925","status":"publish","type":"product","link":"https:\/\/brutnaturebijoux.com\/es\/producto\/pendientes-con-raiz-de-esmeralda-facetada-y-hoja-de-malva-en-plata-925\/","title":{"rendered":"Pendientes con Ra\u00edz de Esmeralda Facetada y Hoja de Malva en Plata 925"},"content":{"rendered":"<p>Pendientes con Ra\u00edz de Esmeralda Facetada y Hoja de Malva en Plata 925<br \/>\nEstos pendientes presentan una peque\u00f1a piedra facetada de ra\u00edz de esmeralda engastada en una montura simple de plata 925. De la piedra sale una hoja de malva que cuelga y se balancea con el movimiento, a\u00f1adiendo un toque din\u00e1mico y natural a la pieza. La hoja ha sido tratada con un proceso de oxidaci\u00f3n especial que le proporciona relieve y realza sus detalles. La ra\u00edz de esmeralda, una variedad de cuarzo con inclusiones de actinolita, es conocida por su tono verde profundo y su aspecto \u00fanico, que recuerda a las ra\u00edces de un \u00e1rbol. Su composici\u00f3n qu\u00edmica es principalmente de di\u00f3xido de silicio, y se forma en ambientes ricos en minerales. Es apreciada por su belleza y su conexi\u00f3n simb\u00f3lica con la naturaleza. A la ra\u00edz de esmeralda se le atribuyen propiedades como el fomento de la claridad mental, la ayuda en la toma de decisiones y la promoci\u00f3n de la creatividad. Tambi\u00e9n se dice que es una piedra que inspira paciencia y perseverancia, ayudando a superar obst\u00e1culos con determinaci\u00f3n.<br \/>\nLa hoja de malva, una planta conocida por sus propiedades calmantes y su uso tradicional en infusiones para aliviar tensiones, simboliza la suavidad y la protecci\u00f3n. Este dise\u00f1o combina la elegancia de la ra\u00edz de esmeralda con el simbolismo natural de la hoja de malva, creando una pieza que evoca serenidad, inspiraci\u00f3n y conexi\u00f3n con la naturaleza.<\/p>\n","protected":false},"excerpt":{"rendered":"<p>Estos pendientes presentan una peque\u00f1a piedra facetada de ra\u00edz de esmeralda engastada en una montura simple de plata 925. De la piedra sale una hoja de malva que cuelga y se balancea con el movimiento, a\u00f1adiendo un toque din\u00e1mico y natural a la pieza. La hoja ha sido tratada con un proceso de oxidaci\u00f3n especial que le proporciona relieve y realza sus detalles.<\/p>\n","protected":false},"featured_media":3841,"template":"","meta":{"inline_featured_image":false},"product_brand":[],"product_cat":[64],"product_tag":[],"class_list":{"0":"post-3901","1":"product","2":"type-product","3":"status-publish","4":"has-post-thumbnail","6":"product_cat-pendientes","8":"first","9":"outofstock","10":"shipping-taxable","11":"purchasable","12":"product-type-simple","13":"layout-style-1","14":"col-md-4 col-sm-4 col-xs-6","15":"col-lg-3","16":"product-has-gallery","17":"product-style-default"},"yoast_head":"<!-- This site is optimized with the Yoast SEO plugin v27.4 - https:\/\/yoast.com\/product\/yoast-seo-wordpress\/ -->\n<title>Pendientes con Ra\u00edz de Esmeralda Facetada y Hoja de Malva en Plata 925 - Brut Nature Bijoux<\/title>\n<meta name=\"robots\" content=\"index, follow, max-snippet:-1, max-image-preview:large, max-video-preview:-1\" \/>\n<link rel=\"canonical\" href=\"https:\/\/brutnaturebijoux.com\/es\/producto\/pendientes-con-raiz-de-esmeralda-facetada-y-hoja-de-malva-en-plata-925\/\" \/>\n<meta property=\"og:locale\" content=\"es_ES\" \/>\n<meta property=\"og:type\" content=\"article\" \/>\n<meta property=\"og:title\" content=\"Pendientes con Ra\u00edz de Esmeralda Facetada y Hoja de Malva en Plata 925 - Brut Nature Bijoux\" \/>\n<meta property=\"og:description\" content=\"Estos pendientes presentan una peque\u00f1a piedra facetada de ra\u00edz de esmeralda engastada en una montura simple de plata 925. De la piedra sale una hoja de malva que cuelga y se balancea con el movimiento, a\u00f1adiendo un toque din\u00e1mico y natural a la pieza. La hoja ha sido tratada con un proceso de oxidaci\u00f3n especial que le proporciona relieve y realza sus detalles.\" \/>\n<meta property=\"og:url\" content=\"https:\/\/brutnaturebijoux.com\/es\/producto\/pendientes-con-raiz-de-esmeralda-facetada-y-hoja-de-malva-en-plata-925\/\" \/>\n<meta property=\"og:site_name\" content=\"Brut Nature Bijoux\" \/>\n<meta property=\"article:modified_time\" content=\"2025-09-17T12:09:13+00:00\" \/>\n<meta property=\"og:image\" content=\"https:\/\/brutnaturebijoux.com\/wp-content\/uploads\/2025\/06\/IMG_7150.jpg\" \/>\n\t<meta property=\"og:image:width\" content=\"700\" \/>\n\t<meta property=\"og:image:height\" content=\"700\" \/>\n\t<meta property=\"og:image:type\" content=\"image\/jpeg\" \/>\n<meta name=\"twitter:card\" content=\"summary_large_image\" \/>\n<meta name=\"twitter:label1\" content=\"Tiempo de lectura\" \/>\n\t<meta name=\"twitter:data1\" content=\"2 minutos\" \/>\n<script type=\"application\/ld+json\" class=\"yoast-schema-graph\">{\"@context\":\"https:\\\/\\\/schema.org\",\"@graph\":[{\"@type\":\"WebPage\",\"@id\":\"https:\\\/\\\/brutnaturebijoux.com\\\/es\\\/producto\\\/pendientes-con-raiz-de-esmeralda-facetada-y-hoja-de-malva-en-plata-925\\\/\",\"url\":\"https:\\\/\\\/brutnaturebijoux.com\\\/es\\\/producto\\\/pendientes-con-raiz-de-esmeralda-facetada-y-hoja-de-malva-en-plata-925\\\/\",\"name\":\"Pendientes con Ra\u00edz de Esmeralda Facetada y Hoja de Malva en Plata 925 - Brut Nature Bijoux\",\"isPartOf\":{\"@id\":\"https:\\\/\\\/brutnaturebijoux.com\\\/#website\"},\"primaryImageOfPage\":{\"@id\":\"https:\\\/\\\/brutnaturebijoux.com\\\/es\\\/producto\\\/pendientes-con-raiz-de-esmeralda-facetada-y-hoja-de-malva-en-plata-925\\\/#primaryimage\"},\"image\":{\"@id\":\"https:\\\/\\\/brutnaturebijoux.com\\\/es\\\/producto\\\/pendientes-con-raiz-de-esmeralda-facetada-y-hoja-de-malva-en-plata-925\\\/#primaryimage\"},\"thumbnailUrl\":\"https:\\\/\\\/brutnaturebijoux.com\\\/wp-content\\\/uploads\\\/2025\\\/06\\\/IMG_7150.jpg\",\"datePublished\":\"2025-06-03T13:28:04+00:00\",\"dateModified\":\"2025-09-17T12:09:13+00:00\",\"breadcrumb\":{\"@id\":\"https:\\\/\\\/brutnaturebijoux.com\\\/es\\\/producto\\\/pendientes-con-raiz-de-esmeralda-facetada-y-hoja-de-malva-en-plata-925\\\/#breadcrumb\"},\"inLanguage\":\"es\",\"potentialAction\":[{\"@type\":\"ReadAction\",\"target\":[\"https:\\\/\\\/brutnaturebijoux.com\\\/es\\\/producto\\\/pendientes-con-raiz-de-esmeralda-facetada-y-hoja-de-malva-en-plata-925\\\/\"]}]},{\"@type\":\"ImageObject\",\"inLanguage\":\"es\",\"@id\":\"https:\\\/\\\/brutnaturebijoux.com\\\/es\\\/producto\\\/pendientes-con-raiz-de-esmeralda-facetada-y-hoja-de-malva-en-plata-925\\\/#primaryimage\",\"url\":\"https:\\\/\\\/brutnaturebijoux.com\\\/wp-content\\\/uploads\\\/2025\\\/06\\\/IMG_7150.jpg\",\"contentUrl\":\"https:\\\/\\\/brutnaturebijoux.com\\\/wp-content\\\/uploads\\\/2025\\\/06\\\/IMG_7150.jpg\",\"width\":700,\"height\":700},{\"@type\":\"BreadcrumbList\",\"@id\":\"https:\\\/\\\/brutnaturebijoux.com\\\/es\\\/producto\\\/pendientes-con-raiz-de-esmeralda-facetada-y-hoja-de-malva-en-plata-925\\\/#breadcrumb\",\"itemListElement\":[{\"@type\":\"ListItem\",\"position\":1,\"name\":\"Portada\",\"item\":\"https:\\\/\\\/brutnaturebijoux.com\\\/es\\\/\"},{\"@type\":\"ListItem\",\"position\":2,\"name\":\"Tienda\",\"item\":\"https:\\\/\\\/brutnaturebijoux.com\\\/boutique\\\/\"},{\"@type\":\"ListItem\",\"position\":3,\"name\":\"Pendientes con Ra\u00edz de Esmeralda Facetada y Hoja de Malva en Plata 925\"}]},{\"@type\":\"WebSite\",\"@id\":\"https:\\\/\\\/brutnaturebijoux.com\\\/#website\",\"url\":\"https:\\\/\\\/brutnaturebijoux.com\\\/\",\"name\":\"Brut Nature Bijoux\",\"description\":\"Joyer\u00eda artesanal en plata  gemas\",\"potentialAction\":[{\"@type\":\"SearchAction\",\"target\":{\"@type\":\"EntryPoint\",\"urlTemplate\":\"https:\\\/\\\/brutnaturebijoux.com\\\/?s={search_term_string}\"},\"query-input\":{\"@type\":\"PropertyValueSpecification\",\"valueRequired\":true,\"valueName\":\"search_term_string\"}}],\"inLanguage\":\"es\"}]}<\/script>\n<!-- \/ Yoast SEO plugin. -->","yoast_head_json":{"title":"Pendientes con Ra\u00edz de Esmeralda Facetada y Hoja de Malva en Plata 925 - Brut Nature Bijoux","robots":{"index":"index","follow":"follow","max-snippet":"max-snippet:-1","max-image-preview":"max-image-preview:large","max-video-preview":"max-video-preview:-1"},"canonical":"https:\/\/brutnaturebijoux.com\/es\/producto\/pendientes-con-raiz-de-esmeralda-facetada-y-hoja-de-malva-en-plata-925\/","og_locale":"es_ES","og_type":"article","og_title":"Pendientes con Ra\u00edz de Esmeralda Facetada y Hoja de Malva en Plata 925 - Brut Nature Bijoux","og_description":"Estos pendientes presentan una peque\u00f1a piedra facetada de ra\u00edz de esmeralda engastada en una montura simple de plata 925. De la piedra sale una hoja de malva que cuelga y se balancea con el movimiento, a\u00f1adiendo un toque din\u00e1mico y natural a la pieza. La hoja ha sido tratada con un proceso de oxidaci\u00f3n especial que le proporciona relieve y realza sus detalles.","og_url":"https:\/\/brutnaturebijoux.com\/es\/producto\/pendientes-con-raiz-de-esmeralda-facetada-y-hoja-de-malva-en-plata-925\/","og_site_name":"Brut Nature Bijoux","article_modified_time":"2025-09-17T12:09:13+00:00","og_image":[{"width":700,"height":700,"url":"https:\/\/brutnaturebijoux.com\/wp-content\/uploads\/2025\/06\/IMG_7150.jpg","type":"image\/jpeg"}],"twitter_card":"summary_large_image","twitter_misc":{"Tiempo de lectura":"2 minutos"},"schema":{"@context":"https:\/\/schema.org","@graph":[{"@type":"WebPage","@id":"https:\/\/brutnaturebijoux.com\/es\/producto\/pendientes-con-raiz-de-esmeralda-facetada-y-hoja-de-malva-en-plata-925\/","url":"https:\/\/brutnaturebijoux.com\/es\/producto\/pendientes-con-raiz-de-esmeralda-facetada-y-hoja-de-malva-en-plata-925\/","name":"Pendientes con Ra\u00edz de Esmeralda Facetada y Hoja de Malva en Plata 925 - Brut Nature Bijoux","isPartOf":{"@id":"https:\/\/brutnaturebijoux.com\/#website"},"primaryImageOfPage":{"@id":"https:\/\/brutnaturebijoux.com\/es\/producto\/pendientes-con-raiz-de-esmeralda-facetada-y-hoja-de-malva-en-plata-925\/#primaryimage"},"image":{"@id":"https:\/\/brutnaturebijoux.com\/es\/producto\/pendientes-con-raiz-de-esmeralda-facetada-y-hoja-de-malva-en-plata-925\/#primaryimage"},"thumbnailUrl":"https:\/\/brutnaturebijoux.com\/wp-content\/uploads\/2025\/06\/IMG_7150.jpg","datePublished":"2025-06-03T13:28:04+00:00","dateModified":"2025-09-17T12:09:13+00:00","breadcrumb":{"@id":"https:\/\/brutnaturebijoux.com\/es\/producto\/pendientes-con-raiz-de-esmeralda-facetada-y-hoja-de-malva-en-plata-925\/#breadcrumb"},"inLanguage":"es","potentialAction":[{"@type":"ReadAction","target":["https:\/\/brutnaturebijoux.com\/es\/producto\/pendientes-con-raiz-de-esmeralda-facetada-y-hoja-de-malva-en-plata-925\/"]}]},{"@type":"ImageObject","inLanguage":"es","@id":"https:\/\/brutnaturebijoux.com\/es\/producto\/pendientes-con-raiz-de-esmeralda-facetada-y-hoja-de-malva-en-plata-925\/#primaryimage","url":"https:\/\/brutnaturebijoux.com\/wp-content\/uploads\/2025\/06\/IMG_7150.jpg","contentUrl":"https:\/\/brutnaturebijoux.com\/wp-content\/uploads\/2025\/06\/IMG_7150.jpg","width":700,"height":700},{"@type":"BreadcrumbList","@id":"https:\/\/brutnaturebijoux.com\/es\/producto\/pendientes-con-raiz-de-esmeralda-facetada-y-hoja-de-malva-en-plata-925\/#breadcrumb","itemListElement":[{"@type":"ListItem","position":1,"name":"Portada","item":"https:\/\/brutnaturebijoux.com\/es\/"},{"@type":"ListItem","position":2,"name":"Tienda","item":"https:\/\/brutnaturebijoux.com\/boutique\/"},{"@type":"ListItem","position":3,"name":"Pendientes con Ra\u00edz de Esmeralda Facetada y Hoja de Malva en Plata 925"}]},{"@type":"WebSite","@id":"https:\/\/brutnaturebijoux.com\/#website","url":"https:\/\/brutnaturebijoux.com\/","name":"Brut Nature Bijoux","description":"Joyer\u00eda artesanal en plata  gemas","potentialAction":[{"@type":"SearchAction","target":{"@type":"EntryPoint","urlTemplate":"https:\/\/brutnaturebijoux.com\/?s={search_term_string}"},"query-input":{"@type":"PropertyValueSpecification","valueRequired":true,"valueName":"search_term_string"}}],"inLanguage":"es"}]}},"_links":{"self":[{"href":"https:\/\/brutnaturebijoux.com\/es\/wp-json\/wp\/v2\/product\/3901","targetHints":{"allow":["GET"]}}],"collection":[{"href":"https:\/\/brutnaturebijoux.com\/es\/wp-json\/wp\/v2\/product"}],"about":[{"href":"https:\/\/brutnaturebijoux.com\/es\/wp-json\/wp\/v2\/types\/product"}],"wp:featuredmedia":[{"embeddable":true,"href":"https:\/\/brutnaturebijoux.com\/es\/wp-json\/wp\/v2\/media\/3841"}],"wp:attachment":[{"href":"https:\/\/brutnaturebijoux.com\/es\/wp-json\/wp\/v2\/media?parent=3901"}],"wp:term":[{"taxonomy":"product_brand","embeddable":true,"href":"https:\/\/brutnaturebijoux.com\/es\/wp-json\/wp\/v2\/product_brand?post=3901"},{"taxonomy":"product_cat","embeddable":true,"href":"https:\/\/brutnaturebijoux.com\/es\/wp-json\/wp\/v2\/product_cat?post=3901"},{"taxonomy":"product_tag","embeddable":true,"href":"https:\/\/brutnaturebijoux.com\/es\/wp-json\/wp\/v2\/product_tag?post=3901"}],"curies":[{"name":"wp","href":"https:\/\/api.w.org\/{rel}","templated":true}]}}