{"id":3799,"date":"2025-06-02T15:27:55","date_gmt":"2025-06-02T13:27:55","guid":{"rendered":"https:\/\/brutnaturebijoux.com\/product\/collar-con-montura-simple-de-piedra-oval-cuarzo-turmalinado-de-5-x-3-cm\/"},"modified":"2025-06-02T18:19:33","modified_gmt":"2025-06-02T16:19:33","slug":"collar-con-montura-simple-de-piedra-oval-cuarzo-turmalinado-de-5-x-3-cm","status":"publish","type":"product","link":"https:\/\/brutnaturebijoux.com\/es\/producto\/collar-con-montura-simple-de-piedra-oval-cuarzo-turmalinado-de-5-x-3-cm\/","title":{"rendered":"Collar con montura simple de piedra oval Cuarzo Turmalinado de 5 x 3 cm"},"content":{"rendered":"<p>Collar con montura simple de piedra oval Cuarzo Turmalinado de 5 x 3 cm<br \/>\nEste collar presenta una piedra oval de Cuarzo Turmalinado de 5 x 3 cm, engastada en una montura simple de plata 925. El Cuarzo Turmalinado es una variedad de cuarzo que se forma cuando cristales de turmalina negra crecen dentro de un cuarzo transparente o blanco, creando inclusiones naturales que le dan su aspecto \u00fanico. Este proceso ocurre en condiciones geol\u00f3gicas espec\u00edficas, donde ambos minerales coexisten y se combinan durante su formaci\u00f3n, resultando en una piedra que combina las propiedades del cuarzo y la turmalina.<br \/>\nEl Cuarzo Turmalinado es conocido por ser una piedra de protecci\u00f3n y transformaci\u00f3n. Esta piedra tambi\u00e9n fortalece la capacidad de superar obst\u00e1culos, especialmente en momentos de cambio o transici\u00f3n. Otra de sus cualidades destacadas es su capacidad para armonizar energ\u00edas opuestas, ayudando a encontrar un punto de equilibrio entre los dos.<\/p>\n","protected":false},"excerpt":{"rendered":"<p>Este collar presenta una piedra oval de Cuarzo Turmalinado de 5 x 3 cm, engastada en una montura simple de plata 925. El Cuarzo Turmalinado es una variedad de cuarzo que se forma cuando cristales de turmalina negra crecen dentro de un cuarzo transparente o blanco, creando inclusiones naturales que le dan su aspecto \u00fanico.<\/p>\n","protected":false},"featured_media":3823,"template":"","meta":{"inline_featured_image":false},"product_brand":[],"product_cat":[62],"product_tag":[],"class_list":{"0":"post-3799","1":"product","2":"type-product","3":"status-publish","4":"has-post-thumbnail","6":"product_cat-collares","8":"first","9":"instock","10":"shipping-taxable","11":"purchasable","12":"product-type-simple","13":"layout-style-1","14":"col-md-4 col-sm-4 col-xs-6","15":"col-lg-3","16":"product-has-gallery","17":"product-style-default"},"yoast_head":"<!-- This site is optimized with the Yoast SEO plugin v27.4 - https:\/\/yoast.com\/product\/yoast-seo-wordpress\/ -->\n<title>Collar con montura simple de piedra oval Cuarzo Turmalinado de 5 x 3 cm - Brut Nature Bijoux<\/title>\n<meta name=\"robots\" content=\"index, follow, max-snippet:-1, max-image-preview:large, max-video-preview:-1\" \/>\n<link rel=\"canonical\" href=\"https:\/\/brutnaturebijoux.com\/producto\/collier-avec-monture-simple-en-pierre-ovale-de-quartz-tourmaline-de-5-x-3-cm\/\" \/>\n<meta property=\"og:locale\" content=\"es_ES\" \/>\n<meta property=\"og:type\" content=\"article\" \/>\n<meta property=\"og:title\" content=\"Collar con montura simple de piedra oval Cuarzo Turmalinado de 5 x 3 cm - Brut Nature Bijoux\" \/>\n<meta property=\"og:description\" content=\"Este collar presenta una piedra oval de Cuarzo Turmalinado de 5 x 3 cm, engastada en una montura simple de plata 925. El Cuarzo Turmalinado es una variedad de cuarzo que se forma cuando cristales de turmalina negra crecen dentro de un cuarzo transparente o blanco, creando inclusiones naturales que le dan su aspecto \u00fanico.\" \/>\n<meta property=\"og:url\" content=\"https:\/\/brutnaturebijoux.com\/producto\/collier-avec-monture-simple-en-pierre-ovale-de-quartz-tourmaline-de-5-x-3-cm\/\" \/>\n<meta property=\"og:site_name\" content=\"Brut Nature Bijoux\" \/>\n<meta property=\"article:modified_time\" content=\"2025-06-02T16:19:33+00:00\" \/>\n<meta property=\"og:image\" content=\"https:\/\/brutnaturebijoux.com\/wp-content\/uploads\/2025\/06\/2019fe-1.jpg\" \/>\n\t<meta property=\"og:image:width\" content=\"700\" \/>\n\t<meta property=\"og:image:height\" content=\"700\" \/>\n\t<meta property=\"og:image:type\" content=\"image\/jpeg\" \/>\n<meta name=\"twitter:card\" content=\"summary_large_image\" \/>\n<meta name=\"twitter:label1\" content=\"Tiempo de lectura\" \/>\n\t<meta name=\"twitter:data1\" content=\"1 minuto\" \/>\n<script type=\"application\/ld+json\" class=\"yoast-schema-graph\">{\"@context\":\"https:\\\/\\\/schema.org\",\"@graph\":[{\"@type\":\"WebPage\",\"@id\":\"https:\\\/\\\/brutnaturebijoux.com\\\/producto\\\/collier-avec-monture-simple-en-pierre-ovale-de-quartz-tourmaline-de-5-x-3-cm\\\/\",\"url\":\"https:\\\/\\\/brutnaturebijoux.com\\\/producto\\\/collier-avec-monture-simple-en-pierre-ovale-de-quartz-tourmaline-de-5-x-3-cm\\\/\",\"name\":\"Collar con montura simple de piedra oval Cuarzo Turmalinado de 5 x 3 cm - Brut Nature Bijoux\",\"isPartOf\":{\"@id\":\"https:\\\/\\\/brutnaturebijoux.com\\\/#website\"},\"primaryImageOfPage\":{\"@id\":\"https:\\\/\\\/brutnaturebijoux.com\\\/producto\\\/collier-avec-monture-simple-en-pierre-ovale-de-quartz-tourmaline-de-5-x-3-cm\\\/#primaryimage\"},\"image\":{\"@id\":\"https:\\\/\\\/brutnaturebijoux.com\\\/producto\\\/collier-avec-monture-simple-en-pierre-ovale-de-quartz-tourmaline-de-5-x-3-cm\\\/#primaryimage\"},\"thumbnailUrl\":\"https:\\\/\\\/brutnaturebijoux.com\\\/wp-content\\\/uploads\\\/2025\\\/06\\\/2019fe-1.jpg\",\"datePublished\":\"2025-06-02T13:27:55+00:00\",\"dateModified\":\"2025-06-02T16:19:33+00:00\",\"breadcrumb\":{\"@id\":\"https:\\\/\\\/brutnaturebijoux.com\\\/producto\\\/collier-avec-monture-simple-en-pierre-ovale-de-quartz-tourmaline-de-5-x-3-cm\\\/#breadcrumb\"},\"inLanguage\":\"es\",\"potentialAction\":[{\"@type\":\"ReadAction\",\"target\":[\"https:\\\/\\\/brutnaturebijoux.com\\\/producto\\\/collier-avec-monture-simple-en-pierre-ovale-de-quartz-tourmaline-de-5-x-3-cm\\\/\"]}]},{\"@type\":\"ImageObject\",\"inLanguage\":\"es\",\"@id\":\"https:\\\/\\\/brutnaturebijoux.com\\\/producto\\\/collier-avec-monture-simple-en-pierre-ovale-de-quartz-tourmaline-de-5-x-3-cm\\\/#primaryimage\",\"url\":\"https:\\\/\\\/brutnaturebijoux.com\\\/wp-content\\\/uploads\\\/2025\\\/06\\\/2019fe-1.jpg\",\"contentUrl\":\"https:\\\/\\\/brutnaturebijoux.com\\\/wp-content\\\/uploads\\\/2025\\\/06\\\/2019fe-1.jpg\",\"width\":700,\"height\":700},{\"@type\":\"BreadcrumbList\",\"@id\":\"https:\\\/\\\/brutnaturebijoux.com\\\/producto\\\/collier-avec-monture-simple-en-pierre-ovale-de-quartz-tourmaline-de-5-x-3-cm\\\/#breadcrumb\",\"itemListElement\":[{\"@type\":\"ListItem\",\"position\":1,\"name\":\"Portada\",\"item\":\"https:\\\/\\\/brutnaturebijoux.com\\\/es\\\/\"},{\"@type\":\"ListItem\",\"position\":2,\"name\":\"Tienda\",\"item\":\"https:\\\/\\\/brutnaturebijoux.com\\\/boutique\\\/\"},{\"@type\":\"ListItem\",\"position\":3,\"name\":\"Collar con montura simple de piedra oval Cuarzo Turmalinado de 5 x 3 cm\"}]},{\"@type\":\"WebSite\",\"@id\":\"https:\\\/\\\/brutnaturebijoux.com\\\/#website\",\"url\":\"https:\\\/\\\/brutnaturebijoux.com\\\/\",\"name\":\"Brut Nature Bijoux\",\"description\":\"Joyer\u00eda artesanal en plata  gemas\",\"potentialAction\":[{\"@type\":\"SearchAction\",\"target\":{\"@type\":\"EntryPoint\",\"urlTemplate\":\"https:\\\/\\\/brutnaturebijoux.com\\\/?s={search_term_string}\"},\"query-input\":{\"@type\":\"PropertyValueSpecification\",\"valueRequired\":true,\"valueName\":\"search_term_string\"}}],\"inLanguage\":\"es\"}]}<\/script>\n<!-- \/ Yoast SEO plugin. -->","yoast_head_json":{"title":"Collar con montura simple de piedra oval Cuarzo Turmalinado de 5 x 3 cm - Brut Nature Bijoux","robots":{"index":"index","follow":"follow","max-snippet":"max-snippet:-1","max-image-preview":"max-image-preview:large","max-video-preview":"max-video-preview:-1"},"canonical":"https:\/\/brutnaturebijoux.com\/producto\/collier-avec-monture-simple-en-pierre-ovale-de-quartz-tourmaline-de-5-x-3-cm\/","og_locale":"es_ES","og_type":"article","og_title":"Collar con montura simple de piedra oval Cuarzo Turmalinado de 5 x 3 cm - Brut Nature Bijoux","og_description":"Este collar presenta una piedra oval de Cuarzo Turmalinado de 5 x 3 cm, engastada en una montura simple de plata 925. El Cuarzo Turmalinado es una variedad de cuarzo que se forma cuando cristales de turmalina negra crecen dentro de un cuarzo transparente o blanco, creando inclusiones naturales que le dan su aspecto \u00fanico.","og_url":"https:\/\/brutnaturebijoux.com\/producto\/collier-avec-monture-simple-en-pierre-ovale-de-quartz-tourmaline-de-5-x-3-cm\/","og_site_name":"Brut Nature Bijoux","article_modified_time":"2025-06-02T16:19:33+00:00","og_image":[{"width":700,"height":700,"url":"https:\/\/brutnaturebijoux.com\/wp-content\/uploads\/2025\/06\/2019fe-1.jpg","type":"image\/jpeg"}],"twitter_card":"summary_large_image","twitter_misc":{"Tiempo de lectura":"1 minuto"},"schema":{"@context":"https:\/\/schema.org","@graph":[{"@type":"WebPage","@id":"https:\/\/brutnaturebijoux.com\/producto\/collier-avec-monture-simple-en-pierre-ovale-de-quartz-tourmaline-de-5-x-3-cm\/","url":"https:\/\/brutnaturebijoux.com\/producto\/collier-avec-monture-simple-en-pierre-ovale-de-quartz-tourmaline-de-5-x-3-cm\/","name":"Collar con montura simple de piedra oval Cuarzo Turmalinado de 5 x 3 cm - Brut Nature Bijoux","isPartOf":{"@id":"https:\/\/brutnaturebijoux.com\/#website"},"primaryImageOfPage":{"@id":"https:\/\/brutnaturebijoux.com\/producto\/collier-avec-monture-simple-en-pierre-ovale-de-quartz-tourmaline-de-5-x-3-cm\/#primaryimage"},"image":{"@id":"https:\/\/brutnaturebijoux.com\/producto\/collier-avec-monture-simple-en-pierre-ovale-de-quartz-tourmaline-de-5-x-3-cm\/#primaryimage"},"thumbnailUrl":"https:\/\/brutnaturebijoux.com\/wp-content\/uploads\/2025\/06\/2019fe-1.jpg","datePublished":"2025-06-02T13:27:55+00:00","dateModified":"2025-06-02T16:19:33+00:00","breadcrumb":{"@id":"https:\/\/brutnaturebijoux.com\/producto\/collier-avec-monture-simple-en-pierre-ovale-de-quartz-tourmaline-de-5-x-3-cm\/#breadcrumb"},"inLanguage":"es","potentialAction":[{"@type":"ReadAction","target":["https:\/\/brutnaturebijoux.com\/producto\/collier-avec-monture-simple-en-pierre-ovale-de-quartz-tourmaline-de-5-x-3-cm\/"]}]},{"@type":"ImageObject","inLanguage":"es","@id":"https:\/\/brutnaturebijoux.com\/producto\/collier-avec-monture-simple-en-pierre-ovale-de-quartz-tourmaline-de-5-x-3-cm\/#primaryimage","url":"https:\/\/brutnaturebijoux.com\/wp-content\/uploads\/2025\/06\/2019fe-1.jpg","contentUrl":"https:\/\/brutnaturebijoux.com\/wp-content\/uploads\/2025\/06\/2019fe-1.jpg","width":700,"height":700},{"@type":"BreadcrumbList","@id":"https:\/\/brutnaturebijoux.com\/producto\/collier-avec-monture-simple-en-pierre-ovale-de-quartz-tourmaline-de-5-x-3-cm\/#breadcrumb","itemListElement":[{"@type":"ListItem","position":1,"name":"Portada","item":"https:\/\/brutnaturebijoux.com\/es\/"},{"@type":"ListItem","position":2,"name":"Tienda","item":"https:\/\/brutnaturebijoux.com\/boutique\/"},{"@type":"ListItem","position":3,"name":"Collar con montura simple de piedra oval Cuarzo Turmalinado de 5 x 3 cm"}]},{"@type":"WebSite","@id":"https:\/\/brutnaturebijoux.com\/#website","url":"https:\/\/brutnaturebijoux.com\/","name":"Brut Nature Bijoux","description":"Joyer\u00eda artesanal en plata  gemas","potentialAction":[{"@type":"SearchAction","target":{"@type":"EntryPoint","urlTemplate":"https:\/\/brutnaturebijoux.com\/?s={search_term_string}"},"query-input":{"@type":"PropertyValueSpecification","valueRequired":true,"valueName":"search_term_string"}}],"inLanguage":"es"}]}},"_links":{"self":[{"href":"https:\/\/brutnaturebijoux.com\/es\/wp-json\/wp\/v2\/product\/3799","targetHints":{"allow":["GET"]}}],"collection":[{"href":"https:\/\/brutnaturebijoux.com\/es\/wp-json\/wp\/v2\/product"}],"about":[{"href":"https:\/\/brutnaturebijoux.com\/es\/wp-json\/wp\/v2\/types\/product"}],"wp:featuredmedia":[{"embeddable":true,"href":"https:\/\/brutnaturebijoux.com\/es\/wp-json\/wp\/v2\/media\/3823"}],"wp:attachment":[{"href":"https:\/\/brutnaturebijoux.com\/es\/wp-json\/wp\/v2\/media?parent=3799"}],"wp:term":[{"taxonomy":"product_brand","embeddable":true,"href":"https:\/\/brutnaturebijoux.com\/es\/wp-json\/wp\/v2\/product_brand?post=3799"},{"taxonomy":"product_cat","embeddable":true,"href":"https:\/\/brutnaturebijoux.com\/es\/wp-json\/wp\/v2\/product_cat?post=3799"},{"taxonomy":"product_tag","embeddable":true,"href":"https:\/\/brutnaturebijoux.com\/es\/wp-json\/wp\/v2\/product_tag?post=3799"}],"curies":[{"name":"wp","href":"https:\/\/api.w.org\/{rel}","templated":true}]}}