{"id":3798,"date":"2025-06-02T15:27:55","date_gmt":"2025-06-02T13:27:55","guid":{"rendered":"https:\/\/brutnaturebijoux.com\/product\/collar-redondo-con-agata-tigre-montado-en-plata-925\/"},"modified":"2025-06-16T15:20:56","modified_gmt":"2025-06-16T13:20:56","slug":"collar-redondo-con-agata-tigre-montado-en-plata-925","status":"publish","type":"product","link":"https:\/\/brutnaturebijoux.com\/es\/producto\/collar-redondo-con-agata-tigre-montado-en-plata-925\/","title":{"rendered":"Collar redondo con \u00c1gata Tigre montado en Plata 925"},"content":{"rendered":"<p>Este collar redondo presenta una piedra de \u00c1gata Tigre engastada en una montura simple de plata 925. En la parte inferior del collar cuelga una hoja de ortiga, a\u00f1adiendo un toque natural y simb\u00f3lico a la pieza.<br \/>\nEl \u00c1gata Tigre, con sus tonos dorados y marrones que recuerdan a la piel de un tigre, se asocia con la protecci\u00f3n y la energ\u00eda vital. Se le atribuyen beneficios como el fomento de la confianza, la claridad mental y la conexi\u00f3n con la energ\u00eda de la tierra.<br \/>\nLa hoja de ortiga, por su parte, simboliza la resistencia y la purificaci\u00f3n. Se le otorgan propiedades relacionadas con la protecci\u00f3n y la eliminaci\u00f3n de energ\u00edas negativas.<\/p>\n","protected":false},"excerpt":{"rendered":"<p>Este collar redondo presenta una piedra de \u00c1gata Tigre engastada en una montura simple de plata 925. En la parte inferior del collar cuelga una hoja de ortiga, a\u00f1adiendo un toque natural y simb\u00f3lico a la pieza.<\/p>\n","protected":false},"featured_media":3762,"template":"","meta":{"inline_featured_image":false},"product_brand":[],"product_cat":[62],"product_tag":[],"class_list":{"0":"post-3798","1":"product","2":"type-product","3":"status-publish","4":"has-post-thumbnail","6":"product_cat-collares","8":"first","9":"outofstock","10":"shipping-taxable","11":"purchasable","12":"product-type-simple","13":"layout-style-1","14":"col-md-4 col-sm-4 col-xs-6","15":"col-lg-3","16":"product-has-gallery","17":"product-style-default"},"yoast_head":"<!-- This site is optimized with the Yoast SEO plugin v27.4 - https:\/\/yoast.com\/product\/yoast-seo-wordpress\/ -->\n<title>Collar redondo con \u00c1gata Tigre montado en Plata 925 - Brut Nature Bijoux<\/title>\n<meta name=\"robots\" content=\"index, follow, max-snippet:-1, max-image-preview:large, max-video-preview:-1\" \/>\n<link rel=\"canonical\" href=\"https:\/\/brutnaturebijoux.com\/producto\/collier-rond-avec-agate-oeil-de-tigre-monte-en-argent-925\/\" \/>\n<meta property=\"og:locale\" content=\"es_ES\" \/>\n<meta property=\"og:type\" content=\"article\" \/>\n<meta property=\"og:title\" content=\"Collar redondo con \u00c1gata Tigre montado en Plata 925 - Brut Nature Bijoux\" \/>\n<meta property=\"og:description\" content=\"Este collar redondo presenta una piedra de \u00c1gata Tigre engastada en una montura simple de plata 925. En la parte inferior del collar cuelga una hoja de ortiga, a\u00f1adiendo un toque natural y simb\u00f3lico a la pieza.\" \/>\n<meta property=\"og:url\" content=\"https:\/\/brutnaturebijoux.com\/producto\/collier-rond-avec-agate-oeil-de-tigre-monte-en-argent-925\/\" \/>\n<meta property=\"og:site_name\" content=\"Brut Nature Bijoux\" \/>\n<meta property=\"article:modified_time\" content=\"2025-06-16T13:20:56+00:00\" \/>\n<meta property=\"og:image\" content=\"https:\/\/brutnaturebijoux.com\/wp-content\/uploads\/2025\/06\/2018.jpg\" \/>\n\t<meta property=\"og:image:width\" content=\"700\" \/>\n\t<meta property=\"og:image:height\" content=\"700\" \/>\n\t<meta property=\"og:image:type\" content=\"image\/jpeg\" \/>\n<meta name=\"twitter:card\" content=\"summary_large_image\" \/>\n<meta name=\"twitter:label1\" content=\"Tiempo de lectura\" \/>\n\t<meta name=\"twitter:data1\" content=\"1 minuto\" \/>\n<script type=\"application\/ld+json\" class=\"yoast-schema-graph\">{\"@context\":\"https:\\\/\\\/schema.org\",\"@graph\":[{\"@type\":\"WebPage\",\"@id\":\"https:\\\/\\\/brutnaturebijoux.com\\\/producto\\\/collier-rond-avec-agate-oeil-de-tigre-monte-en-argent-925\\\/\",\"url\":\"https:\\\/\\\/brutnaturebijoux.com\\\/producto\\\/collier-rond-avec-agate-oeil-de-tigre-monte-en-argent-925\\\/\",\"name\":\"Collar redondo con \u00c1gata Tigre montado en Plata 925 - Brut Nature Bijoux\",\"isPartOf\":{\"@id\":\"https:\\\/\\\/brutnaturebijoux.com\\\/#website\"},\"primaryImageOfPage\":{\"@id\":\"https:\\\/\\\/brutnaturebijoux.com\\\/producto\\\/collier-rond-avec-agate-oeil-de-tigre-monte-en-argent-925\\\/#primaryimage\"},\"image\":{\"@id\":\"https:\\\/\\\/brutnaturebijoux.com\\\/producto\\\/collier-rond-avec-agate-oeil-de-tigre-monte-en-argent-925\\\/#primaryimage\"},\"thumbnailUrl\":\"https:\\\/\\\/brutnaturebijoux.com\\\/wp-content\\\/uploads\\\/2025\\\/06\\\/2018.jpg\",\"datePublished\":\"2025-06-02T13:27:55+00:00\",\"dateModified\":\"2025-06-16T13:20:56+00:00\",\"breadcrumb\":{\"@id\":\"https:\\\/\\\/brutnaturebijoux.com\\\/producto\\\/collier-rond-avec-agate-oeil-de-tigre-monte-en-argent-925\\\/#breadcrumb\"},\"inLanguage\":\"es\",\"potentialAction\":[{\"@type\":\"ReadAction\",\"target\":[\"https:\\\/\\\/brutnaturebijoux.com\\\/producto\\\/collier-rond-avec-agate-oeil-de-tigre-monte-en-argent-925\\\/\"]}]},{\"@type\":\"ImageObject\",\"inLanguage\":\"es\",\"@id\":\"https:\\\/\\\/brutnaturebijoux.com\\\/producto\\\/collier-rond-avec-agate-oeil-de-tigre-monte-en-argent-925\\\/#primaryimage\",\"url\":\"https:\\\/\\\/brutnaturebijoux.com\\\/wp-content\\\/uploads\\\/2025\\\/06\\\/2018.jpg\",\"contentUrl\":\"https:\\\/\\\/brutnaturebijoux.com\\\/wp-content\\\/uploads\\\/2025\\\/06\\\/2018.jpg\",\"width\":700,\"height\":700},{\"@type\":\"BreadcrumbList\",\"@id\":\"https:\\\/\\\/brutnaturebijoux.com\\\/producto\\\/collier-rond-avec-agate-oeil-de-tigre-monte-en-argent-925\\\/#breadcrumb\",\"itemListElement\":[{\"@type\":\"ListItem\",\"position\":1,\"name\":\"Portada\",\"item\":\"https:\\\/\\\/brutnaturebijoux.com\\\/es\\\/\"},{\"@type\":\"ListItem\",\"position\":2,\"name\":\"Tienda\",\"item\":\"https:\\\/\\\/brutnaturebijoux.com\\\/boutique\\\/\"},{\"@type\":\"ListItem\",\"position\":3,\"name\":\"Collar redondo con \u00c1gata Tigre montado en Plata 925\"}]},{\"@type\":\"WebSite\",\"@id\":\"https:\\\/\\\/brutnaturebijoux.com\\\/#website\",\"url\":\"https:\\\/\\\/brutnaturebijoux.com\\\/\",\"name\":\"Brut Nature Bijoux\",\"description\":\"Joyer\u00eda artesanal en plata  gemas\",\"potentialAction\":[{\"@type\":\"SearchAction\",\"target\":{\"@type\":\"EntryPoint\",\"urlTemplate\":\"https:\\\/\\\/brutnaturebijoux.com\\\/?s={search_term_string}\"},\"query-input\":{\"@type\":\"PropertyValueSpecification\",\"valueRequired\":true,\"valueName\":\"search_term_string\"}}],\"inLanguage\":\"es\"}]}<\/script>\n<!-- \/ Yoast SEO plugin. -->","yoast_head_json":{"title":"Collar redondo con \u00c1gata Tigre montado en Plata 925 - Brut Nature Bijoux","robots":{"index":"index","follow":"follow","max-snippet":"max-snippet:-1","max-image-preview":"max-image-preview:large","max-video-preview":"max-video-preview:-1"},"canonical":"https:\/\/brutnaturebijoux.com\/producto\/collier-rond-avec-agate-oeil-de-tigre-monte-en-argent-925\/","og_locale":"es_ES","og_type":"article","og_title":"Collar redondo con \u00c1gata Tigre montado en Plata 925 - Brut Nature Bijoux","og_description":"Este collar redondo presenta una piedra de \u00c1gata Tigre engastada en una montura simple de plata 925. En la parte inferior del collar cuelga una hoja de ortiga, a\u00f1adiendo un toque natural y simb\u00f3lico a la pieza.","og_url":"https:\/\/brutnaturebijoux.com\/producto\/collier-rond-avec-agate-oeil-de-tigre-monte-en-argent-925\/","og_site_name":"Brut Nature Bijoux","article_modified_time":"2025-06-16T13:20:56+00:00","og_image":[{"width":700,"height":700,"url":"https:\/\/brutnaturebijoux.com\/wp-content\/uploads\/2025\/06\/2018.jpg","type":"image\/jpeg"}],"twitter_card":"summary_large_image","twitter_misc":{"Tiempo de lectura":"1 minuto"},"schema":{"@context":"https:\/\/schema.org","@graph":[{"@type":"WebPage","@id":"https:\/\/brutnaturebijoux.com\/producto\/collier-rond-avec-agate-oeil-de-tigre-monte-en-argent-925\/","url":"https:\/\/brutnaturebijoux.com\/producto\/collier-rond-avec-agate-oeil-de-tigre-monte-en-argent-925\/","name":"Collar redondo con \u00c1gata Tigre montado en Plata 925 - Brut Nature Bijoux","isPartOf":{"@id":"https:\/\/brutnaturebijoux.com\/#website"},"primaryImageOfPage":{"@id":"https:\/\/brutnaturebijoux.com\/producto\/collier-rond-avec-agate-oeil-de-tigre-monte-en-argent-925\/#primaryimage"},"image":{"@id":"https:\/\/brutnaturebijoux.com\/producto\/collier-rond-avec-agate-oeil-de-tigre-monte-en-argent-925\/#primaryimage"},"thumbnailUrl":"https:\/\/brutnaturebijoux.com\/wp-content\/uploads\/2025\/06\/2018.jpg","datePublished":"2025-06-02T13:27:55+00:00","dateModified":"2025-06-16T13:20:56+00:00","breadcrumb":{"@id":"https:\/\/brutnaturebijoux.com\/producto\/collier-rond-avec-agate-oeil-de-tigre-monte-en-argent-925\/#breadcrumb"},"inLanguage":"es","potentialAction":[{"@type":"ReadAction","target":["https:\/\/brutnaturebijoux.com\/producto\/collier-rond-avec-agate-oeil-de-tigre-monte-en-argent-925\/"]}]},{"@type":"ImageObject","inLanguage":"es","@id":"https:\/\/brutnaturebijoux.com\/producto\/collier-rond-avec-agate-oeil-de-tigre-monte-en-argent-925\/#primaryimage","url":"https:\/\/brutnaturebijoux.com\/wp-content\/uploads\/2025\/06\/2018.jpg","contentUrl":"https:\/\/brutnaturebijoux.com\/wp-content\/uploads\/2025\/06\/2018.jpg","width":700,"height":700},{"@type":"BreadcrumbList","@id":"https:\/\/brutnaturebijoux.com\/producto\/collier-rond-avec-agate-oeil-de-tigre-monte-en-argent-925\/#breadcrumb","itemListElement":[{"@type":"ListItem","position":1,"name":"Portada","item":"https:\/\/brutnaturebijoux.com\/es\/"},{"@type":"ListItem","position":2,"name":"Tienda","item":"https:\/\/brutnaturebijoux.com\/boutique\/"},{"@type":"ListItem","position":3,"name":"Collar redondo con \u00c1gata Tigre montado en Plata 925"}]},{"@type":"WebSite","@id":"https:\/\/brutnaturebijoux.com\/#website","url":"https:\/\/brutnaturebijoux.com\/","name":"Brut Nature Bijoux","description":"Joyer\u00eda artesanal en plata  gemas","potentialAction":[{"@type":"SearchAction","target":{"@type":"EntryPoint","urlTemplate":"https:\/\/brutnaturebijoux.com\/?s={search_term_string}"},"query-input":{"@type":"PropertyValueSpecification","valueRequired":true,"valueName":"search_term_string"}}],"inLanguage":"es"}]}},"_links":{"self":[{"href":"https:\/\/brutnaturebijoux.com\/es\/wp-json\/wp\/v2\/product\/3798","targetHints":{"allow":["GET"]}}],"collection":[{"href":"https:\/\/brutnaturebijoux.com\/es\/wp-json\/wp\/v2\/product"}],"about":[{"href":"https:\/\/brutnaturebijoux.com\/es\/wp-json\/wp\/v2\/types\/product"}],"wp:featuredmedia":[{"embeddable":true,"href":"https:\/\/brutnaturebijoux.com\/es\/wp-json\/wp\/v2\/media\/3762"}],"wp:attachment":[{"href":"https:\/\/brutnaturebijoux.com\/es\/wp-json\/wp\/v2\/media?parent=3798"}],"wp:term":[{"taxonomy":"product_brand","embeddable":true,"href":"https:\/\/brutnaturebijoux.com\/es\/wp-json\/wp\/v2\/product_brand?post=3798"},{"taxonomy":"product_cat","embeddable":true,"href":"https:\/\/brutnaturebijoux.com\/es\/wp-json\/wp\/v2\/product_cat?post=3798"},{"taxonomy":"product_tag","embeddable":true,"href":"https:\/\/brutnaturebijoux.com\/es\/wp-json\/wp\/v2\/product_tag?post=3798"}],"curies":[{"name":"wp","href":"https:\/\/api.w.org\/{rel}","templated":true}]}}