{"id":3796,"date":"2025-06-02T15:27:54","date_gmt":"2025-06-02T13:27:54","guid":{"rendered":"https:\/\/brutnaturebijoux.com\/product\/collar-con-piedra-agata-tigre-montado-en-plata-925\/"},"modified":"2025-06-19T19:27:46","modified_gmt":"2025-06-19T17:27:46","slug":"collar-con-piedra-agata-tigre-montado-en-plata-925","status":"publish","type":"product","link":"https:\/\/brutnaturebijoux.com\/es\/producto\/collar-con-piedra-agata-tigre-montado-en-plata-925\/","title":{"rendered":"Collar con piedra \u00c1gata Tigre montado en Plata 925"},"content":{"rendered":"<p>Collar con piedra \u00c1gata Tigre montado en Plata 925<br \/>\nEste collar tiene como figura central una \u00c1gata Tigre de 3,5 x 2,4 cm, engastada en una montura simple de plata 925. En la parte inferior de la montura, dispuestas en forma de V, se encuentran dos hojas de helecho, una flor de manzanilla en el centro y una hoja de clavel silvestre que cuelga en el extremo.<br \/>\nEl helecho, una de las plantas m\u00e1s antiguas del planeta, representa la capacidad de adaptarse, el renacimiento, la fuerza, la sabidur\u00eda y la resistencia, evocando la conexi\u00f3n con la naturaleza y la energ\u00eda de crecimiento. El clavel silvestre simboliza la gratitud, mientras que la flor de manzanilla est\u00e1 asociada con la serenidad. Juntas, estas tres plantas reflejan armon\u00eda y equilibrio.<br \/>\nEl \u00c1gata Tigre, con sus tonos dorados y marrones que recuerdan a la piel de un tigre, se asocia con la protecci\u00f3n y la energ\u00eda vital. Se le atribuyen beneficios como el fomento de la confianza, la claridad mental y la conexi\u00f3n con la energ\u00eda de la tierra.<\/p>\n","protected":false},"excerpt":{"rendered":"<p>Este collar tiene como figura central una \u00c1gata Tigre de 3,5 x 2,4 cm, engastada en una montura simple de plata 925. En la parte inferior de la montura, dispuestas en forma de V, se encuentran dos hojas de helecho, una flor de manzanilla en el centro y una hoja de clavel silvestre que cuelga en el extremo.<\/p>\n","protected":false},"featured_media":3741,"template":"","meta":{"inline_featured_image":false},"product_brand":[],"product_cat":[62],"product_tag":[],"class_list":{"0":"post-3796","1":"product","2":"type-product","3":"status-publish","4":"has-post-thumbnail","6":"product_cat-collares","8":"first","9":"instock","10":"shipping-taxable","11":"purchasable","12":"product-type-simple","13":"layout-style-1","14":"col-md-4 col-sm-4 col-xs-6","15":"col-lg-3","16":"product-has-gallery","17":"product-style-default"},"yoast_head":"<!-- This site is optimized with the Yoast SEO plugin v27.4 - https:\/\/yoast.com\/product\/yoast-seo-wordpress\/ -->\n<title>Collar con piedra \u00c1gata Tigre montado en Plata 925 - Brut Nature Bijoux<\/title>\n<meta name=\"robots\" content=\"index, follow, max-snippet:-1, max-image-preview:large, max-video-preview:-1\" \/>\n<link rel=\"canonical\" href=\"https:\/\/brutnaturebijoux.com\/producto\/collier-avec-pierre-agate-oeil-de-tigre-monte-en-argent-925\/\" \/>\n<meta property=\"og:locale\" content=\"es_ES\" \/>\n<meta property=\"og:type\" content=\"article\" \/>\n<meta property=\"og:title\" content=\"Collar con piedra \u00c1gata Tigre montado en Plata 925 - Brut Nature Bijoux\" \/>\n<meta property=\"og:description\" content=\"Este collar tiene como figura central una \u00c1gata Tigre de 3,5 x 2,4 cm, engastada en una montura simple de plata 925. En la parte inferior de la montura, dispuestas en forma de V, se encuentran dos hojas de helecho, una flor de manzanilla en el centro y una hoja de clavel silvestre que cuelga en el extremo.\" \/>\n<meta property=\"og:url\" content=\"https:\/\/brutnaturebijoux.com\/producto\/collier-avec-pierre-agate-oeil-de-tigre-monte-en-argent-925\/\" \/>\n<meta property=\"og:site_name\" content=\"Brut Nature Bijoux\" \/>\n<meta property=\"article:modified_time\" content=\"2025-06-19T17:27:46+00:00\" \/>\n<meta property=\"og:image\" content=\"https:\/\/brutnaturebijoux.com\/wp-content\/uploads\/2025\/06\/2016fe.jpg\" \/>\n\t<meta property=\"og:image:width\" content=\"700\" \/>\n\t<meta property=\"og:image:height\" content=\"700\" \/>\n\t<meta property=\"og:image:type\" content=\"image\/jpeg\" \/>\n<meta name=\"twitter:card\" content=\"summary_large_image\" \/>\n<meta name=\"twitter:label1\" content=\"Tiempo de lectura\" \/>\n\t<meta name=\"twitter:data1\" content=\"2 minutos\" \/>\n<script type=\"application\/ld+json\" class=\"yoast-schema-graph\">{\"@context\":\"https:\\\/\\\/schema.org\",\"@graph\":[{\"@type\":\"WebPage\",\"@id\":\"https:\\\/\\\/brutnaturebijoux.com\\\/producto\\\/collier-avec-pierre-agate-oeil-de-tigre-monte-en-argent-925\\\/\",\"url\":\"https:\\\/\\\/brutnaturebijoux.com\\\/producto\\\/collier-avec-pierre-agate-oeil-de-tigre-monte-en-argent-925\\\/\",\"name\":\"Collar con piedra \u00c1gata Tigre montado en Plata 925 - Brut Nature Bijoux\",\"isPartOf\":{\"@id\":\"https:\\\/\\\/brutnaturebijoux.com\\\/#website\"},\"primaryImageOfPage\":{\"@id\":\"https:\\\/\\\/brutnaturebijoux.com\\\/producto\\\/collier-avec-pierre-agate-oeil-de-tigre-monte-en-argent-925\\\/#primaryimage\"},\"image\":{\"@id\":\"https:\\\/\\\/brutnaturebijoux.com\\\/producto\\\/collier-avec-pierre-agate-oeil-de-tigre-monte-en-argent-925\\\/#primaryimage\"},\"thumbnailUrl\":\"https:\\\/\\\/brutnaturebijoux.com\\\/wp-content\\\/uploads\\\/2025\\\/06\\\/2016fe.jpg\",\"datePublished\":\"2025-06-02T13:27:54+00:00\",\"dateModified\":\"2025-06-19T17:27:46+00:00\",\"breadcrumb\":{\"@id\":\"https:\\\/\\\/brutnaturebijoux.com\\\/producto\\\/collier-avec-pierre-agate-oeil-de-tigre-monte-en-argent-925\\\/#breadcrumb\"},\"inLanguage\":\"es\",\"potentialAction\":[{\"@type\":\"ReadAction\",\"target\":[\"https:\\\/\\\/brutnaturebijoux.com\\\/producto\\\/collier-avec-pierre-agate-oeil-de-tigre-monte-en-argent-925\\\/\"]}]},{\"@type\":\"ImageObject\",\"inLanguage\":\"es\",\"@id\":\"https:\\\/\\\/brutnaturebijoux.com\\\/producto\\\/collier-avec-pierre-agate-oeil-de-tigre-monte-en-argent-925\\\/#primaryimage\",\"url\":\"https:\\\/\\\/brutnaturebijoux.com\\\/wp-content\\\/uploads\\\/2025\\\/06\\\/2016fe.jpg\",\"contentUrl\":\"https:\\\/\\\/brutnaturebijoux.com\\\/wp-content\\\/uploads\\\/2025\\\/06\\\/2016fe.jpg\",\"width\":700,\"height\":700},{\"@type\":\"BreadcrumbList\",\"@id\":\"https:\\\/\\\/brutnaturebijoux.com\\\/producto\\\/collier-avec-pierre-agate-oeil-de-tigre-monte-en-argent-925\\\/#breadcrumb\",\"itemListElement\":[{\"@type\":\"ListItem\",\"position\":1,\"name\":\"Portada\",\"item\":\"https:\\\/\\\/brutnaturebijoux.com\\\/es\\\/\"},{\"@type\":\"ListItem\",\"position\":2,\"name\":\"Tienda\",\"item\":\"https:\\\/\\\/brutnaturebijoux.com\\\/boutique\\\/\"},{\"@type\":\"ListItem\",\"position\":3,\"name\":\"Collar con piedra \u00c1gata Tigre montado en Plata 925\"}]},{\"@type\":\"WebSite\",\"@id\":\"https:\\\/\\\/brutnaturebijoux.com\\\/#website\",\"url\":\"https:\\\/\\\/brutnaturebijoux.com\\\/\",\"name\":\"Brut Nature Bijoux\",\"description\":\"Joyer\u00eda artesanal en plata  gemas\",\"potentialAction\":[{\"@type\":\"SearchAction\",\"target\":{\"@type\":\"EntryPoint\",\"urlTemplate\":\"https:\\\/\\\/brutnaturebijoux.com\\\/?s={search_term_string}\"},\"query-input\":{\"@type\":\"PropertyValueSpecification\",\"valueRequired\":true,\"valueName\":\"search_term_string\"}}],\"inLanguage\":\"es\"}]}<\/script>\n<!-- \/ Yoast SEO plugin. -->","yoast_head_json":{"title":"Collar con piedra \u00c1gata Tigre montado en Plata 925 - Brut Nature Bijoux","robots":{"index":"index","follow":"follow","max-snippet":"max-snippet:-1","max-image-preview":"max-image-preview:large","max-video-preview":"max-video-preview:-1"},"canonical":"https:\/\/brutnaturebijoux.com\/producto\/collier-avec-pierre-agate-oeil-de-tigre-monte-en-argent-925\/","og_locale":"es_ES","og_type":"article","og_title":"Collar con piedra \u00c1gata Tigre montado en Plata 925 - Brut Nature Bijoux","og_description":"Este collar tiene como figura central una \u00c1gata Tigre de 3,5 x 2,4 cm, engastada en una montura simple de plata 925. En la parte inferior de la montura, dispuestas en forma de V, se encuentran dos hojas de helecho, una flor de manzanilla en el centro y una hoja de clavel silvestre que cuelga en el extremo.","og_url":"https:\/\/brutnaturebijoux.com\/producto\/collier-avec-pierre-agate-oeil-de-tigre-monte-en-argent-925\/","og_site_name":"Brut Nature Bijoux","article_modified_time":"2025-06-19T17:27:46+00:00","og_image":[{"width":700,"height":700,"url":"https:\/\/brutnaturebijoux.com\/wp-content\/uploads\/2025\/06\/2016fe.jpg","type":"image\/jpeg"}],"twitter_card":"summary_large_image","twitter_misc":{"Tiempo de lectura":"2 minutos"},"schema":{"@context":"https:\/\/schema.org","@graph":[{"@type":"WebPage","@id":"https:\/\/brutnaturebijoux.com\/producto\/collier-avec-pierre-agate-oeil-de-tigre-monte-en-argent-925\/","url":"https:\/\/brutnaturebijoux.com\/producto\/collier-avec-pierre-agate-oeil-de-tigre-monte-en-argent-925\/","name":"Collar con piedra \u00c1gata Tigre montado en Plata 925 - Brut Nature Bijoux","isPartOf":{"@id":"https:\/\/brutnaturebijoux.com\/#website"},"primaryImageOfPage":{"@id":"https:\/\/brutnaturebijoux.com\/producto\/collier-avec-pierre-agate-oeil-de-tigre-monte-en-argent-925\/#primaryimage"},"image":{"@id":"https:\/\/brutnaturebijoux.com\/producto\/collier-avec-pierre-agate-oeil-de-tigre-monte-en-argent-925\/#primaryimage"},"thumbnailUrl":"https:\/\/brutnaturebijoux.com\/wp-content\/uploads\/2025\/06\/2016fe.jpg","datePublished":"2025-06-02T13:27:54+00:00","dateModified":"2025-06-19T17:27:46+00:00","breadcrumb":{"@id":"https:\/\/brutnaturebijoux.com\/producto\/collier-avec-pierre-agate-oeil-de-tigre-monte-en-argent-925\/#breadcrumb"},"inLanguage":"es","potentialAction":[{"@type":"ReadAction","target":["https:\/\/brutnaturebijoux.com\/producto\/collier-avec-pierre-agate-oeil-de-tigre-monte-en-argent-925\/"]}]},{"@type":"ImageObject","inLanguage":"es","@id":"https:\/\/brutnaturebijoux.com\/producto\/collier-avec-pierre-agate-oeil-de-tigre-monte-en-argent-925\/#primaryimage","url":"https:\/\/brutnaturebijoux.com\/wp-content\/uploads\/2025\/06\/2016fe.jpg","contentUrl":"https:\/\/brutnaturebijoux.com\/wp-content\/uploads\/2025\/06\/2016fe.jpg","width":700,"height":700},{"@type":"BreadcrumbList","@id":"https:\/\/brutnaturebijoux.com\/producto\/collier-avec-pierre-agate-oeil-de-tigre-monte-en-argent-925\/#breadcrumb","itemListElement":[{"@type":"ListItem","position":1,"name":"Portada","item":"https:\/\/brutnaturebijoux.com\/es\/"},{"@type":"ListItem","position":2,"name":"Tienda","item":"https:\/\/brutnaturebijoux.com\/boutique\/"},{"@type":"ListItem","position":3,"name":"Collar con piedra \u00c1gata Tigre montado en Plata 925"}]},{"@type":"WebSite","@id":"https:\/\/brutnaturebijoux.com\/#website","url":"https:\/\/brutnaturebijoux.com\/","name":"Brut Nature Bijoux","description":"Joyer\u00eda artesanal en plata  gemas","potentialAction":[{"@type":"SearchAction","target":{"@type":"EntryPoint","urlTemplate":"https:\/\/brutnaturebijoux.com\/?s={search_term_string}"},"query-input":{"@type":"PropertyValueSpecification","valueRequired":true,"valueName":"search_term_string"}}],"inLanguage":"es"}]}},"_links":{"self":[{"href":"https:\/\/brutnaturebijoux.com\/es\/wp-json\/wp\/v2\/product\/3796","targetHints":{"allow":["GET"]}}],"collection":[{"href":"https:\/\/brutnaturebijoux.com\/es\/wp-json\/wp\/v2\/product"}],"about":[{"href":"https:\/\/brutnaturebijoux.com\/es\/wp-json\/wp\/v2\/types\/product"}],"wp:featuredmedia":[{"embeddable":true,"href":"https:\/\/brutnaturebijoux.com\/es\/wp-json\/wp\/v2\/media\/3741"}],"wp:attachment":[{"href":"https:\/\/brutnaturebijoux.com\/es\/wp-json\/wp\/v2\/media?parent=3796"}],"wp:term":[{"taxonomy":"product_brand","embeddable":true,"href":"https:\/\/brutnaturebijoux.com\/es\/wp-json\/wp\/v2\/product_brand?post=3796"},{"taxonomy":"product_cat","embeddable":true,"href":"https:\/\/brutnaturebijoux.com\/es\/wp-json\/wp\/v2\/product_cat?post=3796"},{"taxonomy":"product_tag","embeddable":true,"href":"https:\/\/brutnaturebijoux.com\/es\/wp-json\/wp\/v2\/product_tag?post=3796"}],"curies":[{"name":"wp","href":"https:\/\/api.w.org\/{rel}","templated":true}]}}