{"id":3721,"date":"2025-06-01T17:15:30","date_gmt":"2025-06-01T15:15:30","guid":{"rendered":"https:\/\/brutnaturebijoux.com\/product\/anillo-en-plata-925-con-una-piedra-de-rodonita-de-forma-ovalada\/"},"modified":"2025-09-17T14:02:47","modified_gmt":"2025-09-17T12:02:47","slug":"anillo-en-plata-925-con-una-piedra-de-rodonita-de-forma-ovalada","status":"publish","type":"product","link":"https:\/\/brutnaturebijoux.com\/es\/producto\/anillo-en-plata-925-con-una-piedra-de-rodonita-de-forma-ovalada\/","title":{"rendered":"Anillo en plata 925 con una piedra de rodonita de forma ovalada"},"content":{"rendered":"<p>Este anillo est\u00e1 elaborado en plata 925 y presenta una piedra de rodonita de forma ovalada, con unas dimensiones de 2,5&#215;1,5 cm. La piedra est\u00e1 montada sobre una base de plata que incluye un ligero grabado de tipo textil, tanto en la parte delantera como en la trasera. El dise\u00f1o de la montura evoca la forma de un barco fantasma, lo que le confiere un car\u00e1cter \u00fanico. El aro del anillo es de media ca\u00f1a, lo que aporta un dise\u00f1o c\u00f3modo y cl\u00e1sico. La rodonita es una piedra conocida por su tono rosado con vetas negras, que se forma en yacimientos metam\u00f3rficos. Culturalmente, se ha relacionado con la sanaci\u00f3n emocional y la capacidad de superar traumas del pasado.<br \/>\nTalla \u00fanica 61<\/p>\n","protected":false},"excerpt":{"rendered":"<p>Este anillo est\u00e1 elaborado en plata 925 y presenta una piedra de rodonita de forma ovalada, con unas dimensiones de 2,5&#215;1,5 cm. La piedra est\u00e1 montada sobre una base de plata que incluye un ligero grabado de tipo textil, tanto en la parte delantera como en la trasera.<br \/>\nTalla \u00fanica 61<\/p>\n","protected":false},"featured_media":3659,"template":"","meta":{"inline_featured_image":false},"product_brand":[],"product_cat":[63],"product_tag":[],"class_list":{"0":"post-3721","1":"product","2":"type-product","3":"status-publish","4":"has-post-thumbnail","6":"product_cat-anillos","8":"first","9":"outofstock","10":"shipping-taxable","11":"purchasable","12":"product-type-simple","13":"layout-style-1","14":"col-md-4 col-sm-4 col-xs-6","15":"col-lg-3","16":"product-has-gallery","17":"product-style-default"},"yoast_head":"<!-- This site is optimized with the Yoast SEO plugin v27.4 - https:\/\/yoast.com\/product\/yoast-seo-wordpress\/ -->\n<title>Anillo en plata 925 con una piedra de rodonita de forma ovalada - Brut Nature Bijoux<\/title>\n<meta name=\"robots\" content=\"index, follow, max-snippet:-1, max-image-preview:large, max-video-preview:-1\" \/>\n<link rel=\"canonical\" href=\"https:\/\/brutnaturebijoux.com\/es\/producto\/anillo-en-plata-925-con-una-piedra-de-rodonita-de-forma-ovalada\/\" \/>\n<meta property=\"og:locale\" content=\"es_ES\" \/>\n<meta property=\"og:type\" content=\"article\" \/>\n<meta property=\"og:title\" content=\"Anillo en plata 925 con una piedra de rodonita de forma ovalada - Brut Nature Bijoux\" \/>\n<meta property=\"og:description\" content=\"Este anillo est\u00e1 elaborado en plata 925 y presenta una piedra de rodonita de forma ovalada, con unas dimensiones de 2,5x1,5 cm. La piedra est\u00e1 montada sobre una base de plata que incluye un ligero grabado de tipo textil, tanto en la parte delantera como en la trasera. Talla \u00fanica 61\" \/>\n<meta property=\"og:url\" content=\"https:\/\/brutnaturebijoux.com\/es\/producto\/anillo-en-plata-925-con-una-piedra-de-rodonita-de-forma-ovalada\/\" \/>\n<meta property=\"og:site_name\" content=\"Brut Nature Bijoux\" \/>\n<meta property=\"article:modified_time\" content=\"2025-09-17T12:02:47+00:00\" \/>\n<meta property=\"og:image\" content=\"https:\/\/brutnaturebijoux.com\/wp-content\/uploads\/2025\/06\/1071-barco-pirata1.jpg\" \/>\n\t<meta property=\"og:image:width\" content=\"700\" \/>\n\t<meta property=\"og:image:height\" content=\"700\" \/>\n\t<meta property=\"og:image:type\" content=\"image\/jpeg\" \/>\n<meta name=\"twitter:card\" content=\"summary_large_image\" \/>\n<meta name=\"twitter:label1\" content=\"Tiempo de lectura\" \/>\n\t<meta name=\"twitter:data1\" content=\"1 minuto\" \/>\n<script type=\"application\/ld+json\" class=\"yoast-schema-graph\">{\"@context\":\"https:\\\/\\\/schema.org\",\"@graph\":[{\"@type\":\"WebPage\",\"@id\":\"https:\\\/\\\/brutnaturebijoux.com\\\/es\\\/producto\\\/anillo-en-plata-925-con-una-piedra-de-rodonita-de-forma-ovalada\\\/\",\"url\":\"https:\\\/\\\/brutnaturebijoux.com\\\/es\\\/producto\\\/anillo-en-plata-925-con-una-piedra-de-rodonita-de-forma-ovalada\\\/\",\"name\":\"Anillo en plata 925 con una piedra de rodonita de forma ovalada - Brut Nature Bijoux\",\"isPartOf\":{\"@id\":\"https:\\\/\\\/brutnaturebijoux.com\\\/#website\"},\"primaryImageOfPage\":{\"@id\":\"https:\\\/\\\/brutnaturebijoux.com\\\/es\\\/producto\\\/anillo-en-plata-925-con-una-piedra-de-rodonita-de-forma-ovalada\\\/#primaryimage\"},\"image\":{\"@id\":\"https:\\\/\\\/brutnaturebijoux.com\\\/es\\\/producto\\\/anillo-en-plata-925-con-una-piedra-de-rodonita-de-forma-ovalada\\\/#primaryimage\"},\"thumbnailUrl\":\"https:\\\/\\\/brutnaturebijoux.com\\\/wp-content\\\/uploads\\\/2025\\\/06\\\/1071-barco-pirata1.jpg\",\"datePublished\":\"2025-06-01T15:15:30+00:00\",\"dateModified\":\"2025-09-17T12:02:47+00:00\",\"breadcrumb\":{\"@id\":\"https:\\\/\\\/brutnaturebijoux.com\\\/es\\\/producto\\\/anillo-en-plata-925-con-una-piedra-de-rodonita-de-forma-ovalada\\\/#breadcrumb\"},\"inLanguage\":\"es\",\"potentialAction\":[{\"@type\":\"ReadAction\",\"target\":[\"https:\\\/\\\/brutnaturebijoux.com\\\/es\\\/producto\\\/anillo-en-plata-925-con-una-piedra-de-rodonita-de-forma-ovalada\\\/\"]}]},{\"@type\":\"ImageObject\",\"inLanguage\":\"es\",\"@id\":\"https:\\\/\\\/brutnaturebijoux.com\\\/es\\\/producto\\\/anillo-en-plata-925-con-una-piedra-de-rodonita-de-forma-ovalada\\\/#primaryimage\",\"url\":\"https:\\\/\\\/brutnaturebijoux.com\\\/wp-content\\\/uploads\\\/2025\\\/06\\\/1071-barco-pirata1.jpg\",\"contentUrl\":\"https:\\\/\\\/brutnaturebijoux.com\\\/wp-content\\\/uploads\\\/2025\\\/06\\\/1071-barco-pirata1.jpg\",\"width\":700,\"height\":700},{\"@type\":\"BreadcrumbList\",\"@id\":\"https:\\\/\\\/brutnaturebijoux.com\\\/es\\\/producto\\\/anillo-en-plata-925-con-una-piedra-de-rodonita-de-forma-ovalada\\\/#breadcrumb\",\"itemListElement\":[{\"@type\":\"ListItem\",\"position\":1,\"name\":\"Portada\",\"item\":\"https:\\\/\\\/brutnaturebijoux.com\\\/es\\\/\"},{\"@type\":\"ListItem\",\"position\":2,\"name\":\"Tienda\",\"item\":\"https:\\\/\\\/brutnaturebijoux.com\\\/boutique\\\/\"},{\"@type\":\"ListItem\",\"position\":3,\"name\":\"Anillo en plata 925 con una piedra de rodonita de forma ovalada\"}]},{\"@type\":\"WebSite\",\"@id\":\"https:\\\/\\\/brutnaturebijoux.com\\\/#website\",\"url\":\"https:\\\/\\\/brutnaturebijoux.com\\\/\",\"name\":\"Brut Nature Bijoux\",\"description\":\"Joyer\u00eda artesanal en plata  gemas\",\"potentialAction\":[{\"@type\":\"SearchAction\",\"target\":{\"@type\":\"EntryPoint\",\"urlTemplate\":\"https:\\\/\\\/brutnaturebijoux.com\\\/?s={search_term_string}\"},\"query-input\":{\"@type\":\"PropertyValueSpecification\",\"valueRequired\":true,\"valueName\":\"search_term_string\"}}],\"inLanguage\":\"es\"}]}<\/script>\n<!-- \/ Yoast SEO plugin. -->","yoast_head_json":{"title":"Anillo en plata 925 con una piedra de rodonita de forma ovalada - Brut Nature Bijoux","robots":{"index":"index","follow":"follow","max-snippet":"max-snippet:-1","max-image-preview":"max-image-preview:large","max-video-preview":"max-video-preview:-1"},"canonical":"https:\/\/brutnaturebijoux.com\/es\/producto\/anillo-en-plata-925-con-una-piedra-de-rodonita-de-forma-ovalada\/","og_locale":"es_ES","og_type":"article","og_title":"Anillo en plata 925 con una piedra de rodonita de forma ovalada - Brut Nature Bijoux","og_description":"Este anillo est\u00e1 elaborado en plata 925 y presenta una piedra de rodonita de forma ovalada, con unas dimensiones de 2,5x1,5 cm. La piedra est\u00e1 montada sobre una base de plata que incluye un ligero grabado de tipo textil, tanto en la parte delantera como en la trasera. Talla \u00fanica 61","og_url":"https:\/\/brutnaturebijoux.com\/es\/producto\/anillo-en-plata-925-con-una-piedra-de-rodonita-de-forma-ovalada\/","og_site_name":"Brut Nature Bijoux","article_modified_time":"2025-09-17T12:02:47+00:00","og_image":[{"width":700,"height":700,"url":"https:\/\/brutnaturebijoux.com\/wp-content\/uploads\/2025\/06\/1071-barco-pirata1.jpg","type":"image\/jpeg"}],"twitter_card":"summary_large_image","twitter_misc":{"Tiempo de lectura":"1 minuto"},"schema":{"@context":"https:\/\/schema.org","@graph":[{"@type":"WebPage","@id":"https:\/\/brutnaturebijoux.com\/es\/producto\/anillo-en-plata-925-con-una-piedra-de-rodonita-de-forma-ovalada\/","url":"https:\/\/brutnaturebijoux.com\/es\/producto\/anillo-en-plata-925-con-una-piedra-de-rodonita-de-forma-ovalada\/","name":"Anillo en plata 925 con una piedra de rodonita de forma ovalada - Brut Nature Bijoux","isPartOf":{"@id":"https:\/\/brutnaturebijoux.com\/#website"},"primaryImageOfPage":{"@id":"https:\/\/brutnaturebijoux.com\/es\/producto\/anillo-en-plata-925-con-una-piedra-de-rodonita-de-forma-ovalada\/#primaryimage"},"image":{"@id":"https:\/\/brutnaturebijoux.com\/es\/producto\/anillo-en-plata-925-con-una-piedra-de-rodonita-de-forma-ovalada\/#primaryimage"},"thumbnailUrl":"https:\/\/brutnaturebijoux.com\/wp-content\/uploads\/2025\/06\/1071-barco-pirata1.jpg","datePublished":"2025-06-01T15:15:30+00:00","dateModified":"2025-09-17T12:02:47+00:00","breadcrumb":{"@id":"https:\/\/brutnaturebijoux.com\/es\/producto\/anillo-en-plata-925-con-una-piedra-de-rodonita-de-forma-ovalada\/#breadcrumb"},"inLanguage":"es","potentialAction":[{"@type":"ReadAction","target":["https:\/\/brutnaturebijoux.com\/es\/producto\/anillo-en-plata-925-con-una-piedra-de-rodonita-de-forma-ovalada\/"]}]},{"@type":"ImageObject","inLanguage":"es","@id":"https:\/\/brutnaturebijoux.com\/es\/producto\/anillo-en-plata-925-con-una-piedra-de-rodonita-de-forma-ovalada\/#primaryimage","url":"https:\/\/brutnaturebijoux.com\/wp-content\/uploads\/2025\/06\/1071-barco-pirata1.jpg","contentUrl":"https:\/\/brutnaturebijoux.com\/wp-content\/uploads\/2025\/06\/1071-barco-pirata1.jpg","width":700,"height":700},{"@type":"BreadcrumbList","@id":"https:\/\/brutnaturebijoux.com\/es\/producto\/anillo-en-plata-925-con-una-piedra-de-rodonita-de-forma-ovalada\/#breadcrumb","itemListElement":[{"@type":"ListItem","position":1,"name":"Portada","item":"https:\/\/brutnaturebijoux.com\/es\/"},{"@type":"ListItem","position":2,"name":"Tienda","item":"https:\/\/brutnaturebijoux.com\/boutique\/"},{"@type":"ListItem","position":3,"name":"Anillo en plata 925 con una piedra de rodonita de forma ovalada"}]},{"@type":"WebSite","@id":"https:\/\/brutnaturebijoux.com\/#website","url":"https:\/\/brutnaturebijoux.com\/","name":"Brut Nature Bijoux","description":"Joyer\u00eda artesanal en plata  gemas","potentialAction":[{"@type":"SearchAction","target":{"@type":"EntryPoint","urlTemplate":"https:\/\/brutnaturebijoux.com\/?s={search_term_string}"},"query-input":{"@type":"PropertyValueSpecification","valueRequired":true,"valueName":"search_term_string"}}],"inLanguage":"es"}]}},"_links":{"self":[{"href":"https:\/\/brutnaturebijoux.com\/es\/wp-json\/wp\/v2\/product\/3721","targetHints":{"allow":["GET"]}}],"collection":[{"href":"https:\/\/brutnaturebijoux.com\/es\/wp-json\/wp\/v2\/product"}],"about":[{"href":"https:\/\/brutnaturebijoux.com\/es\/wp-json\/wp\/v2\/types\/product"}],"wp:featuredmedia":[{"embeddable":true,"href":"https:\/\/brutnaturebijoux.com\/es\/wp-json\/wp\/v2\/media\/3659"}],"wp:attachment":[{"href":"https:\/\/brutnaturebijoux.com\/es\/wp-json\/wp\/v2\/media?parent=3721"}],"wp:term":[{"taxonomy":"product_brand","embeddable":true,"href":"https:\/\/brutnaturebijoux.com\/es\/wp-json\/wp\/v2\/product_brand?post=3721"},{"taxonomy":"product_cat","embeddable":true,"href":"https:\/\/brutnaturebijoux.com\/es\/wp-json\/wp\/v2\/product_cat?post=3721"},{"taxonomy":"product_tag","embeddable":true,"href":"https:\/\/brutnaturebijoux.com\/es\/wp-json\/wp\/v2\/product_tag?post=3721"}],"curies":[{"name":"wp","href":"https:\/\/api.w.org\/{rel}","templated":true}]}}