{"id":3717,"date":"2025-06-01T17:15:30","date_gmt":"2025-06-01T15:15:30","guid":{"rendered":"https:\/\/brutnaturebijoux.com\/product\/sell-en-plata-925-maciza-con-una-zoizita-rubi-engarzada\/"},"modified":"2025-06-02T15:49:22","modified_gmt":"2025-06-02T13:49:22","slug":"sell-en-plata-925-maciza-con-una-zoizita-rubi-engarzada","status":"publish","type":"product","link":"https:\/\/brutnaturebijoux.com\/es\/producto\/sell-en-plata-925-maciza-con-una-zoizita-rubi-engarzada\/","title":{"rendered":"Sell en plata 925 maciza con una zoizita rub\u00ed engarzada"},"content":{"rendered":"<p>Este sello est\u00e1 elaborado en plata 925 maciza con una zoizita rub\u00ed engarzada, de tono azul claro con manchas fucsias. La zoizita rub\u00ed es una combinaci\u00f3n natural de zoizita verde y rub\u00ed, dos minerales que se fusionan en una sola piedra. A la zoizita se le atribuyen propiedades que favorecen la regeneraci\u00f3n y el crecimiento personal, mientras que el rub\u00ed est\u00e1 asociado con la energ\u00eda, la pasi\u00f3n y la vitalidad. Juntos, crean una piedra \u00fanica que simboliza equilibrio y transformaci\u00f3n. El dise\u00f1o combina la elegancia de la plata con la intensidad de las piedras, creando una pieza con un equilibrio entre sobriedad y color.<br \/>\nTalla \u00fanica 54<\/p>\n","protected":false},"excerpt":{"rendered":"<p>Este sello est\u00e1 elaborado en plata 925 maciza con una zoizita rub\u00ed engarzada, de tono azul claro con manchas fucsias.<br \/>\nTalla \u00fanica 59<\/p>\n","protected":false},"featured_media":3566,"template":"","meta":{"inline_featured_image":false},"product_brand":[],"product_cat":[63],"product_tag":[],"class_list":{"0":"post-3717","1":"product","2":"type-product","3":"status-publish","4":"has-post-thumbnail","6":"product_cat-anillos","8":"first","9":"instock","10":"shipping-taxable","11":"purchasable","12":"product-type-simple","13":"layout-style-1","14":"col-md-4 col-sm-4 col-xs-6","15":"col-lg-3","16":"product-has-gallery","17":"product-style-default"},"yoast_head":"<!-- This site is optimized with the Yoast SEO plugin v27.4 - https:\/\/yoast.com\/product\/yoast-seo-wordpress\/ -->\n<title>Sell en plata 925 maciza con una zoizita rub\u00ed engarzada - Brut Nature Bijoux<\/title>\n<meta name=\"robots\" content=\"index, follow, max-snippet:-1, max-image-preview:large, max-video-preview:-1\" \/>\n<link rel=\"canonical\" href=\"https:\/\/brutnaturebijoux.com\/producto\/vendue-en-argent-massif-925-avec-une-zoizite-rubis-sertie\/\" \/>\n<meta property=\"og:locale\" content=\"es_ES\" \/>\n<meta property=\"og:type\" content=\"article\" \/>\n<meta property=\"og:title\" content=\"Sell en plata 925 maciza con una zoizita rub\u00ed engarzada - Brut Nature Bijoux\" \/>\n<meta property=\"og:description\" content=\"Este sello est\u00e1 elaborado en plata 925 maciza con una zoizita rub\u00ed engarzada, de tono azul claro con manchas fucsias.  Talla \u00fanica 59\" \/>\n<meta property=\"og:url\" content=\"https:\/\/brutnaturebijoux.com\/producto\/vendue-en-argent-massif-925-avec-une-zoizite-rubis-sertie\/\" \/>\n<meta property=\"og:site_name\" content=\"Brut Nature Bijoux\" \/>\n<meta property=\"article:modified_time\" content=\"2025-06-02T13:49:22+00:00\" \/>\n<meta property=\"og:image\" content=\"https:\/\/brutnaturebijoux.com\/wp-content\/uploads\/2025\/06\/1056-sello-zoisita.jpg\" \/>\n\t<meta property=\"og:image:width\" content=\"700\" \/>\n\t<meta property=\"og:image:height\" content=\"700\" \/>\n\t<meta property=\"og:image:type\" content=\"image\/jpeg\" \/>\n<meta name=\"twitter:card\" content=\"summary_large_image\" \/>\n<meta name=\"twitter:label1\" content=\"Tiempo de lectura\" \/>\n\t<meta name=\"twitter:data1\" content=\"1 minuto\" \/>\n<script type=\"application\/ld+json\" class=\"yoast-schema-graph\">{\"@context\":\"https:\\\/\\\/schema.org\",\"@graph\":[{\"@type\":\"WebPage\",\"@id\":\"https:\\\/\\\/brutnaturebijoux.com\\\/producto\\\/vendue-en-argent-massif-925-avec-une-zoizite-rubis-sertie\\\/\",\"url\":\"https:\\\/\\\/brutnaturebijoux.com\\\/producto\\\/vendue-en-argent-massif-925-avec-une-zoizite-rubis-sertie\\\/\",\"name\":\"Sell en plata 925 maciza con una zoizita rub\u00ed engarzada - Brut Nature Bijoux\",\"isPartOf\":{\"@id\":\"https:\\\/\\\/brutnaturebijoux.com\\\/#website\"},\"primaryImageOfPage\":{\"@id\":\"https:\\\/\\\/brutnaturebijoux.com\\\/producto\\\/vendue-en-argent-massif-925-avec-une-zoizite-rubis-sertie\\\/#primaryimage\"},\"image\":{\"@id\":\"https:\\\/\\\/brutnaturebijoux.com\\\/producto\\\/vendue-en-argent-massif-925-avec-une-zoizite-rubis-sertie\\\/#primaryimage\"},\"thumbnailUrl\":\"https:\\\/\\\/brutnaturebijoux.com\\\/wp-content\\\/uploads\\\/2025\\\/06\\\/1056-sello-zoisita.jpg\",\"datePublished\":\"2025-06-01T15:15:30+00:00\",\"dateModified\":\"2025-06-02T13:49:22+00:00\",\"breadcrumb\":{\"@id\":\"https:\\\/\\\/brutnaturebijoux.com\\\/producto\\\/vendue-en-argent-massif-925-avec-une-zoizite-rubis-sertie\\\/#breadcrumb\"},\"inLanguage\":\"es\",\"potentialAction\":[{\"@type\":\"ReadAction\",\"target\":[\"https:\\\/\\\/brutnaturebijoux.com\\\/producto\\\/vendue-en-argent-massif-925-avec-une-zoizite-rubis-sertie\\\/\"]}]},{\"@type\":\"ImageObject\",\"inLanguage\":\"es\",\"@id\":\"https:\\\/\\\/brutnaturebijoux.com\\\/producto\\\/vendue-en-argent-massif-925-avec-une-zoizite-rubis-sertie\\\/#primaryimage\",\"url\":\"https:\\\/\\\/brutnaturebijoux.com\\\/wp-content\\\/uploads\\\/2025\\\/06\\\/1056-sello-zoisita.jpg\",\"contentUrl\":\"https:\\\/\\\/brutnaturebijoux.com\\\/wp-content\\\/uploads\\\/2025\\\/06\\\/1056-sello-zoisita.jpg\",\"width\":700,\"height\":700},{\"@type\":\"BreadcrumbList\",\"@id\":\"https:\\\/\\\/brutnaturebijoux.com\\\/producto\\\/vendue-en-argent-massif-925-avec-une-zoizite-rubis-sertie\\\/#breadcrumb\",\"itemListElement\":[{\"@type\":\"ListItem\",\"position\":1,\"name\":\"Portada\",\"item\":\"https:\\\/\\\/brutnaturebijoux.com\\\/es\\\/\"},{\"@type\":\"ListItem\",\"position\":2,\"name\":\"Tienda\",\"item\":\"https:\\\/\\\/brutnaturebijoux.com\\\/boutique\\\/\"},{\"@type\":\"ListItem\",\"position\":3,\"name\":\"Sell en plata 925 maciza con una zoizita rub\u00ed engarzada\"}]},{\"@type\":\"WebSite\",\"@id\":\"https:\\\/\\\/brutnaturebijoux.com\\\/#website\",\"url\":\"https:\\\/\\\/brutnaturebijoux.com\\\/\",\"name\":\"Brut Nature Bijoux\",\"description\":\"Joyer\u00eda artesanal en plata  gemas\",\"potentialAction\":[{\"@type\":\"SearchAction\",\"target\":{\"@type\":\"EntryPoint\",\"urlTemplate\":\"https:\\\/\\\/brutnaturebijoux.com\\\/?s={search_term_string}\"},\"query-input\":{\"@type\":\"PropertyValueSpecification\",\"valueRequired\":true,\"valueName\":\"search_term_string\"}}],\"inLanguage\":\"es\"}]}<\/script>\n<!-- \/ Yoast SEO plugin. -->","yoast_head_json":{"title":"Sell en plata 925 maciza con una zoizita rub\u00ed engarzada - Brut Nature Bijoux","robots":{"index":"index","follow":"follow","max-snippet":"max-snippet:-1","max-image-preview":"max-image-preview:large","max-video-preview":"max-video-preview:-1"},"canonical":"https:\/\/brutnaturebijoux.com\/producto\/vendue-en-argent-massif-925-avec-une-zoizite-rubis-sertie\/","og_locale":"es_ES","og_type":"article","og_title":"Sell en plata 925 maciza con una zoizita rub\u00ed engarzada - Brut Nature Bijoux","og_description":"Este sello est\u00e1 elaborado en plata 925 maciza con una zoizita rub\u00ed engarzada, de tono azul claro con manchas fucsias.  Talla \u00fanica 59","og_url":"https:\/\/brutnaturebijoux.com\/producto\/vendue-en-argent-massif-925-avec-une-zoizite-rubis-sertie\/","og_site_name":"Brut Nature Bijoux","article_modified_time":"2025-06-02T13:49:22+00:00","og_image":[{"width":700,"height":700,"url":"https:\/\/brutnaturebijoux.com\/wp-content\/uploads\/2025\/06\/1056-sello-zoisita.jpg","type":"image\/jpeg"}],"twitter_card":"summary_large_image","twitter_misc":{"Tiempo de lectura":"1 minuto"},"schema":{"@context":"https:\/\/schema.org","@graph":[{"@type":"WebPage","@id":"https:\/\/brutnaturebijoux.com\/producto\/vendue-en-argent-massif-925-avec-une-zoizite-rubis-sertie\/","url":"https:\/\/brutnaturebijoux.com\/producto\/vendue-en-argent-massif-925-avec-une-zoizite-rubis-sertie\/","name":"Sell en plata 925 maciza con una zoizita rub\u00ed engarzada - Brut Nature Bijoux","isPartOf":{"@id":"https:\/\/brutnaturebijoux.com\/#website"},"primaryImageOfPage":{"@id":"https:\/\/brutnaturebijoux.com\/producto\/vendue-en-argent-massif-925-avec-une-zoizite-rubis-sertie\/#primaryimage"},"image":{"@id":"https:\/\/brutnaturebijoux.com\/producto\/vendue-en-argent-massif-925-avec-une-zoizite-rubis-sertie\/#primaryimage"},"thumbnailUrl":"https:\/\/brutnaturebijoux.com\/wp-content\/uploads\/2025\/06\/1056-sello-zoisita.jpg","datePublished":"2025-06-01T15:15:30+00:00","dateModified":"2025-06-02T13:49:22+00:00","breadcrumb":{"@id":"https:\/\/brutnaturebijoux.com\/producto\/vendue-en-argent-massif-925-avec-une-zoizite-rubis-sertie\/#breadcrumb"},"inLanguage":"es","potentialAction":[{"@type":"ReadAction","target":["https:\/\/brutnaturebijoux.com\/producto\/vendue-en-argent-massif-925-avec-une-zoizite-rubis-sertie\/"]}]},{"@type":"ImageObject","inLanguage":"es","@id":"https:\/\/brutnaturebijoux.com\/producto\/vendue-en-argent-massif-925-avec-une-zoizite-rubis-sertie\/#primaryimage","url":"https:\/\/brutnaturebijoux.com\/wp-content\/uploads\/2025\/06\/1056-sello-zoisita.jpg","contentUrl":"https:\/\/brutnaturebijoux.com\/wp-content\/uploads\/2025\/06\/1056-sello-zoisita.jpg","width":700,"height":700},{"@type":"BreadcrumbList","@id":"https:\/\/brutnaturebijoux.com\/producto\/vendue-en-argent-massif-925-avec-une-zoizite-rubis-sertie\/#breadcrumb","itemListElement":[{"@type":"ListItem","position":1,"name":"Portada","item":"https:\/\/brutnaturebijoux.com\/es\/"},{"@type":"ListItem","position":2,"name":"Tienda","item":"https:\/\/brutnaturebijoux.com\/boutique\/"},{"@type":"ListItem","position":3,"name":"Sell en plata 925 maciza con una zoizita rub\u00ed engarzada"}]},{"@type":"WebSite","@id":"https:\/\/brutnaturebijoux.com\/#website","url":"https:\/\/brutnaturebijoux.com\/","name":"Brut Nature Bijoux","description":"Joyer\u00eda artesanal en plata  gemas","potentialAction":[{"@type":"SearchAction","target":{"@type":"EntryPoint","urlTemplate":"https:\/\/brutnaturebijoux.com\/?s={search_term_string}"},"query-input":{"@type":"PropertyValueSpecification","valueRequired":true,"valueName":"search_term_string"}}],"inLanguage":"es"}]}},"_links":{"self":[{"href":"https:\/\/brutnaturebijoux.com\/es\/wp-json\/wp\/v2\/product\/3717","targetHints":{"allow":["GET"]}}],"collection":[{"href":"https:\/\/brutnaturebijoux.com\/es\/wp-json\/wp\/v2\/product"}],"about":[{"href":"https:\/\/brutnaturebijoux.com\/es\/wp-json\/wp\/v2\/types\/product"}],"wp:featuredmedia":[{"embeddable":true,"href":"https:\/\/brutnaturebijoux.com\/es\/wp-json\/wp\/v2\/media\/3566"}],"wp:attachment":[{"href":"https:\/\/brutnaturebijoux.com\/es\/wp-json\/wp\/v2\/media?parent=3717"}],"wp:term":[{"taxonomy":"product_brand","embeddable":true,"href":"https:\/\/brutnaturebijoux.com\/es\/wp-json\/wp\/v2\/product_brand?post=3717"},{"taxonomy":"product_cat","embeddable":true,"href":"https:\/\/brutnaturebijoux.com\/es\/wp-json\/wp\/v2\/product_cat?post=3717"},{"taxonomy":"product_tag","embeddable":true,"href":"https:\/\/brutnaturebijoux.com\/es\/wp-json\/wp\/v2\/product_tag?post=3717"}],"curies":[{"name":"wp","href":"https:\/\/api.w.org\/{rel}","templated":true}]}}