{"id":3716,"date":"2025-06-01T17:15:30","date_gmt":"2025-06-01T15:15:30","guid":{"rendered":"https:\/\/brutnaturebijoux.com\/product\/anillo-en-plata-925-de-forma-ovalada-con-una-montura-sencilla-que-acompana-a-una-piedra-de-charoita\/"},"modified":"2025-06-01T17:15:30","modified_gmt":"2025-06-01T15:15:30","slug":"anillo-en-plata-925-de-forma-ovalada-con-una-montura-sencilla-que-acompana-a-una-piedra-de-charoita","status":"publish","type":"product","link":"https:\/\/brutnaturebijoux.com\/es\/producto\/anillo-en-plata-925-de-forma-ovalada-con-una-montura-sencilla-que-acompana-a-una-piedra-de-charoita\/","title":{"rendered":"Anillo en plata 925 de forma ovalada con una montura sencilla que acompan\u0303a a una piedra de charoita."},"content":{"rendered":"<p>Anillo en plata 925 de forma ovalada con una montura sencilla que acompa\u00f1a a una piedra de charoita. El aro del anillo est\u00e1 elaborado con un hilo de media ca\u00f1a de 3,5 mm de ancho, que presenta una textura arenosa, aportando un aspecto \u00fanico y natural. La charoita es una piedra a la que se le atribuyen cualidades como la estimulaci\u00f3n de la creatividad, la liberaci\u00f3n de miedos y la conexi\u00f3n con la energ\u00eda interior. Su dise\u00f1o minimalista y la textura del aro lo convierten en una pieza c\u00f3moda de llevar y perfecta para quienes buscan un estilo discreto pero con un toque de originalidad.<br \/>\nTalla \u00fanica 54<\/p>\n","protected":false},"excerpt":{"rendered":"<p>Anillo en plata 925 de forma ovalada con una montura sencilla que acompa\u00f1a a una piedra de charoita.<br \/>\nTalla \u00fanica 54<\/p>\n","protected":false},"featured_media":3563,"template":"","meta":{"inline_featured_image":false},"product_brand":[],"product_cat":[63],"product_tag":[],"class_list":{"0":"post-3716","1":"product","2":"type-product","3":"status-publish","4":"has-post-thumbnail","6":"product_cat-anillos","8":"first","9":"instock","10":"shipping-taxable","11":"purchasable","12":"product-type-simple","13":"layout-style-1","14":"col-md-4 col-sm-4 col-xs-6","15":"col-lg-3","16":"product-style-default"},"yoast_head":"<!-- This site is optimized with the Yoast SEO plugin v27.4 - https:\/\/yoast.com\/product\/yoast-seo-wordpress\/ -->\n<title>Anillo en plata 925 de forma ovalada con una montura sencilla que acompan\u0303a a una piedra de charoita. - Brut Nature Bijoux<\/title>\n<meta name=\"robots\" content=\"index, follow, max-snippet:-1, max-image-preview:large, max-video-preview:-1\" \/>\n<link rel=\"canonical\" href=\"https:\/\/brutnaturebijoux.com\/producto\/bague-de-forme-ovale-en-argent-925-avec-une-monture-simple-qui-accompagne-une-pierre-de-charoite\/\" \/>\n<meta property=\"og:locale\" content=\"es_ES\" \/>\n<meta property=\"og:type\" content=\"article\" \/>\n<meta property=\"og:title\" content=\"Anillo en plata 925 de forma ovalada con una montura sencilla que acompan\u0303a a una piedra de charoita. - Brut Nature Bijoux\" \/>\n<meta property=\"og:description\" content=\"Anillo en plata 925 de forma ovalada con una montura sencilla que acompa\u00f1a a una piedra de charoita. Talla \u00fanica 54\" \/>\n<meta property=\"og:url\" content=\"https:\/\/brutnaturebijoux.com\/producto\/bague-de-forme-ovale-en-argent-925-avec-une-monture-simple-qui-accompagne-une-pierre-de-charoite\/\" \/>\n<meta property=\"og:site_name\" content=\"Brut Nature Bijoux\" \/>\n<meta property=\"og:image\" content=\"https:\/\/brutnaturebijoux.com\/wp-content\/uploads\/2025\/06\/1054.jpg\" \/>\n\t<meta property=\"og:image:width\" content=\"700\" \/>\n\t<meta property=\"og:image:height\" content=\"700\" \/>\n\t<meta property=\"og:image:type\" content=\"image\/jpeg\" \/>\n<meta name=\"twitter:card\" content=\"summary_large_image\" \/>\n<meta name=\"twitter:label1\" content=\"Tiempo de lectura\" \/>\n\t<meta name=\"twitter:data1\" content=\"1 minuto\" \/>\n<script type=\"application\/ld+json\" class=\"yoast-schema-graph\">{\"@context\":\"https:\\\/\\\/schema.org\",\"@graph\":[{\"@type\":\"WebPage\",\"@id\":\"https:\\\/\\\/brutnaturebijoux.com\\\/producto\\\/bague-de-forme-ovale-en-argent-925-avec-une-monture-simple-qui-accompagne-une-pierre-de-charoite\\\/\",\"url\":\"https:\\\/\\\/brutnaturebijoux.com\\\/producto\\\/bague-de-forme-ovale-en-argent-925-avec-une-monture-simple-qui-accompagne-une-pierre-de-charoite\\\/\",\"name\":\"Anillo en plata 925 de forma ovalada con una montura sencilla que acompan\u0303a a una piedra de charoita. - Brut Nature Bijoux\",\"isPartOf\":{\"@id\":\"https:\\\/\\\/brutnaturebijoux.com\\\/#website\"},\"primaryImageOfPage\":{\"@id\":\"https:\\\/\\\/brutnaturebijoux.com\\\/producto\\\/bague-de-forme-ovale-en-argent-925-avec-une-monture-simple-qui-accompagne-une-pierre-de-charoite\\\/#primaryimage\"},\"image\":{\"@id\":\"https:\\\/\\\/brutnaturebijoux.com\\\/producto\\\/bague-de-forme-ovale-en-argent-925-avec-une-monture-simple-qui-accompagne-une-pierre-de-charoite\\\/#primaryimage\"},\"thumbnailUrl\":\"https:\\\/\\\/brutnaturebijoux.com\\\/wp-content\\\/uploads\\\/2025\\\/06\\\/1054.jpg\",\"datePublished\":\"2025-06-01T15:15:30+00:00\",\"breadcrumb\":{\"@id\":\"https:\\\/\\\/brutnaturebijoux.com\\\/producto\\\/bague-de-forme-ovale-en-argent-925-avec-une-monture-simple-qui-accompagne-une-pierre-de-charoite\\\/#breadcrumb\"},\"inLanguage\":\"es\",\"potentialAction\":[{\"@type\":\"ReadAction\",\"target\":[\"https:\\\/\\\/brutnaturebijoux.com\\\/producto\\\/bague-de-forme-ovale-en-argent-925-avec-une-monture-simple-qui-accompagne-une-pierre-de-charoite\\\/\"]}]},{\"@type\":\"ImageObject\",\"inLanguage\":\"es\",\"@id\":\"https:\\\/\\\/brutnaturebijoux.com\\\/producto\\\/bague-de-forme-ovale-en-argent-925-avec-une-monture-simple-qui-accompagne-une-pierre-de-charoite\\\/#primaryimage\",\"url\":\"https:\\\/\\\/brutnaturebijoux.com\\\/wp-content\\\/uploads\\\/2025\\\/06\\\/1054.jpg\",\"contentUrl\":\"https:\\\/\\\/brutnaturebijoux.com\\\/wp-content\\\/uploads\\\/2025\\\/06\\\/1054.jpg\",\"width\":700,\"height\":700},{\"@type\":\"BreadcrumbList\",\"@id\":\"https:\\\/\\\/brutnaturebijoux.com\\\/producto\\\/bague-de-forme-ovale-en-argent-925-avec-une-monture-simple-qui-accompagne-une-pierre-de-charoite\\\/#breadcrumb\",\"itemListElement\":[{\"@type\":\"ListItem\",\"position\":1,\"name\":\"Portada\",\"item\":\"https:\\\/\\\/brutnaturebijoux.com\\\/es\\\/\"},{\"@type\":\"ListItem\",\"position\":2,\"name\":\"Tienda\",\"item\":\"https:\\\/\\\/brutnaturebijoux.com\\\/boutique\\\/\"},{\"@type\":\"ListItem\",\"position\":3,\"name\":\"Anillo en plata 925 de forma ovalada con una montura sencilla que acompan\u0303a a una piedra de charoita.\"}]},{\"@type\":\"WebSite\",\"@id\":\"https:\\\/\\\/brutnaturebijoux.com\\\/#website\",\"url\":\"https:\\\/\\\/brutnaturebijoux.com\\\/\",\"name\":\"Brut Nature Bijoux\",\"description\":\"Joyer\u00eda artesanal en plata  gemas\",\"potentialAction\":[{\"@type\":\"SearchAction\",\"target\":{\"@type\":\"EntryPoint\",\"urlTemplate\":\"https:\\\/\\\/brutnaturebijoux.com\\\/?s={search_term_string}\"},\"query-input\":{\"@type\":\"PropertyValueSpecification\",\"valueRequired\":true,\"valueName\":\"search_term_string\"}}],\"inLanguage\":\"es\"}]}<\/script>\n<!-- \/ Yoast SEO plugin. -->","yoast_head_json":{"title":"Anillo en plata 925 de forma ovalada con una montura sencilla que acompan\u0303a a una piedra de charoita. - Brut Nature Bijoux","robots":{"index":"index","follow":"follow","max-snippet":"max-snippet:-1","max-image-preview":"max-image-preview:large","max-video-preview":"max-video-preview:-1"},"canonical":"https:\/\/brutnaturebijoux.com\/producto\/bague-de-forme-ovale-en-argent-925-avec-une-monture-simple-qui-accompagne-une-pierre-de-charoite\/","og_locale":"es_ES","og_type":"article","og_title":"Anillo en plata 925 de forma ovalada con una montura sencilla que acompan\u0303a a una piedra de charoita. - Brut Nature Bijoux","og_description":"Anillo en plata 925 de forma ovalada con una montura sencilla que acompa\u00f1a a una piedra de charoita. Talla \u00fanica 54","og_url":"https:\/\/brutnaturebijoux.com\/producto\/bague-de-forme-ovale-en-argent-925-avec-une-monture-simple-qui-accompagne-une-pierre-de-charoite\/","og_site_name":"Brut Nature Bijoux","og_image":[{"width":700,"height":700,"url":"https:\/\/brutnaturebijoux.com\/wp-content\/uploads\/2025\/06\/1054.jpg","type":"image\/jpeg"}],"twitter_card":"summary_large_image","twitter_misc":{"Tiempo de lectura":"1 minuto"},"schema":{"@context":"https:\/\/schema.org","@graph":[{"@type":"WebPage","@id":"https:\/\/brutnaturebijoux.com\/producto\/bague-de-forme-ovale-en-argent-925-avec-une-monture-simple-qui-accompagne-une-pierre-de-charoite\/","url":"https:\/\/brutnaturebijoux.com\/producto\/bague-de-forme-ovale-en-argent-925-avec-une-monture-simple-qui-accompagne-une-pierre-de-charoite\/","name":"Anillo en plata 925 de forma ovalada con una montura sencilla que acompan\u0303a a una piedra de charoita. - Brut Nature Bijoux","isPartOf":{"@id":"https:\/\/brutnaturebijoux.com\/#website"},"primaryImageOfPage":{"@id":"https:\/\/brutnaturebijoux.com\/producto\/bague-de-forme-ovale-en-argent-925-avec-une-monture-simple-qui-accompagne-une-pierre-de-charoite\/#primaryimage"},"image":{"@id":"https:\/\/brutnaturebijoux.com\/producto\/bague-de-forme-ovale-en-argent-925-avec-une-monture-simple-qui-accompagne-une-pierre-de-charoite\/#primaryimage"},"thumbnailUrl":"https:\/\/brutnaturebijoux.com\/wp-content\/uploads\/2025\/06\/1054.jpg","datePublished":"2025-06-01T15:15:30+00:00","breadcrumb":{"@id":"https:\/\/brutnaturebijoux.com\/producto\/bague-de-forme-ovale-en-argent-925-avec-une-monture-simple-qui-accompagne-une-pierre-de-charoite\/#breadcrumb"},"inLanguage":"es","potentialAction":[{"@type":"ReadAction","target":["https:\/\/brutnaturebijoux.com\/producto\/bague-de-forme-ovale-en-argent-925-avec-une-monture-simple-qui-accompagne-une-pierre-de-charoite\/"]}]},{"@type":"ImageObject","inLanguage":"es","@id":"https:\/\/brutnaturebijoux.com\/producto\/bague-de-forme-ovale-en-argent-925-avec-une-monture-simple-qui-accompagne-une-pierre-de-charoite\/#primaryimage","url":"https:\/\/brutnaturebijoux.com\/wp-content\/uploads\/2025\/06\/1054.jpg","contentUrl":"https:\/\/brutnaturebijoux.com\/wp-content\/uploads\/2025\/06\/1054.jpg","width":700,"height":700},{"@type":"BreadcrumbList","@id":"https:\/\/brutnaturebijoux.com\/producto\/bague-de-forme-ovale-en-argent-925-avec-une-monture-simple-qui-accompagne-une-pierre-de-charoite\/#breadcrumb","itemListElement":[{"@type":"ListItem","position":1,"name":"Portada","item":"https:\/\/brutnaturebijoux.com\/es\/"},{"@type":"ListItem","position":2,"name":"Tienda","item":"https:\/\/brutnaturebijoux.com\/boutique\/"},{"@type":"ListItem","position":3,"name":"Anillo en plata 925 de forma ovalada con una montura sencilla que acompan\u0303a a una piedra de charoita."}]},{"@type":"WebSite","@id":"https:\/\/brutnaturebijoux.com\/#website","url":"https:\/\/brutnaturebijoux.com\/","name":"Brut Nature Bijoux","description":"Joyer\u00eda artesanal en plata  gemas","potentialAction":[{"@type":"SearchAction","target":{"@type":"EntryPoint","urlTemplate":"https:\/\/brutnaturebijoux.com\/?s={search_term_string}"},"query-input":{"@type":"PropertyValueSpecification","valueRequired":true,"valueName":"search_term_string"}}],"inLanguage":"es"}]}},"_links":{"self":[{"href":"https:\/\/brutnaturebijoux.com\/es\/wp-json\/wp\/v2\/product\/3716","targetHints":{"allow":["GET"]}}],"collection":[{"href":"https:\/\/brutnaturebijoux.com\/es\/wp-json\/wp\/v2\/product"}],"about":[{"href":"https:\/\/brutnaturebijoux.com\/es\/wp-json\/wp\/v2\/types\/product"}],"wp:featuredmedia":[{"embeddable":true,"href":"https:\/\/brutnaturebijoux.com\/es\/wp-json\/wp\/v2\/media\/3563"}],"wp:attachment":[{"href":"https:\/\/brutnaturebijoux.com\/es\/wp-json\/wp\/v2\/media?parent=3716"}],"wp:term":[{"taxonomy":"product_brand","embeddable":true,"href":"https:\/\/brutnaturebijoux.com\/es\/wp-json\/wp\/v2\/product_brand?post=3716"},{"taxonomy":"product_cat","embeddable":true,"href":"https:\/\/brutnaturebijoux.com\/es\/wp-json\/wp\/v2\/product_cat?post=3716"},{"taxonomy":"product_tag","embeddable":true,"href":"https:\/\/brutnaturebijoux.com\/es\/wp-json\/wp\/v2\/product_tag?post=3716"}],"curies":[{"name":"wp","href":"https:\/\/api.w.org\/{rel}","templated":true}]}}