{"id":3712,"date":"2025-06-01T17:15:30","date_gmt":"2025-06-01T15:15:30","guid":{"rendered":"https:\/\/brutnaturebijoux.com\/product\/anillo-en-plata-925-envejecida-con-motivo-en-relieve-de-hoja-de-clavel-silvestre-geranium-robertianum\/"},"modified":"2025-06-11T16:47:47","modified_gmt":"2025-06-11T14:47:47","slug":"anillo-en-plata-925-envejecida-con-motivo-en-relieve-de-hoja-de-clavel-silvestre-geranium-robertianum","status":"publish","type":"product","link":"https:\/\/brutnaturebijoux.com\/es\/producto\/anillo-en-plata-925-envejecida-con-motivo-en-relieve-de-hoja-de-clavel-silvestre-geranium-robertianum\/","title":{"rendered":"Anillo en plata 925 envejecida con motivo en relieve de hoja de clavel silvestre (Geranium robertianum)"},"content":{"rendered":"<p>El clavel silvestre, tambi\u00e9n conocido como geranio de San Roberto, es una planta llena de simbolismo y tradici\u00f3n. Se asocia con la resistencia y la protecci\u00f3n, ya que crece en terrenos rocosos y sombr\u00edos, adapt\u00e1ndose a condiciones dif\u00edciles. En la antig\u00fcedad, se le consideraba una hierba m\u00e1gica capaz de alejar el mal y atraer la armon\u00eda.<br \/>\nEn la medicina tradicional, el Geranium robertianum ha sido valorado por sus propiedades cicatrizantes, antiinflamatorias y antis\u00e9pticas. Se ha utilizado como remedio natural para tratar heridas, problemas de la piel y afecciones digestivas. Tambi\u00e9n se cree que fortalece el sistema inmunol\u00f3gico y purifica la sangre.<br \/>\nSeg\u00fan la leyenda, su nombre proviene de San Roberto de Molesmes, un monje benedictino del siglo XI que habr\u00eda utilizado esta planta para curar enfermos. Otra creencia popular dice que, si se coloca cerca de la entrada de una casa, el geranio de San Roberto protege el hogar y atrae energ\u00edas positivas.<br \/>\nEste anillo simboliza la fortaleza, la sanaci\u00f3n y la conexi\u00f3n con la naturaleza, ideal para quienes buscan una joya con historia y significado profundo.<br \/>\nDisponible en todas las tallas<\/p>\n","protected":false},"excerpt":{"rendered":"<p>El clavel silvestre, tambi\u00e9n conocido como geranio de San Roberto, es una planta llena de simbolismo y tradici\u00f3n.<br \/>\nDisponible en todas las tallas<\/p>\n","protected":false},"featured_media":3518,"template":"","meta":{"inline_featured_image":false},"product_brand":[],"product_cat":[63],"product_tag":[],"class_list":{"0":"post-3712","1":"product","2":"type-product","3":"status-publish","4":"has-post-thumbnail","6":"product_cat-anillos","8":"first","9":"instock","10":"shipping-taxable","11":"purchasable","12":"product-type-simple","13":"layout-style-1","14":"col-md-4 col-sm-4 col-xs-6","15":"col-lg-3","16":"product-has-gallery","17":"product-style-default"},"yoast_head":"<!-- This site is optimized with the Yoast SEO plugin v27.4 - https:\/\/yoast.com\/product\/yoast-seo-wordpress\/ -->\n<title>Anillo en plata 925 envejecida con motivo en relieve de hoja de clavel silvestre (Geranium robertianum) - Brut Nature Bijoux<\/title>\n<meta name=\"robots\" content=\"index, follow, max-snippet:-1, max-image-preview:large, max-video-preview:-1\" \/>\n<link rel=\"canonical\" href=\"https:\/\/brutnaturebijoux.com\/producto\/bague-en-argent-925-antique-avec-motif-de-feuille-doeillet-sauvage-geranium-robertianum-en-relief\/\" \/>\n<meta property=\"og:locale\" content=\"es_ES\" \/>\n<meta property=\"og:type\" content=\"article\" \/>\n<meta property=\"og:title\" content=\"Anillo en plata 925 envejecida con motivo en relieve de hoja de clavel silvestre (Geranium robertianum) - Brut Nature Bijoux\" \/>\n<meta property=\"og:description\" content=\"El clavel silvestre, tambi\u00e9n conocido como geranio de San Roberto, es una planta llena de simbolismo y tradici\u00f3n. Disponible en todas las tallas\" \/>\n<meta property=\"og:url\" content=\"https:\/\/brutnaturebijoux.com\/producto\/bague-en-argent-925-antique-avec-motif-de-feuille-doeillet-sauvage-geranium-robertianum-en-relief\/\" \/>\n<meta property=\"og:site_name\" content=\"Brut Nature Bijoux\" \/>\n<meta property=\"article:modified_time\" content=\"2025-06-11T14:47:47+00:00\" \/>\n<meta property=\"og:image\" content=\"https:\/\/brutnaturebijoux.com\/wp-content\/uploads\/2025\/06\/1034-clavel-silvestre.jpg\" \/>\n\t<meta property=\"og:image:width\" content=\"700\" \/>\n\t<meta property=\"og:image:height\" content=\"700\" \/>\n\t<meta property=\"og:image:type\" content=\"image\/jpeg\" \/>\n<meta name=\"twitter:card\" content=\"summary_large_image\" \/>\n<meta name=\"twitter:label1\" content=\"Tiempo de lectura\" \/>\n\t<meta name=\"twitter:data1\" content=\"2 minutos\" \/>\n<script type=\"application\/ld+json\" class=\"yoast-schema-graph\">{\"@context\":\"https:\\\/\\\/schema.org\",\"@graph\":[{\"@type\":\"WebPage\",\"@id\":\"https:\\\/\\\/brutnaturebijoux.com\\\/producto\\\/bague-en-argent-925-antique-avec-motif-de-feuille-doeillet-sauvage-geranium-robertianum-en-relief\\\/\",\"url\":\"https:\\\/\\\/brutnaturebijoux.com\\\/producto\\\/bague-en-argent-925-antique-avec-motif-de-feuille-doeillet-sauvage-geranium-robertianum-en-relief\\\/\",\"name\":\"Anillo en plata 925 envejecida con motivo en relieve de hoja de clavel silvestre (Geranium robertianum) - Brut Nature Bijoux\",\"isPartOf\":{\"@id\":\"https:\\\/\\\/brutnaturebijoux.com\\\/#website\"},\"primaryImageOfPage\":{\"@id\":\"https:\\\/\\\/brutnaturebijoux.com\\\/producto\\\/bague-en-argent-925-antique-avec-motif-de-feuille-doeillet-sauvage-geranium-robertianum-en-relief\\\/#primaryimage\"},\"image\":{\"@id\":\"https:\\\/\\\/brutnaturebijoux.com\\\/producto\\\/bague-en-argent-925-antique-avec-motif-de-feuille-doeillet-sauvage-geranium-robertianum-en-relief\\\/#primaryimage\"},\"thumbnailUrl\":\"https:\\\/\\\/brutnaturebijoux.com\\\/wp-content\\\/uploads\\\/2025\\\/06\\\/1034-clavel-silvestre.jpg\",\"datePublished\":\"2025-06-01T15:15:30+00:00\",\"dateModified\":\"2025-06-11T14:47:47+00:00\",\"breadcrumb\":{\"@id\":\"https:\\\/\\\/brutnaturebijoux.com\\\/producto\\\/bague-en-argent-925-antique-avec-motif-de-feuille-doeillet-sauvage-geranium-robertianum-en-relief\\\/#breadcrumb\"},\"inLanguage\":\"es\",\"potentialAction\":[{\"@type\":\"ReadAction\",\"target\":[\"https:\\\/\\\/brutnaturebijoux.com\\\/producto\\\/bague-en-argent-925-antique-avec-motif-de-feuille-doeillet-sauvage-geranium-robertianum-en-relief\\\/\"]}]},{\"@type\":\"ImageObject\",\"inLanguage\":\"es\",\"@id\":\"https:\\\/\\\/brutnaturebijoux.com\\\/producto\\\/bague-en-argent-925-antique-avec-motif-de-feuille-doeillet-sauvage-geranium-robertianum-en-relief\\\/#primaryimage\",\"url\":\"https:\\\/\\\/brutnaturebijoux.com\\\/wp-content\\\/uploads\\\/2025\\\/06\\\/1034-clavel-silvestre.jpg\",\"contentUrl\":\"https:\\\/\\\/brutnaturebijoux.com\\\/wp-content\\\/uploads\\\/2025\\\/06\\\/1034-clavel-silvestre.jpg\",\"width\":700,\"height\":700},{\"@type\":\"BreadcrumbList\",\"@id\":\"https:\\\/\\\/brutnaturebijoux.com\\\/producto\\\/bague-en-argent-925-antique-avec-motif-de-feuille-doeillet-sauvage-geranium-robertianum-en-relief\\\/#breadcrumb\",\"itemListElement\":[{\"@type\":\"ListItem\",\"position\":1,\"name\":\"Portada\",\"item\":\"https:\\\/\\\/brutnaturebijoux.com\\\/es\\\/\"},{\"@type\":\"ListItem\",\"position\":2,\"name\":\"Tienda\",\"item\":\"https:\\\/\\\/brutnaturebijoux.com\\\/boutique\\\/\"},{\"@type\":\"ListItem\",\"position\":3,\"name\":\"Anillo en plata 925 envejecida con motivo en relieve de hoja de clavel silvestre (Geranium robertianum)\"}]},{\"@type\":\"WebSite\",\"@id\":\"https:\\\/\\\/brutnaturebijoux.com\\\/#website\",\"url\":\"https:\\\/\\\/brutnaturebijoux.com\\\/\",\"name\":\"Brut Nature Bijoux\",\"description\":\"Joyer\u00eda artesanal en plata  gemas\",\"potentialAction\":[{\"@type\":\"SearchAction\",\"target\":{\"@type\":\"EntryPoint\",\"urlTemplate\":\"https:\\\/\\\/brutnaturebijoux.com\\\/?s={search_term_string}\"},\"query-input\":{\"@type\":\"PropertyValueSpecification\",\"valueRequired\":true,\"valueName\":\"search_term_string\"}}],\"inLanguage\":\"es\"}]}<\/script>\n<!-- \/ Yoast SEO plugin. -->","yoast_head_json":{"title":"Anillo en plata 925 envejecida con motivo en relieve de hoja de clavel silvestre (Geranium robertianum) - Brut Nature Bijoux","robots":{"index":"index","follow":"follow","max-snippet":"max-snippet:-1","max-image-preview":"max-image-preview:large","max-video-preview":"max-video-preview:-1"},"canonical":"https:\/\/brutnaturebijoux.com\/producto\/bague-en-argent-925-antique-avec-motif-de-feuille-doeillet-sauvage-geranium-robertianum-en-relief\/","og_locale":"es_ES","og_type":"article","og_title":"Anillo en plata 925 envejecida con motivo en relieve de hoja de clavel silvestre (Geranium robertianum) - Brut Nature Bijoux","og_description":"El clavel silvestre, tambi\u00e9n conocido como geranio de San Roberto, es una planta llena de simbolismo y tradici\u00f3n. Disponible en todas las tallas","og_url":"https:\/\/brutnaturebijoux.com\/producto\/bague-en-argent-925-antique-avec-motif-de-feuille-doeillet-sauvage-geranium-robertianum-en-relief\/","og_site_name":"Brut Nature Bijoux","article_modified_time":"2025-06-11T14:47:47+00:00","og_image":[{"width":700,"height":700,"url":"https:\/\/brutnaturebijoux.com\/wp-content\/uploads\/2025\/06\/1034-clavel-silvestre.jpg","type":"image\/jpeg"}],"twitter_card":"summary_large_image","twitter_misc":{"Tiempo de lectura":"2 minutos"},"schema":{"@context":"https:\/\/schema.org","@graph":[{"@type":"WebPage","@id":"https:\/\/brutnaturebijoux.com\/producto\/bague-en-argent-925-antique-avec-motif-de-feuille-doeillet-sauvage-geranium-robertianum-en-relief\/","url":"https:\/\/brutnaturebijoux.com\/producto\/bague-en-argent-925-antique-avec-motif-de-feuille-doeillet-sauvage-geranium-robertianum-en-relief\/","name":"Anillo en plata 925 envejecida con motivo en relieve de hoja de clavel silvestre (Geranium robertianum) - Brut Nature Bijoux","isPartOf":{"@id":"https:\/\/brutnaturebijoux.com\/#website"},"primaryImageOfPage":{"@id":"https:\/\/brutnaturebijoux.com\/producto\/bague-en-argent-925-antique-avec-motif-de-feuille-doeillet-sauvage-geranium-robertianum-en-relief\/#primaryimage"},"image":{"@id":"https:\/\/brutnaturebijoux.com\/producto\/bague-en-argent-925-antique-avec-motif-de-feuille-doeillet-sauvage-geranium-robertianum-en-relief\/#primaryimage"},"thumbnailUrl":"https:\/\/brutnaturebijoux.com\/wp-content\/uploads\/2025\/06\/1034-clavel-silvestre.jpg","datePublished":"2025-06-01T15:15:30+00:00","dateModified":"2025-06-11T14:47:47+00:00","breadcrumb":{"@id":"https:\/\/brutnaturebijoux.com\/producto\/bague-en-argent-925-antique-avec-motif-de-feuille-doeillet-sauvage-geranium-robertianum-en-relief\/#breadcrumb"},"inLanguage":"es","potentialAction":[{"@type":"ReadAction","target":["https:\/\/brutnaturebijoux.com\/producto\/bague-en-argent-925-antique-avec-motif-de-feuille-doeillet-sauvage-geranium-robertianum-en-relief\/"]}]},{"@type":"ImageObject","inLanguage":"es","@id":"https:\/\/brutnaturebijoux.com\/producto\/bague-en-argent-925-antique-avec-motif-de-feuille-doeillet-sauvage-geranium-robertianum-en-relief\/#primaryimage","url":"https:\/\/brutnaturebijoux.com\/wp-content\/uploads\/2025\/06\/1034-clavel-silvestre.jpg","contentUrl":"https:\/\/brutnaturebijoux.com\/wp-content\/uploads\/2025\/06\/1034-clavel-silvestre.jpg","width":700,"height":700},{"@type":"BreadcrumbList","@id":"https:\/\/brutnaturebijoux.com\/producto\/bague-en-argent-925-antique-avec-motif-de-feuille-doeillet-sauvage-geranium-robertianum-en-relief\/#breadcrumb","itemListElement":[{"@type":"ListItem","position":1,"name":"Portada","item":"https:\/\/brutnaturebijoux.com\/es\/"},{"@type":"ListItem","position":2,"name":"Tienda","item":"https:\/\/brutnaturebijoux.com\/boutique\/"},{"@type":"ListItem","position":3,"name":"Anillo en plata 925 envejecida con motivo en relieve de hoja de clavel silvestre (Geranium robertianum)"}]},{"@type":"WebSite","@id":"https:\/\/brutnaturebijoux.com\/#website","url":"https:\/\/brutnaturebijoux.com\/","name":"Brut Nature Bijoux","description":"Joyer\u00eda artesanal en plata  gemas","potentialAction":[{"@type":"SearchAction","target":{"@type":"EntryPoint","urlTemplate":"https:\/\/brutnaturebijoux.com\/?s={search_term_string}"},"query-input":{"@type":"PropertyValueSpecification","valueRequired":true,"valueName":"search_term_string"}}],"inLanguage":"es"}]}},"_links":{"self":[{"href":"https:\/\/brutnaturebijoux.com\/es\/wp-json\/wp\/v2\/product\/3712","targetHints":{"allow":["GET"]}}],"collection":[{"href":"https:\/\/brutnaturebijoux.com\/es\/wp-json\/wp\/v2\/product"}],"about":[{"href":"https:\/\/brutnaturebijoux.com\/es\/wp-json\/wp\/v2\/types\/product"}],"wp:featuredmedia":[{"embeddable":true,"href":"https:\/\/brutnaturebijoux.com\/es\/wp-json\/wp\/v2\/media\/3518"}],"wp:attachment":[{"href":"https:\/\/brutnaturebijoux.com\/es\/wp-json\/wp\/v2\/media?parent=3712"}],"wp:term":[{"taxonomy":"product_brand","embeddable":true,"href":"https:\/\/brutnaturebijoux.com\/es\/wp-json\/wp\/v2\/product_brand?post=3712"},{"taxonomy":"product_cat","embeddable":true,"href":"https:\/\/brutnaturebijoux.com\/es\/wp-json\/wp\/v2\/product_cat?post=3712"},{"taxonomy":"product_tag","embeddable":true,"href":"https:\/\/brutnaturebijoux.com\/es\/wp-json\/wp\/v2\/product_tag?post=3712"}],"curies":[{"name":"wp","href":"https:\/\/api.w.org\/{rel}","templated":true}]}}