{"id":3711,"date":"2025-06-01T17:15:30","date_gmt":"2025-06-01T15:15:30","guid":{"rendered":"https:\/\/brutnaturebijoux.com\/product\/anillo-en-plata-925-envejecida-con-motivo-en-relieve-de-una-hoja-de-laurel\/"},"modified":"2025-06-11T16:41:51","modified_gmt":"2025-06-11T14:41:51","slug":"anillo-en-plata-925-envejecida-con-motivo-en-relieve-de-una-hoja-de-laurel","status":"publish","type":"product","link":"https:\/\/brutnaturebijoux.com\/es\/producto\/anillo-en-plata-925-envejecida-con-motivo-en-relieve-de-una-hoja-de-laurel\/","title":{"rendered":"Anillo en plata 925 envejecida con motivo en relieve de una hoja de laurel"},"content":{"rendered":"<p>El laurel es un s\u00edmbolo de sabidur\u00eda, protecci\u00f3n y victoria. En la antigua Grecia y Roma, las coronas de laurel se otorgaban a los sabios y a los h\u00e9roes como emblema de honor y triunfo.<br \/>\nAdem\u00e1s de su fuerte carga simb\u00f3lica, el laurel ha sido apreciado desde tiempos ancestrales por sus propiedades medicinales. Sus hojas contienen aceites esenciales con efectos antiinflamatorios, digestivos y anti-bacterianos. Se ha utilizado en infusiones y ung\u00fcentos para aliviar dolores musculares, mejorar la digesti\u00f3n y fortalecer el sistema inmunol\u00f3gico.<br \/>\nEn la mitolog\u00eda, el laurel est\u00e1 vinculado a la historia de Dafne y Apolo. Seg\u00fan la leyenda, la ninfa Dafne, para escapar del amor insistente del dios Apolo, fue transformada en un \u00e1rbol de laurel por su padre, el dios del r\u00edo. Desde entonces, el laurel fue considerado un \u00e1rbol sagrado, s\u00edmbolo de pureza y protecci\u00f3n. Tambi\u00e9n se le atribuye el poder de resguardar contra amores t\u00f3xicos, convirti\u00e9ndose en un amuleto para la independencia y la claridad emocional.<br \/>\nDisponible en todas las tallas<\/p>\n","protected":false},"excerpt":{"rendered":"<p>El laurel es un s\u00edmbolo de sabidur\u00eda, protecci\u00f3n y victoria. En la antigua Grecia y Roma, las coronas de laurel se otorgaban a los sabios y a los h\u00e9roes como emblema de honor y triunfo.<br \/>\nDisponible en todas las tallas<\/p>\n","protected":false},"featured_media":3500,"template":"","meta":{"inline_featured_image":false},"product_brand":[],"product_cat":[63],"product_tag":[],"class_list":{"0":"post-3711","1":"product","2":"type-product","3":"status-publish","4":"has-post-thumbnail","6":"product_cat-anillos","8":"first","9":"instock","10":"shipping-taxable","11":"purchasable","12":"product-type-simple","13":"layout-style-1","14":"col-md-4 col-sm-4 col-xs-6","15":"col-lg-3","16":"product-has-gallery","17":"product-style-default"},"yoast_head":"<!-- This site is optimized with the Yoast SEO plugin v27.4 - https:\/\/yoast.com\/product\/yoast-seo-wordpress\/ -->\n<title>Anillo en plata 925 envejecida con motivo en relieve de una hoja de laurel - Brut Nature Bijoux<\/title>\n<meta name=\"robots\" content=\"index, follow, max-snippet:-1, max-image-preview:large, max-video-preview:-1\" \/>\n<link rel=\"canonical\" href=\"https:\/\/brutnaturebijoux.com\/producto\/bague-ancienne-en-argent-925-avec-un-motif-de-feuilles-de-laurier-en-relief\/\" \/>\n<meta property=\"og:locale\" content=\"es_ES\" \/>\n<meta property=\"og:type\" content=\"article\" \/>\n<meta property=\"og:title\" content=\"Anillo en plata 925 envejecida con motivo en relieve de una hoja de laurel - Brut Nature Bijoux\" \/>\n<meta property=\"og:description\" content=\"El laurel es un s\u00edmbolo de sabidur\u00eda, protecci\u00f3n y victoria. En la antigua Grecia y Roma, las coronas de laurel se otorgaban a los sabios y a los h\u00e9roes como emblema de honor y triunfo. Disponible en todas las tallas\" \/>\n<meta property=\"og:url\" content=\"https:\/\/brutnaturebijoux.com\/producto\/bague-ancienne-en-argent-925-avec-un-motif-de-feuilles-de-laurier-en-relief\/\" \/>\n<meta property=\"og:site_name\" content=\"Brut Nature Bijoux\" \/>\n<meta property=\"article:modified_time\" content=\"2025-06-11T14:41:51+00:00\" \/>\n<meta property=\"og:image\" content=\"https:\/\/brutnaturebijoux.com\/wp-content\/uploads\/2025\/06\/1032-hoja-laurel.jpg\" \/>\n\t<meta property=\"og:image:width\" content=\"700\" \/>\n\t<meta property=\"og:image:height\" content=\"700\" \/>\n\t<meta property=\"og:image:type\" content=\"image\/jpeg\" \/>\n<meta name=\"twitter:card\" content=\"summary_large_image\" \/>\n<meta name=\"twitter:label1\" content=\"Tiempo de lectura\" \/>\n\t<meta name=\"twitter:data1\" content=\"1 minuto\" \/>\n<script type=\"application\/ld+json\" class=\"yoast-schema-graph\">{\"@context\":\"https:\\\/\\\/schema.org\",\"@graph\":[{\"@type\":\"WebPage\",\"@id\":\"https:\\\/\\\/brutnaturebijoux.com\\\/producto\\\/bague-ancienne-en-argent-925-avec-un-motif-de-feuilles-de-laurier-en-relief\\\/\",\"url\":\"https:\\\/\\\/brutnaturebijoux.com\\\/producto\\\/bague-ancienne-en-argent-925-avec-un-motif-de-feuilles-de-laurier-en-relief\\\/\",\"name\":\"Anillo en plata 925 envejecida con motivo en relieve de una hoja de laurel - Brut Nature Bijoux\",\"isPartOf\":{\"@id\":\"https:\\\/\\\/brutnaturebijoux.com\\\/#website\"},\"primaryImageOfPage\":{\"@id\":\"https:\\\/\\\/brutnaturebijoux.com\\\/producto\\\/bague-ancienne-en-argent-925-avec-un-motif-de-feuilles-de-laurier-en-relief\\\/#primaryimage\"},\"image\":{\"@id\":\"https:\\\/\\\/brutnaturebijoux.com\\\/producto\\\/bague-ancienne-en-argent-925-avec-un-motif-de-feuilles-de-laurier-en-relief\\\/#primaryimage\"},\"thumbnailUrl\":\"https:\\\/\\\/brutnaturebijoux.com\\\/wp-content\\\/uploads\\\/2025\\\/06\\\/1032-hoja-laurel.jpg\",\"datePublished\":\"2025-06-01T15:15:30+00:00\",\"dateModified\":\"2025-06-11T14:41:51+00:00\",\"breadcrumb\":{\"@id\":\"https:\\\/\\\/brutnaturebijoux.com\\\/producto\\\/bague-ancienne-en-argent-925-avec-un-motif-de-feuilles-de-laurier-en-relief\\\/#breadcrumb\"},\"inLanguage\":\"es\",\"potentialAction\":[{\"@type\":\"ReadAction\",\"target\":[\"https:\\\/\\\/brutnaturebijoux.com\\\/producto\\\/bague-ancienne-en-argent-925-avec-un-motif-de-feuilles-de-laurier-en-relief\\\/\"]}]},{\"@type\":\"ImageObject\",\"inLanguage\":\"es\",\"@id\":\"https:\\\/\\\/brutnaturebijoux.com\\\/producto\\\/bague-ancienne-en-argent-925-avec-un-motif-de-feuilles-de-laurier-en-relief\\\/#primaryimage\",\"url\":\"https:\\\/\\\/brutnaturebijoux.com\\\/wp-content\\\/uploads\\\/2025\\\/06\\\/1032-hoja-laurel.jpg\",\"contentUrl\":\"https:\\\/\\\/brutnaturebijoux.com\\\/wp-content\\\/uploads\\\/2025\\\/06\\\/1032-hoja-laurel.jpg\",\"width\":700,\"height\":700},{\"@type\":\"BreadcrumbList\",\"@id\":\"https:\\\/\\\/brutnaturebijoux.com\\\/producto\\\/bague-ancienne-en-argent-925-avec-un-motif-de-feuilles-de-laurier-en-relief\\\/#breadcrumb\",\"itemListElement\":[{\"@type\":\"ListItem\",\"position\":1,\"name\":\"Portada\",\"item\":\"https:\\\/\\\/brutnaturebijoux.com\\\/es\\\/\"},{\"@type\":\"ListItem\",\"position\":2,\"name\":\"Tienda\",\"item\":\"https:\\\/\\\/brutnaturebijoux.com\\\/boutique\\\/\"},{\"@type\":\"ListItem\",\"position\":3,\"name\":\"Anillo en plata 925 envejecida con motivo en relieve de una hoja de laurel\"}]},{\"@type\":\"WebSite\",\"@id\":\"https:\\\/\\\/brutnaturebijoux.com\\\/#website\",\"url\":\"https:\\\/\\\/brutnaturebijoux.com\\\/\",\"name\":\"Brut Nature Bijoux\",\"description\":\"Joyer\u00eda artesanal en plata  gemas\",\"potentialAction\":[{\"@type\":\"SearchAction\",\"target\":{\"@type\":\"EntryPoint\",\"urlTemplate\":\"https:\\\/\\\/brutnaturebijoux.com\\\/?s={search_term_string}\"},\"query-input\":{\"@type\":\"PropertyValueSpecification\",\"valueRequired\":true,\"valueName\":\"search_term_string\"}}],\"inLanguage\":\"es\"}]}<\/script>\n<!-- \/ Yoast SEO plugin. -->","yoast_head_json":{"title":"Anillo en plata 925 envejecida con motivo en relieve de una hoja de laurel - Brut Nature Bijoux","robots":{"index":"index","follow":"follow","max-snippet":"max-snippet:-1","max-image-preview":"max-image-preview:large","max-video-preview":"max-video-preview:-1"},"canonical":"https:\/\/brutnaturebijoux.com\/producto\/bague-ancienne-en-argent-925-avec-un-motif-de-feuilles-de-laurier-en-relief\/","og_locale":"es_ES","og_type":"article","og_title":"Anillo en plata 925 envejecida con motivo en relieve de una hoja de laurel - Brut Nature Bijoux","og_description":"El laurel es un s\u00edmbolo de sabidur\u00eda, protecci\u00f3n y victoria. En la antigua Grecia y Roma, las coronas de laurel se otorgaban a los sabios y a los h\u00e9roes como emblema de honor y triunfo. Disponible en todas las tallas","og_url":"https:\/\/brutnaturebijoux.com\/producto\/bague-ancienne-en-argent-925-avec-un-motif-de-feuilles-de-laurier-en-relief\/","og_site_name":"Brut Nature Bijoux","article_modified_time":"2025-06-11T14:41:51+00:00","og_image":[{"width":700,"height":700,"url":"https:\/\/brutnaturebijoux.com\/wp-content\/uploads\/2025\/06\/1032-hoja-laurel.jpg","type":"image\/jpeg"}],"twitter_card":"summary_large_image","twitter_misc":{"Tiempo de lectura":"1 minuto"},"schema":{"@context":"https:\/\/schema.org","@graph":[{"@type":"WebPage","@id":"https:\/\/brutnaturebijoux.com\/producto\/bague-ancienne-en-argent-925-avec-un-motif-de-feuilles-de-laurier-en-relief\/","url":"https:\/\/brutnaturebijoux.com\/producto\/bague-ancienne-en-argent-925-avec-un-motif-de-feuilles-de-laurier-en-relief\/","name":"Anillo en plata 925 envejecida con motivo en relieve de una hoja de laurel - Brut Nature Bijoux","isPartOf":{"@id":"https:\/\/brutnaturebijoux.com\/#website"},"primaryImageOfPage":{"@id":"https:\/\/brutnaturebijoux.com\/producto\/bague-ancienne-en-argent-925-avec-un-motif-de-feuilles-de-laurier-en-relief\/#primaryimage"},"image":{"@id":"https:\/\/brutnaturebijoux.com\/producto\/bague-ancienne-en-argent-925-avec-un-motif-de-feuilles-de-laurier-en-relief\/#primaryimage"},"thumbnailUrl":"https:\/\/brutnaturebijoux.com\/wp-content\/uploads\/2025\/06\/1032-hoja-laurel.jpg","datePublished":"2025-06-01T15:15:30+00:00","dateModified":"2025-06-11T14:41:51+00:00","breadcrumb":{"@id":"https:\/\/brutnaturebijoux.com\/producto\/bague-ancienne-en-argent-925-avec-un-motif-de-feuilles-de-laurier-en-relief\/#breadcrumb"},"inLanguage":"es","potentialAction":[{"@type":"ReadAction","target":["https:\/\/brutnaturebijoux.com\/producto\/bague-ancienne-en-argent-925-avec-un-motif-de-feuilles-de-laurier-en-relief\/"]}]},{"@type":"ImageObject","inLanguage":"es","@id":"https:\/\/brutnaturebijoux.com\/producto\/bague-ancienne-en-argent-925-avec-un-motif-de-feuilles-de-laurier-en-relief\/#primaryimage","url":"https:\/\/brutnaturebijoux.com\/wp-content\/uploads\/2025\/06\/1032-hoja-laurel.jpg","contentUrl":"https:\/\/brutnaturebijoux.com\/wp-content\/uploads\/2025\/06\/1032-hoja-laurel.jpg","width":700,"height":700},{"@type":"BreadcrumbList","@id":"https:\/\/brutnaturebijoux.com\/producto\/bague-ancienne-en-argent-925-avec-un-motif-de-feuilles-de-laurier-en-relief\/#breadcrumb","itemListElement":[{"@type":"ListItem","position":1,"name":"Portada","item":"https:\/\/brutnaturebijoux.com\/es\/"},{"@type":"ListItem","position":2,"name":"Tienda","item":"https:\/\/brutnaturebijoux.com\/boutique\/"},{"@type":"ListItem","position":3,"name":"Anillo en plata 925 envejecida con motivo en relieve de una hoja de laurel"}]},{"@type":"WebSite","@id":"https:\/\/brutnaturebijoux.com\/#website","url":"https:\/\/brutnaturebijoux.com\/","name":"Brut Nature Bijoux","description":"Joyer\u00eda artesanal en plata  gemas","potentialAction":[{"@type":"SearchAction","target":{"@type":"EntryPoint","urlTemplate":"https:\/\/brutnaturebijoux.com\/?s={search_term_string}"},"query-input":{"@type":"PropertyValueSpecification","valueRequired":true,"valueName":"search_term_string"}}],"inLanguage":"es"}]}},"_links":{"self":[{"href":"https:\/\/brutnaturebijoux.com\/es\/wp-json\/wp\/v2\/product\/3711","targetHints":{"allow":["GET"]}}],"collection":[{"href":"https:\/\/brutnaturebijoux.com\/es\/wp-json\/wp\/v2\/product"}],"about":[{"href":"https:\/\/brutnaturebijoux.com\/es\/wp-json\/wp\/v2\/types\/product"}],"wp:featuredmedia":[{"embeddable":true,"href":"https:\/\/brutnaturebijoux.com\/es\/wp-json\/wp\/v2\/media\/3500"}],"wp:attachment":[{"href":"https:\/\/brutnaturebijoux.com\/es\/wp-json\/wp\/v2\/media?parent=3711"}],"wp:term":[{"taxonomy":"product_brand","embeddable":true,"href":"https:\/\/brutnaturebijoux.com\/es\/wp-json\/wp\/v2\/product_brand?post=3711"},{"taxonomy":"product_cat","embeddable":true,"href":"https:\/\/brutnaturebijoux.com\/es\/wp-json\/wp\/v2\/product_cat?post=3711"},{"taxonomy":"product_tag","embeddable":true,"href":"https:\/\/brutnaturebijoux.com\/es\/wp-json\/wp\/v2\/product_tag?post=3711"}],"curies":[{"name":"wp","href":"https:\/\/api.w.org\/{rel}","templated":true}]}}