{"id":3709,"date":"2025-06-01T17:15:30","date_gmt":"2025-06-01T15:15:30","guid":{"rendered":"https:\/\/brutnaturebijoux.com\/product\/anillo-redondo-en-plata-925-envejecida-con-motivo-en-relieve-de-una-hoja-de-helecho-y-parte-de-otra-en-la-derecha\/"},"modified":"2025-06-11T16:36:25","modified_gmt":"2025-06-11T14:36:25","slug":"anillo-redondo-en-plata-925-envejecida-con-motivo-en-relieve-de-una-hoja-de-helecho-y-parte-de-otra-en-la-derecha","status":"publish","type":"product","link":"https:\/\/brutnaturebijoux.com\/es\/producto\/anillo-redondo-en-plata-925-envejecida-con-motivo-en-relieve-de-una-hoja-de-helecho-y-parte-de-otra-en-la-derecha\/","title":{"rendered":"Anillo redondo en plata 925 envejecida con motivo en relieve de una hoja de helecho y parte de otra en la derecha"},"content":{"rendered":"<p>El helecho es una de las plantas m\u00e1s antiguas de la Tierra, testigo silencioso de la evoluci\u00f3n durante millones de a\u00f1os. Su delicado follaje es s\u00edmbolo de resistencia en muchas culturas y representa la capacidad de adaptarse y florecer en cualquier entorno.<br \/>\nEste anillo captura la esencia del helecho en un dise\u00f1o sutil y elegante. Su forma redonda evoca el ciclo eterno de la vida, mientras que la plata envejecida le confiere un aire org\u00e1nico y natural.<br \/>\nUna joya especial para quienes sienten una conexi\u00f3n con la naturaleza y buscan una pieza con historia, significado y encanto.<br \/>\nDisponible en todas las tallas<\/p>\n","protected":false},"excerpt":{"rendered":"<p>l helecho es una de las plantas m\u00e1s antiguas de la Tierra, testigo silencioso de la evoluci\u00f3n durante millones de a\u00f1os. Su delicado follaje es s\u00edmbolo de resistencia en muchas culturas y representa la capacidad de adaptarse y florecer en cualquier entorno.<br \/>\nDisponible en todas las tallas<\/p>\n","protected":false},"featured_media":3473,"template":"","meta":{"inline_featured_image":false},"product_brand":[],"product_cat":[63],"product_tag":[],"class_list":{"0":"post-3709","1":"product","2":"type-product","3":"status-publish","4":"has-post-thumbnail","6":"product_cat-anillos","8":"first","9":"instock","10":"shipping-taxable","11":"purchasable","12":"product-type-simple","13":"layout-style-1","14":"col-md-4 col-sm-4 col-xs-6","15":"col-lg-3","16":"product-has-gallery","17":"product-style-default"},"yoast_head":"<!-- This site is optimized with the Yoast SEO plugin v27.4 - https:\/\/yoast.com\/product\/yoast-seo-wordpress\/ -->\n<title>Anillo redondo en plata 925 envejecida con motivo en relieve de una hoja de helecho y parte de otra en la derecha - Brut Nature Bijoux<\/title>\n<meta name=\"robots\" content=\"index, follow, max-snippet:-1, max-image-preview:large, max-video-preview:-1\" \/>\n<link rel=\"canonical\" href=\"https:\/\/brutnaturebijoux.com\/producto\/anillo-redondo-en-plata-925-envejecida-con-motivo-en-relieve-de-una-hoja-de-helecho-y-parte-de-otra-en-la-derecha\/\" \/>\n<meta property=\"og:locale\" content=\"es_ES\" \/>\n<meta property=\"og:type\" content=\"article\" \/>\n<meta property=\"og:title\" content=\"Anillo redondo en plata 925 envejecida con motivo en relieve de una hoja de helecho y parte de otra en la derecha - Brut Nature Bijoux\" \/>\n<meta property=\"og:description\" content=\"l helecho es una de las plantas m\u00e1s antiguas de la Tierra, testigo silencioso de la evoluci\u00f3n durante millones de a\u00f1os. Su delicado follaje es s\u00edmbolo de resistencia en muchas culturas y representa la capacidad de adaptarse y florecer en cualquier entorno. Disponible en todas las tallas\" \/>\n<meta property=\"og:url\" content=\"https:\/\/brutnaturebijoux.com\/producto\/anillo-redondo-en-plata-925-envejecida-con-motivo-en-relieve-de-una-hoja-de-helecho-y-parte-de-otra-en-la-derecha\/\" \/>\n<meta property=\"og:site_name\" content=\"Brut Nature Bijoux\" \/>\n<meta property=\"article:modified_time\" content=\"2025-06-11T14:36:25+00:00\" \/>\n<meta property=\"og:image\" content=\"https:\/\/brutnaturebijoux.com\/wp-content\/uploads\/2025\/06\/1015-redondo-con-helecho.jpg\" \/>\n\t<meta property=\"og:image:width\" content=\"700\" \/>\n\t<meta property=\"og:image:height\" content=\"700\" \/>\n\t<meta property=\"og:image:type\" content=\"image\/jpeg\" \/>\n<meta name=\"twitter:card\" content=\"summary_large_image\" \/>\n<meta name=\"twitter:label1\" content=\"Tiempo de lectura\" \/>\n\t<meta name=\"twitter:data1\" content=\"1 minuto\" \/>\n<script type=\"application\/ld+json\" class=\"yoast-schema-graph\">{\"@context\":\"https:\\\/\\\/schema.org\",\"@graph\":[{\"@type\":\"WebPage\",\"@id\":\"https:\\\/\\\/brutnaturebijoux.com\\\/producto\\\/anillo-redondo-en-plata-925-envejecida-con-motivo-en-relieve-de-una-hoja-de-helecho-y-parte-de-otra-en-la-derecha\\\/\",\"url\":\"https:\\\/\\\/brutnaturebijoux.com\\\/producto\\\/anillo-redondo-en-plata-925-envejecida-con-motivo-en-relieve-de-una-hoja-de-helecho-y-parte-de-otra-en-la-derecha\\\/\",\"name\":\"Anillo redondo en plata 925 envejecida con motivo en relieve de una hoja de helecho y parte de otra en la derecha - Brut Nature Bijoux\",\"isPartOf\":{\"@id\":\"https:\\\/\\\/brutnaturebijoux.com\\\/#website\"},\"primaryImageOfPage\":{\"@id\":\"https:\\\/\\\/brutnaturebijoux.com\\\/producto\\\/anillo-redondo-en-plata-925-envejecida-con-motivo-en-relieve-de-una-hoja-de-helecho-y-parte-de-otra-en-la-derecha\\\/#primaryimage\"},\"image\":{\"@id\":\"https:\\\/\\\/brutnaturebijoux.com\\\/producto\\\/anillo-redondo-en-plata-925-envejecida-con-motivo-en-relieve-de-una-hoja-de-helecho-y-parte-de-otra-en-la-derecha\\\/#primaryimage\"},\"thumbnailUrl\":\"https:\\\/\\\/brutnaturebijoux.com\\\/wp-content\\\/uploads\\\/2025\\\/06\\\/1015-redondo-con-helecho.jpg\",\"datePublished\":\"2025-06-01T15:15:30+00:00\",\"dateModified\":\"2025-06-11T14:36:25+00:00\",\"breadcrumb\":{\"@id\":\"https:\\\/\\\/brutnaturebijoux.com\\\/producto\\\/anillo-redondo-en-plata-925-envejecida-con-motivo-en-relieve-de-una-hoja-de-helecho-y-parte-de-otra-en-la-derecha\\\/#breadcrumb\"},\"inLanguage\":\"es\",\"potentialAction\":[{\"@type\":\"ReadAction\",\"target\":[\"https:\\\/\\\/brutnaturebijoux.com\\\/producto\\\/anillo-redondo-en-plata-925-envejecida-con-motivo-en-relieve-de-una-hoja-de-helecho-y-parte-de-otra-en-la-derecha\\\/\"]}]},{\"@type\":\"ImageObject\",\"inLanguage\":\"es\",\"@id\":\"https:\\\/\\\/brutnaturebijoux.com\\\/producto\\\/anillo-redondo-en-plata-925-envejecida-con-motivo-en-relieve-de-una-hoja-de-helecho-y-parte-de-otra-en-la-derecha\\\/#primaryimage\",\"url\":\"https:\\\/\\\/brutnaturebijoux.com\\\/wp-content\\\/uploads\\\/2025\\\/06\\\/1015-redondo-con-helecho.jpg\",\"contentUrl\":\"https:\\\/\\\/brutnaturebijoux.com\\\/wp-content\\\/uploads\\\/2025\\\/06\\\/1015-redondo-con-helecho.jpg\",\"width\":700,\"height\":700},{\"@type\":\"BreadcrumbList\",\"@id\":\"https:\\\/\\\/brutnaturebijoux.com\\\/producto\\\/anillo-redondo-en-plata-925-envejecida-con-motivo-en-relieve-de-una-hoja-de-helecho-y-parte-de-otra-en-la-derecha\\\/#breadcrumb\",\"itemListElement\":[{\"@type\":\"ListItem\",\"position\":1,\"name\":\"Portada\",\"item\":\"https:\\\/\\\/brutnaturebijoux.com\\\/es\\\/\"},{\"@type\":\"ListItem\",\"position\":2,\"name\":\"Tienda\",\"item\":\"https:\\\/\\\/brutnaturebijoux.com\\\/boutique\\\/\"},{\"@type\":\"ListItem\",\"position\":3,\"name\":\"Anillo redondo en plata 925 envejecida con motivo en relieve de una hoja de helecho y parte de otra en la derecha\"}]},{\"@type\":\"WebSite\",\"@id\":\"https:\\\/\\\/brutnaturebijoux.com\\\/#website\",\"url\":\"https:\\\/\\\/brutnaturebijoux.com\\\/\",\"name\":\"Brut Nature Bijoux\",\"description\":\"Joyer\u00eda artesanal en plata  gemas\",\"potentialAction\":[{\"@type\":\"SearchAction\",\"target\":{\"@type\":\"EntryPoint\",\"urlTemplate\":\"https:\\\/\\\/brutnaturebijoux.com\\\/?s={search_term_string}\"},\"query-input\":{\"@type\":\"PropertyValueSpecification\",\"valueRequired\":true,\"valueName\":\"search_term_string\"}}],\"inLanguage\":\"es\"}]}<\/script>\n<!-- \/ Yoast SEO plugin. -->","yoast_head_json":{"title":"Anillo redondo en plata 925 envejecida con motivo en relieve de una hoja de helecho y parte de otra en la derecha - Brut Nature Bijoux","robots":{"index":"index","follow":"follow","max-snippet":"max-snippet:-1","max-image-preview":"max-image-preview:large","max-video-preview":"max-video-preview:-1"},"canonical":"https:\/\/brutnaturebijoux.com\/producto\/anillo-redondo-en-plata-925-envejecida-con-motivo-en-relieve-de-una-hoja-de-helecho-y-parte-de-otra-en-la-derecha\/","og_locale":"es_ES","og_type":"article","og_title":"Anillo redondo en plata 925 envejecida con motivo en relieve de una hoja de helecho y parte de otra en la derecha - Brut Nature Bijoux","og_description":"l helecho es una de las plantas m\u00e1s antiguas de la Tierra, testigo silencioso de la evoluci\u00f3n durante millones de a\u00f1os. Su delicado follaje es s\u00edmbolo de resistencia en muchas culturas y representa la capacidad de adaptarse y florecer en cualquier entorno. Disponible en todas las tallas","og_url":"https:\/\/brutnaturebijoux.com\/producto\/anillo-redondo-en-plata-925-envejecida-con-motivo-en-relieve-de-una-hoja-de-helecho-y-parte-de-otra-en-la-derecha\/","og_site_name":"Brut Nature Bijoux","article_modified_time":"2025-06-11T14:36:25+00:00","og_image":[{"width":700,"height":700,"url":"https:\/\/brutnaturebijoux.com\/wp-content\/uploads\/2025\/06\/1015-redondo-con-helecho.jpg","type":"image\/jpeg"}],"twitter_card":"summary_large_image","twitter_misc":{"Tiempo de lectura":"1 minuto"},"schema":{"@context":"https:\/\/schema.org","@graph":[{"@type":"WebPage","@id":"https:\/\/brutnaturebijoux.com\/producto\/anillo-redondo-en-plata-925-envejecida-con-motivo-en-relieve-de-una-hoja-de-helecho-y-parte-de-otra-en-la-derecha\/","url":"https:\/\/brutnaturebijoux.com\/producto\/anillo-redondo-en-plata-925-envejecida-con-motivo-en-relieve-de-una-hoja-de-helecho-y-parte-de-otra-en-la-derecha\/","name":"Anillo redondo en plata 925 envejecida con motivo en relieve de una hoja de helecho y parte de otra en la derecha - Brut Nature Bijoux","isPartOf":{"@id":"https:\/\/brutnaturebijoux.com\/#website"},"primaryImageOfPage":{"@id":"https:\/\/brutnaturebijoux.com\/producto\/anillo-redondo-en-plata-925-envejecida-con-motivo-en-relieve-de-una-hoja-de-helecho-y-parte-de-otra-en-la-derecha\/#primaryimage"},"image":{"@id":"https:\/\/brutnaturebijoux.com\/producto\/anillo-redondo-en-plata-925-envejecida-con-motivo-en-relieve-de-una-hoja-de-helecho-y-parte-de-otra-en-la-derecha\/#primaryimage"},"thumbnailUrl":"https:\/\/brutnaturebijoux.com\/wp-content\/uploads\/2025\/06\/1015-redondo-con-helecho.jpg","datePublished":"2025-06-01T15:15:30+00:00","dateModified":"2025-06-11T14:36:25+00:00","breadcrumb":{"@id":"https:\/\/brutnaturebijoux.com\/producto\/anillo-redondo-en-plata-925-envejecida-con-motivo-en-relieve-de-una-hoja-de-helecho-y-parte-de-otra-en-la-derecha\/#breadcrumb"},"inLanguage":"es","potentialAction":[{"@type":"ReadAction","target":["https:\/\/brutnaturebijoux.com\/producto\/anillo-redondo-en-plata-925-envejecida-con-motivo-en-relieve-de-una-hoja-de-helecho-y-parte-de-otra-en-la-derecha\/"]}]},{"@type":"ImageObject","inLanguage":"es","@id":"https:\/\/brutnaturebijoux.com\/producto\/anillo-redondo-en-plata-925-envejecida-con-motivo-en-relieve-de-una-hoja-de-helecho-y-parte-de-otra-en-la-derecha\/#primaryimage","url":"https:\/\/brutnaturebijoux.com\/wp-content\/uploads\/2025\/06\/1015-redondo-con-helecho.jpg","contentUrl":"https:\/\/brutnaturebijoux.com\/wp-content\/uploads\/2025\/06\/1015-redondo-con-helecho.jpg","width":700,"height":700},{"@type":"BreadcrumbList","@id":"https:\/\/brutnaturebijoux.com\/producto\/anillo-redondo-en-plata-925-envejecida-con-motivo-en-relieve-de-una-hoja-de-helecho-y-parte-de-otra-en-la-derecha\/#breadcrumb","itemListElement":[{"@type":"ListItem","position":1,"name":"Portada","item":"https:\/\/brutnaturebijoux.com\/es\/"},{"@type":"ListItem","position":2,"name":"Tienda","item":"https:\/\/brutnaturebijoux.com\/boutique\/"},{"@type":"ListItem","position":3,"name":"Anillo redondo en plata 925 envejecida con motivo en relieve de una hoja de helecho y parte de otra en la derecha"}]},{"@type":"WebSite","@id":"https:\/\/brutnaturebijoux.com\/#website","url":"https:\/\/brutnaturebijoux.com\/","name":"Brut Nature Bijoux","description":"Joyer\u00eda artesanal en plata  gemas","potentialAction":[{"@type":"SearchAction","target":{"@type":"EntryPoint","urlTemplate":"https:\/\/brutnaturebijoux.com\/?s={search_term_string}"},"query-input":{"@type":"PropertyValueSpecification","valueRequired":true,"valueName":"search_term_string"}}],"inLanguage":"es"}]}},"_links":{"self":[{"href":"https:\/\/brutnaturebijoux.com\/es\/wp-json\/wp\/v2\/product\/3709","targetHints":{"allow":["GET"]}}],"collection":[{"href":"https:\/\/brutnaturebijoux.com\/es\/wp-json\/wp\/v2\/product"}],"about":[{"href":"https:\/\/brutnaturebijoux.com\/es\/wp-json\/wp\/v2\/types\/product"}],"wp:featuredmedia":[{"embeddable":true,"href":"https:\/\/brutnaturebijoux.com\/es\/wp-json\/wp\/v2\/media\/3473"}],"wp:attachment":[{"href":"https:\/\/brutnaturebijoux.com\/es\/wp-json\/wp\/v2\/media?parent=3709"}],"wp:term":[{"taxonomy":"product_brand","embeddable":true,"href":"https:\/\/brutnaturebijoux.com\/es\/wp-json\/wp\/v2\/product_brand?post=3709"},{"taxonomy":"product_cat","embeddable":true,"href":"https:\/\/brutnaturebijoux.com\/es\/wp-json\/wp\/v2\/product_cat?post=3709"},{"taxonomy":"product_tag","embeddable":true,"href":"https:\/\/brutnaturebijoux.com\/es\/wp-json\/wp\/v2\/product_tag?post=3709"}],"curies":[{"name":"wp","href":"https:\/\/api.w.org\/{rel}","templated":true}]}}