{"id":3706,"date":"2025-06-01T17:15:29","date_gmt":"2025-06-01T15:15:29","guid":{"rendered":"https:\/\/brutnaturebijoux.com\/product\/anillo-de-plata-925-envejecida-con-una-hoja-de-helecho-en-relieve-en-el-centro\/"},"modified":"2025-06-11T15:37:31","modified_gmt":"2025-06-11T13:37:31","slug":"anillo-de-plata-925-envejecida-con-una-hoja-de-helecho-en-relieve-en-el-centro","status":"publish","type":"product","link":"https:\/\/brutnaturebijoux.com\/es\/producto\/anillo-de-plata-925-envejecida-con-una-hoja-de-helecho-en-relieve-en-el-centro\/","title":{"rendered":"Anillo de plata 925 envejecida con una hoja de helecho en relieve en el centro"},"content":{"rendered":"<p>Anillo de plata 925 envejecida con una hoja de helecho en relieve en el centro acompa\u00f1ado de dos hojas m\u00e1s peque\u00f1as en los laterales. El helecho, una de las plantas m\u00e1s antiguas del planeta, simboliza resistencia.<br \/>\nDisponible en tallas : 52, 53, 54, 55, 56, 57<\/p>\n","protected":false},"excerpt":{"rendered":"<p>Anillo de plata 925 envejecida con una hoja de helecho en relieve en el centro acompa\u00f1ado de dos hojas m\u00e1s peque\u00f1as en los laterales.<br \/>\nDisponible en tallas : 52, 53, 54, 55, 56, 57<\/p>\n","protected":false},"featured_media":3427,"template":"","meta":{"inline_featured_image":false},"product_brand":[],"product_cat":[63],"product_tag":[],"class_list":{"0":"post-3706","1":"product","2":"type-product","3":"status-publish","4":"has-post-thumbnail","6":"product_cat-anillos","8":"first","9":"instock","10":"shipping-taxable","11":"purchasable","12":"product-type-simple","13":"layout-style-1","14":"col-md-4 col-sm-4 col-xs-6","15":"col-lg-3","16":"product-has-gallery","17":"product-style-default"},"yoast_head":"<!-- This site is optimized with the Yoast SEO plugin v27.4 - https:\/\/yoast.com\/product\/yoast-seo-wordpress\/ -->\n<title>Anillo de plata 925 envejecida con una hoja de helecho en relieve en el centro - Brut Nature Bijoux<\/title>\n<meta name=\"robots\" content=\"index, follow, max-snippet:-1, max-image-preview:large, max-video-preview:-1\" \/>\n<link rel=\"canonical\" href=\"https:\/\/brutnaturebijoux.com\/producto\/antiqued-925-sterling-silver-ring-with-an-embossed-fern-leaf-in-the-center\/\" \/>\n<meta property=\"og:locale\" content=\"es_ES\" \/>\n<meta property=\"og:type\" content=\"article\" \/>\n<meta property=\"og:title\" content=\"Anillo de plata 925 envejecida con una hoja de helecho en relieve en el centro - Brut Nature Bijoux\" \/>\n<meta property=\"og:description\" content=\"Anillo de plata 925 envejecida con una hoja de helecho en relieve en el centro acompa\u00f1ado de dos hojas m\u00e1s peque\u00f1as en los laterales. Disponible en tallas : 52, 53, 54, 55, 56, 57\" \/>\n<meta property=\"og:url\" content=\"https:\/\/brutnaturebijoux.com\/producto\/antiqued-925-sterling-silver-ring-with-an-embossed-fern-leaf-in-the-center\/\" \/>\n<meta property=\"og:site_name\" content=\"Brut Nature Bijoux\" \/>\n<meta property=\"article:modified_time\" content=\"2025-06-11T13:37:31+00:00\" \/>\n<meta property=\"og:image\" content=\"https:\/\/brutnaturebijoux.com\/wp-content\/uploads\/2025\/05\/1026-helecho-oval-grande.jpg\" \/>\n\t<meta property=\"og:image:width\" content=\"700\" \/>\n\t<meta property=\"og:image:height\" content=\"700\" \/>\n\t<meta property=\"og:image:type\" content=\"image\/jpeg\" \/>\n<meta name=\"twitter:card\" content=\"summary_large_image\" \/>\n<meta name=\"twitter:label1\" content=\"Tiempo de lectura\" \/>\n\t<meta name=\"twitter:data1\" content=\"1 minuto\" \/>\n<script type=\"application\/ld+json\" class=\"yoast-schema-graph\">{\"@context\":\"https:\\\/\\\/schema.org\",\"@graph\":[{\"@type\":\"WebPage\",\"@id\":\"https:\\\/\\\/brutnaturebijoux.com\\\/producto\\\/antiqued-925-sterling-silver-ring-with-an-embossed-fern-leaf-in-the-center\\\/\",\"url\":\"https:\\\/\\\/brutnaturebijoux.com\\\/producto\\\/antiqued-925-sterling-silver-ring-with-an-embossed-fern-leaf-in-the-center\\\/\",\"name\":\"Anillo de plata 925 envejecida con una hoja de helecho en relieve en el centro - Brut Nature Bijoux\",\"isPartOf\":{\"@id\":\"https:\\\/\\\/brutnaturebijoux.com\\\/#website\"},\"primaryImageOfPage\":{\"@id\":\"https:\\\/\\\/brutnaturebijoux.com\\\/producto\\\/antiqued-925-sterling-silver-ring-with-an-embossed-fern-leaf-in-the-center\\\/#primaryimage\"},\"image\":{\"@id\":\"https:\\\/\\\/brutnaturebijoux.com\\\/producto\\\/antiqued-925-sterling-silver-ring-with-an-embossed-fern-leaf-in-the-center\\\/#primaryimage\"},\"thumbnailUrl\":\"https:\\\/\\\/brutnaturebijoux.com\\\/wp-content\\\/uploads\\\/2025\\\/05\\\/1026-helecho-oval-grande.jpg\",\"datePublished\":\"2025-06-01T15:15:29+00:00\",\"dateModified\":\"2025-06-11T13:37:31+00:00\",\"breadcrumb\":{\"@id\":\"https:\\\/\\\/brutnaturebijoux.com\\\/producto\\\/antiqued-925-sterling-silver-ring-with-an-embossed-fern-leaf-in-the-center\\\/#breadcrumb\"},\"inLanguage\":\"es\",\"potentialAction\":[{\"@type\":\"ReadAction\",\"target\":[\"https:\\\/\\\/brutnaturebijoux.com\\\/producto\\\/antiqued-925-sterling-silver-ring-with-an-embossed-fern-leaf-in-the-center\\\/\"]}]},{\"@type\":\"ImageObject\",\"inLanguage\":\"es\",\"@id\":\"https:\\\/\\\/brutnaturebijoux.com\\\/producto\\\/antiqued-925-sterling-silver-ring-with-an-embossed-fern-leaf-in-the-center\\\/#primaryimage\",\"url\":\"https:\\\/\\\/brutnaturebijoux.com\\\/wp-content\\\/uploads\\\/2025\\\/05\\\/1026-helecho-oval-grande.jpg\",\"contentUrl\":\"https:\\\/\\\/brutnaturebijoux.com\\\/wp-content\\\/uploads\\\/2025\\\/05\\\/1026-helecho-oval-grande.jpg\",\"width\":700,\"height\":700},{\"@type\":\"BreadcrumbList\",\"@id\":\"https:\\\/\\\/brutnaturebijoux.com\\\/producto\\\/antiqued-925-sterling-silver-ring-with-an-embossed-fern-leaf-in-the-center\\\/#breadcrumb\",\"itemListElement\":[{\"@type\":\"ListItem\",\"position\":1,\"name\":\"Portada\",\"item\":\"https:\\\/\\\/brutnaturebijoux.com\\\/es\\\/\"},{\"@type\":\"ListItem\",\"position\":2,\"name\":\"Tienda\",\"item\":\"https:\\\/\\\/brutnaturebijoux.com\\\/boutique\\\/\"},{\"@type\":\"ListItem\",\"position\":3,\"name\":\"Anillo de plata 925 envejecida con una hoja de helecho en relieve en el centro\"}]},{\"@type\":\"WebSite\",\"@id\":\"https:\\\/\\\/brutnaturebijoux.com\\\/#website\",\"url\":\"https:\\\/\\\/brutnaturebijoux.com\\\/\",\"name\":\"Brut Nature Bijoux\",\"description\":\"Joyer\u00eda artesanal en plata  gemas\",\"potentialAction\":[{\"@type\":\"SearchAction\",\"target\":{\"@type\":\"EntryPoint\",\"urlTemplate\":\"https:\\\/\\\/brutnaturebijoux.com\\\/?s={search_term_string}\"},\"query-input\":{\"@type\":\"PropertyValueSpecification\",\"valueRequired\":true,\"valueName\":\"search_term_string\"}}],\"inLanguage\":\"es\"}]}<\/script>\n<!-- \/ Yoast SEO plugin. -->","yoast_head_json":{"title":"Anillo de plata 925 envejecida con una hoja de helecho en relieve en el centro - Brut Nature Bijoux","robots":{"index":"index","follow":"follow","max-snippet":"max-snippet:-1","max-image-preview":"max-image-preview:large","max-video-preview":"max-video-preview:-1"},"canonical":"https:\/\/brutnaturebijoux.com\/producto\/antiqued-925-sterling-silver-ring-with-an-embossed-fern-leaf-in-the-center\/","og_locale":"es_ES","og_type":"article","og_title":"Anillo de plata 925 envejecida con una hoja de helecho en relieve en el centro - Brut Nature Bijoux","og_description":"Anillo de plata 925 envejecida con una hoja de helecho en relieve en el centro acompa\u00f1ado de dos hojas m\u00e1s peque\u00f1as en los laterales. Disponible en tallas : 52, 53, 54, 55, 56, 57","og_url":"https:\/\/brutnaturebijoux.com\/producto\/antiqued-925-sterling-silver-ring-with-an-embossed-fern-leaf-in-the-center\/","og_site_name":"Brut Nature Bijoux","article_modified_time":"2025-06-11T13:37:31+00:00","og_image":[{"width":700,"height":700,"url":"https:\/\/brutnaturebijoux.com\/wp-content\/uploads\/2025\/05\/1026-helecho-oval-grande.jpg","type":"image\/jpeg"}],"twitter_card":"summary_large_image","twitter_misc":{"Tiempo de lectura":"1 minuto"},"schema":{"@context":"https:\/\/schema.org","@graph":[{"@type":"WebPage","@id":"https:\/\/brutnaturebijoux.com\/producto\/antiqued-925-sterling-silver-ring-with-an-embossed-fern-leaf-in-the-center\/","url":"https:\/\/brutnaturebijoux.com\/producto\/antiqued-925-sterling-silver-ring-with-an-embossed-fern-leaf-in-the-center\/","name":"Anillo de plata 925 envejecida con una hoja de helecho en relieve en el centro - Brut Nature Bijoux","isPartOf":{"@id":"https:\/\/brutnaturebijoux.com\/#website"},"primaryImageOfPage":{"@id":"https:\/\/brutnaturebijoux.com\/producto\/antiqued-925-sterling-silver-ring-with-an-embossed-fern-leaf-in-the-center\/#primaryimage"},"image":{"@id":"https:\/\/brutnaturebijoux.com\/producto\/antiqued-925-sterling-silver-ring-with-an-embossed-fern-leaf-in-the-center\/#primaryimage"},"thumbnailUrl":"https:\/\/brutnaturebijoux.com\/wp-content\/uploads\/2025\/05\/1026-helecho-oval-grande.jpg","datePublished":"2025-06-01T15:15:29+00:00","dateModified":"2025-06-11T13:37:31+00:00","breadcrumb":{"@id":"https:\/\/brutnaturebijoux.com\/producto\/antiqued-925-sterling-silver-ring-with-an-embossed-fern-leaf-in-the-center\/#breadcrumb"},"inLanguage":"es","potentialAction":[{"@type":"ReadAction","target":["https:\/\/brutnaturebijoux.com\/producto\/antiqued-925-sterling-silver-ring-with-an-embossed-fern-leaf-in-the-center\/"]}]},{"@type":"ImageObject","inLanguage":"es","@id":"https:\/\/brutnaturebijoux.com\/producto\/antiqued-925-sterling-silver-ring-with-an-embossed-fern-leaf-in-the-center\/#primaryimage","url":"https:\/\/brutnaturebijoux.com\/wp-content\/uploads\/2025\/05\/1026-helecho-oval-grande.jpg","contentUrl":"https:\/\/brutnaturebijoux.com\/wp-content\/uploads\/2025\/05\/1026-helecho-oval-grande.jpg","width":700,"height":700},{"@type":"BreadcrumbList","@id":"https:\/\/brutnaturebijoux.com\/producto\/antiqued-925-sterling-silver-ring-with-an-embossed-fern-leaf-in-the-center\/#breadcrumb","itemListElement":[{"@type":"ListItem","position":1,"name":"Portada","item":"https:\/\/brutnaturebijoux.com\/es\/"},{"@type":"ListItem","position":2,"name":"Tienda","item":"https:\/\/brutnaturebijoux.com\/boutique\/"},{"@type":"ListItem","position":3,"name":"Anillo de plata 925 envejecida con una hoja de helecho en relieve en el centro"}]},{"@type":"WebSite","@id":"https:\/\/brutnaturebijoux.com\/#website","url":"https:\/\/brutnaturebijoux.com\/","name":"Brut Nature Bijoux","description":"Joyer\u00eda artesanal en plata  gemas","potentialAction":[{"@type":"SearchAction","target":{"@type":"EntryPoint","urlTemplate":"https:\/\/brutnaturebijoux.com\/?s={search_term_string}"},"query-input":{"@type":"PropertyValueSpecification","valueRequired":true,"valueName":"search_term_string"}}],"inLanguage":"es"}]}},"_links":{"self":[{"href":"https:\/\/brutnaturebijoux.com\/es\/wp-json\/wp\/v2\/product\/3706","targetHints":{"allow":["GET"]}}],"collection":[{"href":"https:\/\/brutnaturebijoux.com\/es\/wp-json\/wp\/v2\/product"}],"about":[{"href":"https:\/\/brutnaturebijoux.com\/es\/wp-json\/wp\/v2\/types\/product"}],"wp:featuredmedia":[{"embeddable":true,"href":"https:\/\/brutnaturebijoux.com\/es\/wp-json\/wp\/v2\/media\/3427"}],"wp:attachment":[{"href":"https:\/\/brutnaturebijoux.com\/es\/wp-json\/wp\/v2\/media?parent=3706"}],"wp:term":[{"taxonomy":"product_brand","embeddable":true,"href":"https:\/\/brutnaturebijoux.com\/es\/wp-json\/wp\/v2\/product_brand?post=3706"},{"taxonomy":"product_cat","embeddable":true,"href":"https:\/\/brutnaturebijoux.com\/es\/wp-json\/wp\/v2\/product_cat?post=3706"},{"taxonomy":"product_tag","embeddable":true,"href":"https:\/\/brutnaturebijoux.com\/es\/wp-json\/wp\/v2\/product_tag?post=3706"}],"curies":[{"name":"wp","href":"https:\/\/api.w.org\/{rel}","templated":true}]}}