{"id":27485,"date":"2025-12-17T16:21:21","date_gmt":"2025-12-17T15:21:21","guid":{"rendered":"https:\/\/brutnaturebijoux.com\/?post_type=product&#038;p=27485"},"modified":"2026-01-28T17:24:17","modified_gmt":"2026-01-28T16:24:17","slug":"collier-collier-artisanal-en-argent-925-avec-cerfet-pierre-de-lune","status":"publish","type":"product","link":"https:\/\/brutnaturebijoux.com\/es\/producto\/collier-collier-artisanal-en-argent-925-avec-cerfet-pierre-de-lune\/","title":{"rendered":"Collar artesanal en plata 925 y piedra de luna"},"content":{"rendered":"","protected":false},"excerpt":{"rendered":"<p>Collar artesanal en plata 925, cuidadosamente elaborado a mano. <strong data-start=\"1147\" data-end=\"1164\">Este colgante<\/strong> representa un ciervo elegante, s\u00edmbolo de fuerza y conexi\u00f3n con la naturaleza, que sostiene entre sus cuernos una piedra de luna luminosa. Esta delicada gema capta la luz con reflejos sutiles, evocando misterio y armon\u00eda. Cada detalle est\u00e1 trabajado con precisi\u00f3n, convirtiendo este collar en una pieza \u00fanica, ideal para quienes buscan una joya aut\u00e9ntica, refinada y llena de significado.<\/p>\n","protected":false},"featured_media":27486,"template":"","meta":{"inline_featured_image":false},"product_brand":[],"product_cat":[62],"product_tag":[],"class_list":{"0":"post-27485","1":"product","2":"type-product","3":"status-publish","4":"has-post-thumbnail","6":"product_cat-collares","8":"first","9":"instock","10":"sold-individually","11":"shipping-taxable","12":"purchasable","13":"product-type-simple","14":"layout-style-1","15":"col-md-4 col-sm-4 col-xs-6","16":"col-lg-3","17":"product-style-default"},"yoast_head":"<!-- This site is optimized with the Yoast SEO plugin v27.4 - https:\/\/yoast.com\/product\/yoast-seo-wordpress\/ -->\n<title>Collar artesanal en plata 925 y piedra de luna - Brut Nature Bijoux<\/title>\n<meta name=\"description\" content=\"Collar artesanal en plata 925, cuidadosamente elaborado a mano. Este colgante representa un ciervo elegante, s\u00edmbolo de fuerza y conexi\u00f3n con la naturaleza\" \/>\n<meta name=\"robots\" content=\"index, follow, max-snippet:-1, max-image-preview:large, max-video-preview:-1\" \/>\n<link rel=\"canonical\" href=\"https:\/\/brutnaturebijoux.com\/es\/producto\/collier-collier-artisanal-en-argent-925-avec-cerfet-pierre-de-lune\/\" \/>\n<meta property=\"og:locale\" content=\"es_ES\" \/>\n<meta property=\"og:type\" content=\"article\" \/>\n<meta property=\"og:title\" content=\"Collar artesanal en plata 925 y piedra de luna - Brut Nature Bijoux\" \/>\n<meta property=\"og:description\" content=\"Collar artesanal en plata 925, cuidadosamente elaborado a mano. Este colgante representa un ciervo elegante, s\u00edmbolo de fuerza y conexi\u00f3n con la naturaleza\" \/>\n<meta property=\"og:url\" content=\"https:\/\/brutnaturebijoux.com\/es\/producto\/collier-collier-artisanal-en-argent-925-avec-cerfet-pierre-de-lune\/\" \/>\n<meta property=\"og:site_name\" content=\"Brut Nature Bijoux\" \/>\n<meta property=\"article:modified_time\" content=\"2026-01-28T16:24:17+00:00\" \/>\n<meta property=\"og:image\" content=\"https:\/\/brutnaturebijoux.com\/wp-content\/uploads\/2025\/12\/40A2F1BC-6CF7-413F-9EEA-A6267E1AB718_1_201_a.jpeg\" \/>\n\t<meta property=\"og:image:width\" content=\"973\" \/>\n\t<meta property=\"og:image:height\" content=\"1151\" \/>\n\t<meta property=\"og:image:type\" content=\"image\/jpeg\" \/>\n<meta name=\"twitter:card\" content=\"summary_large_image\" \/>\n<meta name=\"twitter:label1\" content=\"Tiempo de lectura\" \/>\n\t<meta name=\"twitter:data1\" content=\"1 minuto\" \/>\n<script type=\"application\/ld+json\" class=\"yoast-schema-graph\">{\"@context\":\"https:\\\/\\\/schema.org\",\"@graph\":[{\"@type\":\"WebPage\",\"@id\":\"https:\\\/\\\/brutnaturebijoux.com\\\/es\\\/producto\\\/collier-collier-artisanal-en-argent-925-avec-cerfet-pierre-de-lune\\\/\",\"url\":\"https:\\\/\\\/brutnaturebijoux.com\\\/es\\\/producto\\\/collier-collier-artisanal-en-argent-925-avec-cerfet-pierre-de-lune\\\/\",\"name\":\"Collar artesanal en plata 925 y piedra de luna - Brut Nature Bijoux\",\"isPartOf\":{\"@id\":\"https:\\\/\\\/brutnaturebijoux.com\\\/#website\"},\"primaryImageOfPage\":{\"@id\":\"https:\\\/\\\/brutnaturebijoux.com\\\/es\\\/producto\\\/collier-collier-artisanal-en-argent-925-avec-cerfet-pierre-de-lune\\\/#primaryimage\"},\"image\":{\"@id\":\"https:\\\/\\\/brutnaturebijoux.com\\\/es\\\/producto\\\/collier-collier-artisanal-en-argent-925-avec-cerfet-pierre-de-lune\\\/#primaryimage\"},\"thumbnailUrl\":\"https:\\\/\\\/brutnaturebijoux.com\\\/wp-content\\\/uploads\\\/2025\\\/12\\\/40A2F1BC-6CF7-413F-9EEA-A6267E1AB718_1_201_a.jpeg\",\"datePublished\":\"2025-12-17T15:21:21+00:00\",\"dateModified\":\"2026-01-28T16:24:17+00:00\",\"description\":\"Collar artesanal en plata 925, cuidadosamente elaborado a mano. Este colgante representa un ciervo elegante, s\u00edmbolo de fuerza y conexi\u00f3n con la naturaleza\",\"breadcrumb\":{\"@id\":\"https:\\\/\\\/brutnaturebijoux.com\\\/es\\\/producto\\\/collier-collier-artisanal-en-argent-925-avec-cerfet-pierre-de-lune\\\/#breadcrumb\"},\"inLanguage\":\"es\",\"potentialAction\":[{\"@type\":\"ReadAction\",\"target\":[\"https:\\\/\\\/brutnaturebijoux.com\\\/es\\\/producto\\\/collier-collier-artisanal-en-argent-925-avec-cerfet-pierre-de-lune\\\/\"]}]},{\"@type\":\"ImageObject\",\"inLanguage\":\"es\",\"@id\":\"https:\\\/\\\/brutnaturebijoux.com\\\/es\\\/producto\\\/collier-collier-artisanal-en-argent-925-avec-cerfet-pierre-de-lune\\\/#primaryimage\",\"url\":\"https:\\\/\\\/brutnaturebijoux.com\\\/wp-content\\\/uploads\\\/2025\\\/12\\\/40A2F1BC-6CF7-413F-9EEA-A6267E1AB718_1_201_a.jpeg\",\"contentUrl\":\"https:\\\/\\\/brutnaturebijoux.com\\\/wp-content\\\/uploads\\\/2025\\\/12\\\/40A2F1BC-6CF7-413F-9EEA-A6267E1AB718_1_201_a.jpeg\",\"width\":973,\"height\":1151},{\"@type\":\"BreadcrumbList\",\"@id\":\"https:\\\/\\\/brutnaturebijoux.com\\\/es\\\/producto\\\/collier-collier-artisanal-en-argent-925-avec-cerfet-pierre-de-lune\\\/#breadcrumb\",\"itemListElement\":[{\"@type\":\"ListItem\",\"position\":1,\"name\":\"Portada\",\"item\":\"https:\\\/\\\/brutnaturebijoux.com\\\/es\\\/\"},{\"@type\":\"ListItem\",\"position\":2,\"name\":\"Tienda\",\"item\":\"https:\\\/\\\/brutnaturebijoux.com\\\/boutique\\\/\"},{\"@type\":\"ListItem\",\"position\":3,\"name\":\"Collar artesanal en plata 925 y piedra de luna\"}]},{\"@type\":\"WebSite\",\"@id\":\"https:\\\/\\\/brutnaturebijoux.com\\\/#website\",\"url\":\"https:\\\/\\\/brutnaturebijoux.com\\\/\",\"name\":\"Brut Nature Bijoux\",\"description\":\"Joyer\u00eda artesanal en plata  gemas\",\"potentialAction\":[{\"@type\":\"SearchAction\",\"target\":{\"@type\":\"EntryPoint\",\"urlTemplate\":\"https:\\\/\\\/brutnaturebijoux.com\\\/?s={search_term_string}\"},\"query-input\":{\"@type\":\"PropertyValueSpecification\",\"valueRequired\":true,\"valueName\":\"search_term_string\"}}],\"inLanguage\":\"es\"}]}<\/script>\n<!-- \/ Yoast SEO plugin. -->","yoast_head_json":{"title":"Collar artesanal en plata 925 y piedra de luna - Brut Nature Bijoux","description":"Collar artesanal en plata 925, cuidadosamente elaborado a mano. Este colgante representa un ciervo elegante, s\u00edmbolo de fuerza y conexi\u00f3n con la naturaleza","robots":{"index":"index","follow":"follow","max-snippet":"max-snippet:-1","max-image-preview":"max-image-preview:large","max-video-preview":"max-video-preview:-1"},"canonical":"https:\/\/brutnaturebijoux.com\/es\/producto\/collier-collier-artisanal-en-argent-925-avec-cerfet-pierre-de-lune\/","og_locale":"es_ES","og_type":"article","og_title":"Collar artesanal en plata 925 y piedra de luna - Brut Nature Bijoux","og_description":"Collar artesanal en plata 925, cuidadosamente elaborado a mano. Este colgante representa un ciervo elegante, s\u00edmbolo de fuerza y conexi\u00f3n con la naturaleza","og_url":"https:\/\/brutnaturebijoux.com\/es\/producto\/collier-collier-artisanal-en-argent-925-avec-cerfet-pierre-de-lune\/","og_site_name":"Brut Nature Bijoux","article_modified_time":"2026-01-28T16:24:17+00:00","og_image":[{"width":973,"height":1151,"url":"https:\/\/brutnaturebijoux.com\/wp-content\/uploads\/2025\/12\/40A2F1BC-6CF7-413F-9EEA-A6267E1AB718_1_201_a.jpeg","type":"image\/jpeg"}],"twitter_card":"summary_large_image","twitter_misc":{"Tiempo de lectura":"1 minuto"},"schema":{"@context":"https:\/\/schema.org","@graph":[{"@type":"WebPage","@id":"https:\/\/brutnaturebijoux.com\/es\/producto\/collier-collier-artisanal-en-argent-925-avec-cerfet-pierre-de-lune\/","url":"https:\/\/brutnaturebijoux.com\/es\/producto\/collier-collier-artisanal-en-argent-925-avec-cerfet-pierre-de-lune\/","name":"Collar artesanal en plata 925 y piedra de luna - Brut Nature Bijoux","isPartOf":{"@id":"https:\/\/brutnaturebijoux.com\/#website"},"primaryImageOfPage":{"@id":"https:\/\/brutnaturebijoux.com\/es\/producto\/collier-collier-artisanal-en-argent-925-avec-cerfet-pierre-de-lune\/#primaryimage"},"image":{"@id":"https:\/\/brutnaturebijoux.com\/es\/producto\/collier-collier-artisanal-en-argent-925-avec-cerfet-pierre-de-lune\/#primaryimage"},"thumbnailUrl":"https:\/\/brutnaturebijoux.com\/wp-content\/uploads\/2025\/12\/40A2F1BC-6CF7-413F-9EEA-A6267E1AB718_1_201_a.jpeg","datePublished":"2025-12-17T15:21:21+00:00","dateModified":"2026-01-28T16:24:17+00:00","description":"Collar artesanal en plata 925, cuidadosamente elaborado a mano. Este colgante representa un ciervo elegante, s\u00edmbolo de fuerza y conexi\u00f3n con la naturaleza","breadcrumb":{"@id":"https:\/\/brutnaturebijoux.com\/es\/producto\/collier-collier-artisanal-en-argent-925-avec-cerfet-pierre-de-lune\/#breadcrumb"},"inLanguage":"es","potentialAction":[{"@type":"ReadAction","target":["https:\/\/brutnaturebijoux.com\/es\/producto\/collier-collier-artisanal-en-argent-925-avec-cerfet-pierre-de-lune\/"]}]},{"@type":"ImageObject","inLanguage":"es","@id":"https:\/\/brutnaturebijoux.com\/es\/producto\/collier-collier-artisanal-en-argent-925-avec-cerfet-pierre-de-lune\/#primaryimage","url":"https:\/\/brutnaturebijoux.com\/wp-content\/uploads\/2025\/12\/40A2F1BC-6CF7-413F-9EEA-A6267E1AB718_1_201_a.jpeg","contentUrl":"https:\/\/brutnaturebijoux.com\/wp-content\/uploads\/2025\/12\/40A2F1BC-6CF7-413F-9EEA-A6267E1AB718_1_201_a.jpeg","width":973,"height":1151},{"@type":"BreadcrumbList","@id":"https:\/\/brutnaturebijoux.com\/es\/producto\/collier-collier-artisanal-en-argent-925-avec-cerfet-pierre-de-lune\/#breadcrumb","itemListElement":[{"@type":"ListItem","position":1,"name":"Portada","item":"https:\/\/brutnaturebijoux.com\/es\/"},{"@type":"ListItem","position":2,"name":"Tienda","item":"https:\/\/brutnaturebijoux.com\/boutique\/"},{"@type":"ListItem","position":3,"name":"Collar artesanal en plata 925 y piedra de luna"}]},{"@type":"WebSite","@id":"https:\/\/brutnaturebijoux.com\/#website","url":"https:\/\/brutnaturebijoux.com\/","name":"Brut Nature Bijoux","description":"Joyer\u00eda artesanal en plata  gemas","potentialAction":[{"@type":"SearchAction","target":{"@type":"EntryPoint","urlTemplate":"https:\/\/brutnaturebijoux.com\/?s={search_term_string}"},"query-input":{"@type":"PropertyValueSpecification","valueRequired":true,"valueName":"search_term_string"}}],"inLanguage":"es"}]}},"_links":{"self":[{"href":"https:\/\/brutnaturebijoux.com\/es\/wp-json\/wp\/v2\/product\/27485","targetHints":{"allow":["GET"]}}],"collection":[{"href":"https:\/\/brutnaturebijoux.com\/es\/wp-json\/wp\/v2\/product"}],"about":[{"href":"https:\/\/brutnaturebijoux.com\/es\/wp-json\/wp\/v2\/types\/product"}],"wp:featuredmedia":[{"embeddable":true,"href":"https:\/\/brutnaturebijoux.com\/es\/wp-json\/wp\/v2\/media\/27486"}],"wp:attachment":[{"href":"https:\/\/brutnaturebijoux.com\/es\/wp-json\/wp\/v2\/media?parent=27485"}],"wp:term":[{"taxonomy":"product_brand","embeddable":true,"href":"https:\/\/brutnaturebijoux.com\/es\/wp-json\/wp\/v2\/product_brand?post=27485"},{"taxonomy":"product_cat","embeddable":true,"href":"https:\/\/brutnaturebijoux.com\/es\/wp-json\/wp\/v2\/product_cat?post=27485"},{"taxonomy":"product_tag","embeddable":true,"href":"https:\/\/brutnaturebijoux.com\/es\/wp-json\/wp\/v2\/product_tag?post=27485"}],"curies":[{"name":"wp","href":"https:\/\/api.w.org\/{rel}","templated":true}]}}