{"id":4267,"date":"2025-06-12T17:48:00","date_gmt":"2025-06-12T15:48:00","guid":{"rendered":"https:\/\/brutnaturebijoux.com\/?page_id=4267"},"modified":"2025-06-12T17:48:00","modified_gmt":"2025-06-12T15:48:00","slug":"certificado-de-autenticidad-y-calidad","status":"publish","type":"page","link":"https:\/\/brutnaturebijoux.com\/es\/certificado-de-autenticidad-y-calidad\/","title":{"rendered":"Certificado de Autenticidad y Calidad"},"content":{"rendered":"<div class=\"wpb-content-wrapper\"><p>[vc_row][vc_column][vc_column_text css=\u00bb\u00bb]<\/p>\n<h2>Brut Nature Bijoux<\/h2>\n<p>Cada pieza que creo en <strong>Brut Nature Bijoux<\/strong> es \u00fanica. Est\u00e1 hecha a mano, con materiales nobles como plata de ley 925 y piedras naturales aut\u00e9nticas, seleccionadas con atenci\u00f3n y respeto. Nada se produce en serie.<\/p>\n<p>Este certificado garantiza que la pieza:<\/p>\n<p>Ha sido dise\u00f1ada y elaborada artesanalmente, sin procesos industriales.<\/p>\n<p>Utiliza materiales aut\u00e9nticos y de calidad.<\/p>\n<p>Es una creaci\u00f3n original y exclusiva de<strong> Brut Nature Bijoux<\/strong>.<\/p>\n<p>Garant\u00eda \u2013 2 a\u00f1os<\/p>\n<p>Todas mis piezas est\u00e1n cubiertas por una garant\u00eda de 2 a\u00f1os contra defectos de fabricaci\u00f3n.<\/p>\n<p>En caso de defecto, se podr\u00e1 optar por:<\/p>\n<p>El reembolso del importe total,<\/p>\n<p>El env\u00edo de otra pieza con las mismas caracter\u00edsticas, entendiendo que, por la naturaleza artesanal y la unicidad de las piedras, puede haber ligeras variaciones,<\/p>\n<p>O bien, cambiarla por otra joya del mismo valor.<\/p>\n<p>Esta garant\u00eda no cubre roturas ni da\u00f1os causados por mal uso, ca\u00eddas, golpes, productos qu\u00edmicos o falta de cuidado.<\/p>\n<p>\ud83d\udce9 Solicitud del Certificado o Garant\u00eda<\/p>\n<p>Si deseas recibir el Certificado de Autenticidad o la garant\u00eda, solo tienes que escribir un correo a:<\/p>\n<p>\u2709\ufe0f <a href=\"mailto:brut.nature.bijoux@gmail.com\">brut.nature.bijoux@gmail.com<\/a><br \/>\nTe enviar\u00e9 el documento personalizado con:<\/p>\n<ol>\n<li>N\u00famero de serie de la pieza<\/li>\n<li>Fecha de entrega<\/li>\n<li>Firma<\/li>\n<\/ol>\n<p>Y todos los detalles que avalan la autenticidad y calidad de tu joya.[\/vc_column_text][\/vc_column][\/vc_row]<\/p>\n<\/div>","protected":false},"excerpt":{"rendered":"<p>[vc_row][vc_column][vc_column_text css=\u00bb\u00bb] Brut Nature Bijoux Cada pieza que creo en Brut Nature Bijoux es \u00fanica.&hellip;<\/p>\n","protected":false},"author":3,"featured_media":0,"parent":0,"menu_order":0,"comment_status":"closed","ping_status":"closed","template":"","meta":{"inline_featured_image":false,"footnotes":""},"class_list":["post-4267","page","type-page","status-publish","hentry"],"yoast_head":"<!-- This site is optimized with the Yoast SEO plugin v27.4 - https:\/\/yoast.com\/product\/yoast-seo-wordpress\/ -->\n<title>Certificado de Autenticidad y Calidad - Brut Nature Bijoux<\/title>\n<meta name=\"robots\" content=\"index, follow, max-snippet:-1, max-image-preview:large, max-video-preview:-1\" \/>\n<link rel=\"canonical\" href=\"https:\/\/brutnaturebijoux.com\/es\/certificado-de-autenticidad-y-calidad\/\" \/>\n<meta property=\"og:locale\" content=\"es_ES\" \/>\n<meta property=\"og:type\" content=\"article\" \/>\n<meta property=\"og:title\" content=\"Certificado de Autenticidad y Calidad - Brut Nature Bijoux\" \/>\n<meta property=\"og:description\" content=\"[vc_row][vc_column][vc_column_text css=\u00bb\u00bb] Brut Nature Bijoux Cada pieza que creo en Brut Nature Bijoux es \u00fanica.&hellip;\" \/>\n<meta property=\"og:url\" content=\"https:\/\/brutnaturebijoux.com\/es\/certificado-de-autenticidad-y-calidad\/\" \/>\n<meta property=\"og:site_name\" content=\"Brut Nature Bijoux\" \/>\n<meta name=\"twitter:card\" content=\"summary_large_image\" \/>\n<meta name=\"twitter:label1\" content=\"Tiempo de lectura\" \/>\n\t<meta name=\"twitter:data1\" content=\"1 minuto\" \/>\n<script type=\"application\/ld+json\" class=\"yoast-schema-graph\">{\"@context\":\"https:\\\/\\\/schema.org\",\"@graph\":[{\"@type\":\"WebPage\",\"@id\":\"https:\\\/\\\/brutnaturebijoux.com\\\/es\\\/certificado-de-autenticidad-y-calidad\\\/\",\"url\":\"https:\\\/\\\/brutnaturebijoux.com\\\/es\\\/certificado-de-autenticidad-y-calidad\\\/\",\"name\":\"Certificado de Autenticidad y Calidad - Brut Nature Bijoux\",\"isPartOf\":{\"@id\":\"https:\\\/\\\/brutnaturebijoux.com\\\/#website\"},\"datePublished\":\"2025-06-12T15:48:00+00:00\",\"breadcrumb\":{\"@id\":\"https:\\\/\\\/brutnaturebijoux.com\\\/es\\\/certificado-de-autenticidad-y-calidad\\\/#breadcrumb\"},\"inLanguage\":\"es\",\"potentialAction\":[{\"@type\":\"ReadAction\",\"target\":[\"https:\\\/\\\/brutnaturebijoux.com\\\/es\\\/certificado-de-autenticidad-y-calidad\\\/\"]}]},{\"@type\":\"BreadcrumbList\",\"@id\":\"https:\\\/\\\/brutnaturebijoux.com\\\/es\\\/certificado-de-autenticidad-y-calidad\\\/#breadcrumb\",\"itemListElement\":[{\"@type\":\"ListItem\",\"position\":1,\"name\":\"Portada\",\"item\":\"https:\\\/\\\/brutnaturebijoux.com\\\/es\\\/\"},{\"@type\":\"ListItem\",\"position\":2,\"name\":\"Certificado de Autenticidad y Calidad\"}]},{\"@type\":\"WebSite\",\"@id\":\"https:\\\/\\\/brutnaturebijoux.com\\\/#website\",\"url\":\"https:\\\/\\\/brutnaturebijoux.com\\\/\",\"name\":\"Brut Nature Bijoux\",\"description\":\"Joyer\u00eda artesanal en plata  gemas\",\"potentialAction\":[{\"@type\":\"SearchAction\",\"target\":{\"@type\":\"EntryPoint\",\"urlTemplate\":\"https:\\\/\\\/brutnaturebijoux.com\\\/?s={search_term_string}\"},\"query-input\":{\"@type\":\"PropertyValueSpecification\",\"valueRequired\":true,\"valueName\":\"search_term_string\"}}],\"inLanguage\":\"es\"}]}<\/script>\n<!-- \/ Yoast SEO plugin. -->","yoast_head_json":{"title":"Certificado de Autenticidad y Calidad - Brut Nature Bijoux","robots":{"index":"index","follow":"follow","max-snippet":"max-snippet:-1","max-image-preview":"max-image-preview:large","max-video-preview":"max-video-preview:-1"},"canonical":"https:\/\/brutnaturebijoux.com\/es\/certificado-de-autenticidad-y-calidad\/","og_locale":"es_ES","og_type":"article","og_title":"Certificado de Autenticidad y Calidad - Brut Nature Bijoux","og_description":"[vc_row][vc_column][vc_column_text css=\u00bb\u00bb] Brut Nature Bijoux Cada pieza que creo en Brut Nature Bijoux es \u00fanica.&hellip;","og_url":"https:\/\/brutnaturebijoux.com\/es\/certificado-de-autenticidad-y-calidad\/","og_site_name":"Brut Nature Bijoux","twitter_card":"summary_large_image","twitter_misc":{"Tiempo de lectura":"1 minuto"},"schema":{"@context":"https:\/\/schema.org","@graph":[{"@type":"WebPage","@id":"https:\/\/brutnaturebijoux.com\/es\/certificado-de-autenticidad-y-calidad\/","url":"https:\/\/brutnaturebijoux.com\/es\/certificado-de-autenticidad-y-calidad\/","name":"Certificado de Autenticidad y Calidad - Brut Nature Bijoux","isPartOf":{"@id":"https:\/\/brutnaturebijoux.com\/#website"},"datePublished":"2025-06-12T15:48:00+00:00","breadcrumb":{"@id":"https:\/\/brutnaturebijoux.com\/es\/certificado-de-autenticidad-y-calidad\/#breadcrumb"},"inLanguage":"es","potentialAction":[{"@type":"ReadAction","target":["https:\/\/brutnaturebijoux.com\/es\/certificado-de-autenticidad-y-calidad\/"]}]},{"@type":"BreadcrumbList","@id":"https:\/\/brutnaturebijoux.com\/es\/certificado-de-autenticidad-y-calidad\/#breadcrumb","itemListElement":[{"@type":"ListItem","position":1,"name":"Portada","item":"https:\/\/brutnaturebijoux.com\/es\/"},{"@type":"ListItem","position":2,"name":"Certificado de Autenticidad y Calidad"}]},{"@type":"WebSite","@id":"https:\/\/brutnaturebijoux.com\/#website","url":"https:\/\/brutnaturebijoux.com\/","name":"Brut Nature Bijoux","description":"Joyer\u00eda artesanal en plata  gemas","potentialAction":[{"@type":"SearchAction","target":{"@type":"EntryPoint","urlTemplate":"https:\/\/brutnaturebijoux.com\/?s={search_term_string}"},"query-input":{"@type":"PropertyValueSpecification","valueRequired":true,"valueName":"search_term_string"}}],"inLanguage":"es"}]}},"_links":{"self":[{"href":"https:\/\/brutnaturebijoux.com\/es\/wp-json\/wp\/v2\/pages\/4267","targetHints":{"allow":["GET"]}}],"collection":[{"href":"https:\/\/brutnaturebijoux.com\/es\/wp-json\/wp\/v2\/pages"}],"about":[{"href":"https:\/\/brutnaturebijoux.com\/es\/wp-json\/wp\/v2\/types\/page"}],"author":[{"embeddable":true,"href":"https:\/\/brutnaturebijoux.com\/es\/wp-json\/wp\/v2\/users\/3"}],"replies":[{"embeddable":true,"href":"https:\/\/brutnaturebijoux.com\/es\/wp-json\/wp\/v2\/comments?post=4267"}],"version-history":[{"count":0,"href":"https:\/\/brutnaturebijoux.com\/es\/wp-json\/wp\/v2\/pages\/4267\/revisions"}],"wp:attachment":[{"href":"https:\/\/brutnaturebijoux.com\/es\/wp-json\/wp\/v2\/media?parent=4267"}],"curies":[{"name":"wp","href":"https:\/\/api.w.org\/{rel}","templated":true}]}}