{"id":3104,"date":"2025-04-15T17:24:53","date_gmt":"2025-04-15T15:24:53","guid":{"rendered":"https:\/\/brutnaturebijoux.com\/?page_id=3104"},"modified":"2025-06-12T16:33:43","modified_gmt":"2025-06-12T14:33:43","slug":"pulseras","status":"publish","type":"page","link":"https:\/\/brutnaturebijoux.com\/es\/pulseras\/","title":{"rendered":"Pulseras"},"content":{"rendered":"<div class=\"wpb-content-wrapper\"><p>[vc_row el_class=\u00bbmax1300 centrar-contenido contenedor-productos\u00bb css=\u00bb.vc_custom_1745168403774{margin-top: 40px !important;}\u00bb][vc_column]<div class=\"woocommerce columns-4 \"><ul class=\"products columns-4\">\n<li class=\"layout-style-1 col-md-4 col-sm-4 col-xs-6 col-lg-3 product-has-gallery product-style-default product type-product post-3963 status-publish first instock product_cat-pulseras has-post-thumbnail shipping-taxable purchasable product-type-simple\">\n\t<div class=\"product-header\"><a href=\"https:\/\/brutnaturebijoux.com\/es\/producto\/pulsera-en-plata-925-maciza\/\" class=\"woocommerce-LoopProduct-link woocommerce-loop-product__link\"><img loading=\"lazy\" decoding=\"async\" width=\"433\" height=\"433\" src=\"https:\/\/brutnaturebijoux.com\/wp-content\/uploads\/2025\/06\/4001c-433x433.jpg\" class=\"attachment-woocommerce_thumbnail size-woocommerce_thumbnail\" alt=\"Pulsera en plata 925 maciza\" srcset=\"https:\/\/brutnaturebijoux.com\/wp-content\/uploads\/2025\/06\/4001c-433x433.jpg 433w, https:\/\/brutnaturebijoux.com\/wp-content\/uploads\/2025\/06\/4001c-300x300.jpg 300w, https:\/\/brutnaturebijoux.com\/wp-content\/uploads\/2025\/06\/4001c-150x150.jpg 150w, https:\/\/brutnaturebijoux.com\/wp-content\/uploads\/2025\/06\/4001c-100x100.jpg 100w, https:\/\/brutnaturebijoux.com\/wp-content\/uploads\/2025\/06\/4001c-50x50.jpg 50w, https:\/\/brutnaturebijoux.com\/wp-content\/uploads\/2025\/06\/4001c.jpg 700w\" sizes=\"auto, (max-width: 433px) 100vw, 433px\" \/><img loading=\"lazy\" decoding=\"async\" width=\"433\" height=\"433\" src=\"https:\/\/brutnaturebijoux.com\/wp-content\/uploads\/2025\/06\/ok_-4001-433x433.jpg\" class=\"attachment-shop_catalog size-shop_catalog product-hover-image\" alt=\"\" srcset=\"https:\/\/brutnaturebijoux.com\/wp-content\/uploads\/2025\/06\/ok_-4001-433x433.jpg 433w, https:\/\/brutnaturebijoux.com\/wp-content\/uploads\/2025\/06\/ok_-4001-300x300.jpg 300w, https:\/\/brutnaturebijoux.com\/wp-content\/uploads\/2025\/06\/ok_-4001-150x150.jpg 150w, https:\/\/brutnaturebijoux.com\/wp-content\/uploads\/2025\/06\/ok_-4001-100x100.jpg 100w, https:\/\/brutnaturebijoux.com\/wp-content\/uploads\/2025\/06\/ok_-4001-50x50.jpg 50w, https:\/\/brutnaturebijoux.com\/wp-content\/uploads\/2025\/06\/ok_-4001.jpg 700w\" sizes=\"auto, (max-width: 433px) 100vw, 433px\" \/><\/a>\n\t\t\n\t\t\n\t\t\t<div class=\"buttons\">\n\t\t\t\t<a href=\"\/es\/wp-json\/wp\/v2\/pages\/3104?add-to-cart=3963\" data-quantity=\"1\" class=\"button product_type_simple add_to_cart_button ajax_add_to_cart sober-loop-atc-button\" data-product_id=\"3963\" data-product_sku=\"401\" aria-label=\"A\u00f1adir al carrito: &ldquo;Pulsera en plata 925 maciza&rdquo;\" rel=\"nofollow\" data-success_message=\"\u00abPulsera en plata 925 maciza\u00bb se ha a\u00f1adido a tu carrito\" role=\"button\">\n\t\t\t\t<svg role=\"img\" viewBox=\"0 0 20 20\" width=\"20\" height=\"20\" > <use href=\"#basket-addtocart\" xlink:href=\"#basket-addtocart\"><\/use> <\/svg>\n\t\t\t\t<span class=\"screen-reader-text\">A\u00f1adir al carrito<\/span>\n\t\t\t<\/a>\t<span id=\"woocommerce_loop_add_to_cart_link_describedby_3963\" class=\"screen-reader-text\">\n\t\t\t<\/span>\n\t\t\t<\/div>\n\n\t\t\n\t\t<\/div>\n\t\t<h3 class=\"woocommerce-loop-product__title\"><a href=\"https:\/\/brutnaturebijoux.com\/es\/producto\/pulsera-en-plata-925-maciza\/\">Pulsera en plata 925 maciza<\/a><\/h3>\n\n\t\t\n\n\t\n\t\t<span class=\"price\"><span class=\"woocommerce-Price-amount amount\">180,00&nbsp;<span class=\"woocommerce-Price-currencySymbol\">&euro;<\/span><\/span><\/span>\n\n\t\n<\/li>\n<li class=\"layout-style-1 col-md-4 col-sm-4 col-xs-6 col-lg-3 product-has-gallery product-style-default product type-product post-3964 status-publish outofstock product_cat-pulseras has-post-thumbnail shipping-taxable purchasable product-type-simple\">\n\t<div class=\"product-header\"><a href=\"https:\/\/brutnaturebijoux.com\/es\/producto\/pulsera-en-plata-925-de-media-cana-abierta\/\" class=\"woocommerce-LoopProduct-link woocommerce-loop-product__link\"><img loading=\"lazy\" decoding=\"async\" width=\"433\" height=\"433\" src=\"https:\/\/brutnaturebijoux.com\/wp-content\/uploads\/2025\/06\/4002a-433x433.jpg\" class=\"attachment-woocommerce_thumbnail size-woocommerce_thumbnail\" alt=\"Pulsera en plata 925  de media ca\u00f1a abierta\" srcset=\"https:\/\/brutnaturebijoux.com\/wp-content\/uploads\/2025\/06\/4002a-433x433.jpg 433w, https:\/\/brutnaturebijoux.com\/wp-content\/uploads\/2025\/06\/4002a-e1758810163252.jpg 300w, https:\/\/brutnaturebijoux.com\/wp-content\/uploads\/2025\/06\/4002a-150x150.jpg 150w, https:\/\/brutnaturebijoux.com\/wp-content\/uploads\/2025\/06\/4002a-100x100.jpg 100w, https:\/\/brutnaturebijoux.com\/wp-content\/uploads\/2025\/06\/4002a-50x50.jpg 50w\" sizes=\"auto, (max-width: 433px) 100vw, 433px\" \/><img loading=\"lazy\" decoding=\"async\" width=\"433\" height=\"433\" src=\"https:\/\/brutnaturebijoux.com\/wp-content\/uploads\/2025\/06\/4002-433x433.jpg\" class=\"attachment-shop_catalog size-shop_catalog product-hover-image\" alt=\"\" srcset=\"https:\/\/brutnaturebijoux.com\/wp-content\/uploads\/2025\/06\/4002-433x433.jpg 433w, https:\/\/brutnaturebijoux.com\/wp-content\/uploads\/2025\/06\/4002-300x300.jpg 300w, https:\/\/brutnaturebijoux.com\/wp-content\/uploads\/2025\/06\/4002-150x150.jpg 150w, https:\/\/brutnaturebijoux.com\/wp-content\/uploads\/2025\/06\/4002-100x100.jpg 100w, https:\/\/brutnaturebijoux.com\/wp-content\/uploads\/2025\/06\/4002-50x50.jpg 50w, https:\/\/brutnaturebijoux.com\/wp-content\/uploads\/2025\/06\/4002.jpg 700w\" sizes=\"auto, (max-width: 433px) 100vw, 433px\" \/><\/a>\n\t\t\n\t\t\n\t\t\t<div class=\"buttons\">\n\t\t\t\t<a href=\"https:\/\/brutnaturebijoux.com\/es\/producto\/pulsera-en-plata-925-de-media-cana-abierta\/\" data-quantity=\"1\" class=\"button product_type_simple sober-loop-atc-button\" data-product_id=\"3964\" data-product_sku=\"402\" aria-label=\"Lee m\u00e1s sobre &ldquo;Pulsera en plata 925  de media ca\u00f1a abierta&rdquo;\" rel=\"nofollow\" data-success_message=\"\">\n\t\t\t\t<svg role=\"img\" viewBox=\"0 0 20 20\" width=\"20\" height=\"20\" > <use href=\"#basket-addtocart\" xlink:href=\"#basket-addtocart\"><\/use> <\/svg>\n\t\t\t\t<span class=\"screen-reader-text\">Leer m\u00e1s<\/span>\n\t\t\t<\/a>\t<span id=\"woocommerce_loop_add_to_cart_link_describedby_3964\" class=\"screen-reader-text\">\n\t\t\t<\/span>\n\t\t\t<\/div>\n\n\t\t\n\t\t<\/div>\n\t\t<h3 class=\"woocommerce-loop-product__title\"><a href=\"https:\/\/brutnaturebijoux.com\/es\/producto\/pulsera-en-plata-925-de-media-cana-abierta\/\">Pulsera en plata 925  de media ca\u00f1a abierta<\/a><\/h3>\n\n\t\t\n\n\t\n\t\t<span class=\"price\"><span class=\"woocommerce-Price-amount amount\">95,00&nbsp;<span class=\"woocommerce-Price-currencySymbol\">&euro;<\/span><\/span><\/span>\n\n\t\n<\/li>\n<li class=\"layout-style-1 col-md-4 col-sm-4 col-xs-6 col-lg-3 product-has-gallery product-style-default product type-product post-3965 status-publish instock product_cat-pulseras has-post-thumbnail shipping-taxable purchasable product-type-simple\">\n\t<div class=\"product-header\"><a href=\"https:\/\/brutnaturebijoux.com\/es\/producto\/pulsera-en-plata-925-de-circulo-cerrado-con-un-martelle\/\" class=\"woocommerce-LoopProduct-link woocommerce-loop-product__link\"><img loading=\"lazy\" decoding=\"async\" width=\"433\" height=\"433\" src=\"https:\/\/brutnaturebijoux.com\/wp-content\/uploads\/2025\/06\/4003a-433x433.jpg\" class=\"attachment-woocommerce_thumbnail size-woocommerce_thumbnail\" alt=\"Pulsera en plata 925  de c\u00edrculo cerrado con un martell\u00e9\" srcset=\"https:\/\/brutnaturebijoux.com\/wp-content\/uploads\/2025\/06\/4003a-433x433.jpg 433w, https:\/\/brutnaturebijoux.com\/wp-content\/uploads\/2025\/06\/4003a-300x300.jpg 300w, https:\/\/brutnaturebijoux.com\/wp-content\/uploads\/2025\/06\/4003a-150x150.jpg 150w, https:\/\/brutnaturebijoux.com\/wp-content\/uploads\/2025\/06\/4003a-100x100.jpg 100w, https:\/\/brutnaturebijoux.com\/wp-content\/uploads\/2025\/06\/4003a-50x50.jpg 50w, https:\/\/brutnaturebijoux.com\/wp-content\/uploads\/2025\/06\/4003a.jpg 700w\" sizes=\"auto, (max-width: 433px) 100vw, 433px\" \/><img loading=\"lazy\" decoding=\"async\" width=\"433\" height=\"433\" src=\"https:\/\/brutnaturebijoux.com\/wp-content\/uploads\/2025\/06\/4003-433x433.jpg\" class=\"attachment-shop_catalog size-shop_catalog product-hover-image\" alt=\"\" srcset=\"https:\/\/brutnaturebijoux.com\/wp-content\/uploads\/2025\/06\/4003-433x433.jpg 433w, https:\/\/brutnaturebijoux.com\/wp-content\/uploads\/2025\/06\/4003-300x300.jpg 300w, https:\/\/brutnaturebijoux.com\/wp-content\/uploads\/2025\/06\/4003-150x150.jpg 150w, https:\/\/brutnaturebijoux.com\/wp-content\/uploads\/2025\/06\/4003-100x100.jpg 100w, https:\/\/brutnaturebijoux.com\/wp-content\/uploads\/2025\/06\/4003-50x50.jpg 50w, https:\/\/brutnaturebijoux.com\/wp-content\/uploads\/2025\/06\/4003.jpg 700w\" sizes=\"auto, (max-width: 433px) 100vw, 433px\" \/><\/a>\n\t\t\n\t\t\n\t\t\t<div class=\"buttons\">\n\t\t\t\t<a href=\"\/es\/wp-json\/wp\/v2\/pages\/3104?add-to-cart=3965\" data-quantity=\"1\" class=\"button product_type_simple add_to_cart_button ajax_add_to_cart sober-loop-atc-button\" data-product_id=\"3965\" data-product_sku=\"403\" aria-label=\"A\u00f1adir al carrito: &ldquo;Pulsera en plata 925  de c\u00edrculo cerrado con un martell\u00e9&rdquo;\" rel=\"nofollow\" data-success_message=\"\u00abPulsera en plata 925  de c\u00edrculo cerrado con un martell\u00e9\u00bb se ha a\u00f1adido a tu carrito\" role=\"button\">\n\t\t\t\t<svg role=\"img\" viewBox=\"0 0 20 20\" width=\"20\" height=\"20\" > <use href=\"#basket-addtocart\" xlink:href=\"#basket-addtocart\"><\/use> <\/svg>\n\t\t\t\t<span class=\"screen-reader-text\">A\u00f1adir al carrito<\/span>\n\t\t\t<\/a>\t<span id=\"woocommerce_loop_add_to_cart_link_describedby_3965\" class=\"screen-reader-text\">\n\t\t\t<\/span>\n\t\t\t<\/div>\n\n\t\t\n\t\t<\/div>\n\t\t<h3 class=\"woocommerce-loop-product__title\"><a href=\"https:\/\/brutnaturebijoux.com\/es\/producto\/pulsera-en-plata-925-de-circulo-cerrado-con-un-martelle\/\">Pulsera en plata 925  de c\u00edrculo cerrado con un martell\u00e9<\/a><\/h3>\n\n\t\t\n\n\t\n\t\t<span class=\"price\"><span class=\"woocommerce-Price-amount amount\">75,00&nbsp;<span class=\"woocommerce-Price-currencySymbol\">&euro;<\/span><\/span><\/span>\n\n\t\n<\/li>\n<li class=\"layout-style-1 col-md-4 col-sm-4 col-xs-6 col-lg-3 product-has-gallery product-style-default product type-product post-3966 status-publish last instock product_cat-pulseras has-post-thumbnail shipping-taxable purchasable product-type-simple\">\n\t<div class=\"product-header\"><a href=\"https:\/\/brutnaturebijoux.com\/es\/producto\/pulsera-en-plata-925-maciza-rectangular\/\" class=\"woocommerce-LoopProduct-link woocommerce-loop-product__link\"><img loading=\"lazy\" decoding=\"async\" width=\"433\" height=\"433\" src=\"https:\/\/brutnaturebijoux.com\/wp-content\/uploads\/2025\/06\/4004c-433x433.jpg\" class=\"attachment-woocommerce_thumbnail size-woocommerce_thumbnail\" alt=\"Pulsera en plata 925 maciza rectangular\" srcset=\"https:\/\/brutnaturebijoux.com\/wp-content\/uploads\/2025\/06\/4004c-433x433.jpg 433w, https:\/\/brutnaturebijoux.com\/wp-content\/uploads\/2025\/06\/4004c-300x300.jpg 300w, https:\/\/brutnaturebijoux.com\/wp-content\/uploads\/2025\/06\/4004c-150x150.jpg 150w, https:\/\/brutnaturebijoux.com\/wp-content\/uploads\/2025\/06\/4004c-100x100.jpg 100w, https:\/\/brutnaturebijoux.com\/wp-content\/uploads\/2025\/06\/4004c-50x50.jpg 50w, https:\/\/brutnaturebijoux.com\/wp-content\/uploads\/2025\/06\/4004c.jpg 700w\" sizes=\"auto, (max-width: 433px) 100vw, 433px\" \/><img loading=\"lazy\" decoding=\"async\" width=\"433\" height=\"433\" src=\"https:\/\/brutnaturebijoux.com\/wp-content\/uploads\/2025\/06\/4004-433x433.jpg\" class=\"attachment-shop_catalog size-shop_catalog product-hover-image\" alt=\"\" srcset=\"https:\/\/brutnaturebijoux.com\/wp-content\/uploads\/2025\/06\/4004-433x433.jpg 433w, https:\/\/brutnaturebijoux.com\/wp-content\/uploads\/2025\/06\/4004-300x300.jpg 300w, https:\/\/brutnaturebijoux.com\/wp-content\/uploads\/2025\/06\/4004-150x150.jpg 150w, https:\/\/brutnaturebijoux.com\/wp-content\/uploads\/2025\/06\/4004-100x100.jpg 100w, https:\/\/brutnaturebijoux.com\/wp-content\/uploads\/2025\/06\/4004-50x50.jpg 50w, https:\/\/brutnaturebijoux.com\/wp-content\/uploads\/2025\/06\/4004.jpg 700w\" sizes=\"auto, (max-width: 433px) 100vw, 433px\" \/><\/a>\n\t\t\n\t\t\n\t\t\t<div class=\"buttons\">\n\t\t\t\t<a href=\"\/es\/wp-json\/wp\/v2\/pages\/3104?add-to-cart=3966\" data-quantity=\"1\" class=\"button product_type_simple add_to_cart_button ajax_add_to_cart sober-loop-atc-button\" data-product_id=\"3966\" data-product_sku=\"404\" aria-label=\"A\u00f1adir al carrito: &ldquo;Pulsera en plata 925 maciza rectangular&rdquo;\" rel=\"nofollow\" data-success_message=\"\u00abPulsera en plata 925 maciza rectangular\u00bb se ha a\u00f1adido a tu carrito\" role=\"button\">\n\t\t\t\t<svg role=\"img\" viewBox=\"0 0 20 20\" width=\"20\" height=\"20\" > <use href=\"#basket-addtocart\" xlink:href=\"#basket-addtocart\"><\/use> <\/svg>\n\t\t\t\t<span class=\"screen-reader-text\">A\u00f1adir al carrito<\/span>\n\t\t\t<\/a>\t<span id=\"woocommerce_loop_add_to_cart_link_describedby_3966\" class=\"screen-reader-text\">\n\t\t\t<\/span>\n\t\t\t<\/div>\n\n\t\t\n\t\t<\/div>\n\t\t<h3 class=\"woocommerce-loop-product__title\"><a href=\"https:\/\/brutnaturebijoux.com\/es\/producto\/pulsera-en-plata-925-maciza-rectangular\/\">Pulsera en plata 925 maciza rectangular<\/a><\/h3>\n\n\t\t\n\n\t\n\t\t<span class=\"price\"><span class=\"woocommerce-Price-amount amount\">80,00&nbsp;<span class=\"woocommerce-Price-currencySymbol\">&euro;<\/span><\/span><\/span>\n\n\t\n<\/li>\n<li class=\"layout-style-1 col-md-4 col-sm-4 col-xs-6 col-lg-3 product-style-default product type-product post-3967 status-publish first instock product_cat-pulseras has-post-thumbnail shipping-taxable purchasable product-type-simple\">\n\t<div class=\"product-header\"><a href=\"https:\/\/brutnaturebijoux.com\/es\/producto\/pulsera-en-plata-925-maciza-con-un-acabado-oxidado\/\" class=\"woocommerce-LoopProduct-link woocommerce-loop-product__link\"><img loading=\"lazy\" decoding=\"async\" width=\"433\" height=\"433\" src=\"https:\/\/brutnaturebijoux.com\/wp-content\/uploads\/2025\/06\/4006-433x433.jpg\" class=\"attachment-woocommerce_thumbnail size-woocommerce_thumbnail\" alt=\"Pulsera en plata 925 maciza con un acabado oxidado\" srcset=\"https:\/\/brutnaturebijoux.com\/wp-content\/uploads\/2025\/06\/4006-433x433.jpg 433w, https:\/\/brutnaturebijoux.com\/wp-content\/uploads\/2025\/06\/4006-300x300.jpg 300w, https:\/\/brutnaturebijoux.com\/wp-content\/uploads\/2025\/06\/4006-150x150.jpg 150w, https:\/\/brutnaturebijoux.com\/wp-content\/uploads\/2025\/06\/4006-100x100.jpg 100w, https:\/\/brutnaturebijoux.com\/wp-content\/uploads\/2025\/06\/4006-50x50.jpg 50w, https:\/\/brutnaturebijoux.com\/wp-content\/uploads\/2025\/06\/4006.jpg 700w\" sizes=\"auto, (max-width: 433px) 100vw, 433px\" \/><\/a>\n\t\t\n\t\t\n\t\t\t<div class=\"buttons\">\n\t\t\t\t<a href=\"\/es\/wp-json\/wp\/v2\/pages\/3104?add-to-cart=3967\" data-quantity=\"1\" class=\"button product_type_simple add_to_cart_button ajax_add_to_cart sober-loop-atc-button\" data-product_id=\"3967\" data-product_sku=\"405\" aria-label=\"A\u00f1adir al carrito: &ldquo;Pulsera en plata 925 maciza con un acabado oxidado&rdquo;\" rel=\"nofollow\" data-success_message=\"\u00abPulsera en plata 925 maciza con un acabado oxidado\u00bb se ha a\u00f1adido a tu carrito\" role=\"button\">\n\t\t\t\t<svg role=\"img\" viewBox=\"0 0 20 20\" width=\"20\" height=\"20\" > <use href=\"#basket-addtocart\" xlink:href=\"#basket-addtocart\"><\/use> <\/svg>\n\t\t\t\t<span class=\"screen-reader-text\">A\u00f1adir al carrito<\/span>\n\t\t\t<\/a>\t<span id=\"woocommerce_loop_add_to_cart_link_describedby_3967\" class=\"screen-reader-text\">\n\t\t\t<\/span>\n\t\t\t<\/div>\n\n\t\t\n\t\t<\/div>\n\t\t<h3 class=\"woocommerce-loop-product__title\"><a href=\"https:\/\/brutnaturebijoux.com\/es\/producto\/pulsera-en-plata-925-maciza-con-un-acabado-oxidado\/\">Pulsera en plata 925 maciza con un acabado oxidado<\/a><\/h3>\n\n\t\t\n\n\t\n\t\t<span class=\"price\"><span class=\"woocommerce-Price-amount amount\">160,00&nbsp;<span class=\"woocommerce-Price-currencySymbol\">&euro;<\/span><\/span><\/span>\n\n\t\n<\/li>\n<li class=\"layout-style-1 col-md-4 col-sm-4 col-xs-6 col-lg-3 product-has-gallery product-style-default product type-product post-3968 status-publish instock product_cat-pulseras has-post-thumbnail shipping-taxable purchasable product-type-simple\">\n\t<div class=\"product-header\"><a href=\"https:\/\/brutnaturebijoux.com\/es\/producto\/pulsera-abierta-con-su-diseno-en-forma-de-colmena\/\" class=\"woocommerce-LoopProduct-link woocommerce-loop-product__link\"><img loading=\"lazy\" decoding=\"async\" width=\"433\" height=\"433\" src=\"https:\/\/brutnaturebijoux.com\/wp-content\/uploads\/2025\/06\/4007-433x433.jpg\" class=\"attachment-woocommerce_thumbnail size-woocommerce_thumbnail\" alt=\"Pulsera abierta con su dise\u00f1o en forma de colmena.\" srcset=\"https:\/\/brutnaturebijoux.com\/wp-content\/uploads\/2025\/06\/4007-433x433.jpg 433w, https:\/\/brutnaturebijoux.com\/wp-content\/uploads\/2025\/06\/4007-300x300.jpg 300w, https:\/\/brutnaturebijoux.com\/wp-content\/uploads\/2025\/06\/4007-150x150.jpg 150w, https:\/\/brutnaturebijoux.com\/wp-content\/uploads\/2025\/06\/4007-100x100.jpg 100w, https:\/\/brutnaturebijoux.com\/wp-content\/uploads\/2025\/06\/4007-50x50.jpg 50w, https:\/\/brutnaturebijoux.com\/wp-content\/uploads\/2025\/06\/4007.jpg 700w\" sizes=\"auto, (max-width: 433px) 100vw, 433px\" \/><img loading=\"lazy\" decoding=\"async\" width=\"433\" height=\"433\" src=\"https:\/\/brutnaturebijoux.com\/wp-content\/uploads\/2025\/06\/IMG_0517-433x433.jpg\" class=\"attachment-shop_catalog size-shop_catalog product-hover-image\" alt=\"\" srcset=\"https:\/\/brutnaturebijoux.com\/wp-content\/uploads\/2025\/06\/IMG_0517-433x433.jpg 433w, https:\/\/brutnaturebijoux.com\/wp-content\/uploads\/2025\/06\/IMG_0517-300x300.jpg 300w, https:\/\/brutnaturebijoux.com\/wp-content\/uploads\/2025\/06\/IMG_0517-150x150.jpg 150w, https:\/\/brutnaturebijoux.com\/wp-content\/uploads\/2025\/06\/IMG_0517-100x100.jpg 100w, https:\/\/brutnaturebijoux.com\/wp-content\/uploads\/2025\/06\/IMG_0517-50x50.jpg 50w, https:\/\/brutnaturebijoux.com\/wp-content\/uploads\/2025\/06\/IMG_0517.jpg 700w\" sizes=\"auto, (max-width: 433px) 100vw, 433px\" \/><\/a>\n\t\t\n\t\t\n\t\t\t<div class=\"buttons\">\n\t\t\t\t<a href=\"\/es\/wp-json\/wp\/v2\/pages\/3104?add-to-cart=3968\" data-quantity=\"1\" class=\"button product_type_simple add_to_cart_button ajax_add_to_cart sober-loop-atc-button\" data-product_id=\"3968\" data-product_sku=\"406\" aria-label=\"A\u00f1adir al carrito: &ldquo;Pulsera abierta con su dise\u00f1o en forma de colmena.&rdquo;\" rel=\"nofollow\" data-success_message=\"\u00abPulsera abierta con su dise\u00f1o en forma de colmena.\u00bb se ha a\u00f1adido a tu carrito\" role=\"button\">\n\t\t\t\t<svg role=\"img\" viewBox=\"0 0 20 20\" width=\"20\" height=\"20\" > <use href=\"#basket-addtocart\" xlink:href=\"#basket-addtocart\"><\/use> <\/svg>\n\t\t\t\t<span class=\"screen-reader-text\">A\u00f1adir al carrito<\/span>\n\t\t\t<\/a>\t<span id=\"woocommerce_loop_add_to_cart_link_describedby_3968\" class=\"screen-reader-text\">\n\t\t\t<\/span>\n\t\t\t<\/div>\n\n\t\t\n\t\t<\/div>\n\t\t<h3 class=\"woocommerce-loop-product__title\"><a href=\"https:\/\/brutnaturebijoux.com\/es\/producto\/pulsera-abierta-con-su-diseno-en-forma-de-colmena\/\">Pulsera abierta con su dise\u00f1o en forma de colmena.<\/a><\/h3>\n\n\t\t\n\n\t\n\t\t<span class=\"price\"><span class=\"woocommerce-Price-amount amount\">225,00&nbsp;<span class=\"woocommerce-Price-currencySymbol\">&euro;<\/span><\/span><\/span>\n\n\t\n<\/li>\n<\/ul>\n<\/div>[\/vc_column][\/vc_row]<\/p>\n<\/div>","protected":false},"excerpt":{"rendered":"<p>[vc_row el_class=\u00bbmax1300 centrar-contenido contenedor-productos\u00bb css=\u00bb.vc_custom_1745168403774{margin-top: 40px !important;}\u00bb][vc_column][\/vc_column][\/vc_row]<\/p>\n","protected":false},"author":3,"featured_media":0,"parent":0,"menu_order":0,"comment_status":"closed","ping_status":"closed","template":"templates\/full-width.php","meta":{"inline_featured_image":false,"footnotes":""},"class_list":["post-3104","page","type-page","status-publish","hentry"],"yoast_head":"<!-- This site is optimized with the Yoast SEO plugin v27.4 - https:\/\/yoast.com\/product\/yoast-seo-wordpress\/ -->\n<title>Pulseras - Brut Nature Bijoux<\/title>\n<meta name=\"robots\" content=\"index, follow, max-snippet:-1, max-image-preview:large, max-video-preview:-1\" \/>\n<link rel=\"canonical\" href=\"https:\/\/brutnaturebijoux.com\/bracelets\/\" \/>\n<meta property=\"og:locale\" content=\"es_ES\" \/>\n<meta property=\"og:type\" content=\"article\" \/>\n<meta property=\"og:title\" content=\"Pulseras - Brut Nature Bijoux\" \/>\n<meta property=\"og:description\" content=\"[vc_row el_class=\u00bbmax1300 centrar-contenido contenedor-productos\u00bb css=\u00bb.vc_custom_1745168403774{margin-top: 40px !important;}\u00bb][vc_column][\/vc_column][\/vc_row]\" \/>\n<meta property=\"og:url\" content=\"https:\/\/brutnaturebijoux.com\/bracelets\/\" \/>\n<meta property=\"og:site_name\" content=\"Brut Nature Bijoux\" \/>\n<meta property=\"article:modified_time\" content=\"2025-06-12T14:33:43+00:00\" \/>\n<meta name=\"twitter:card\" content=\"summary_large_image\" \/>\n<meta name=\"twitter:label1\" content=\"Tiempo de lectura\" \/>\n\t<meta name=\"twitter:data1\" content=\"1 minuto\" \/>\n<script type=\"application\/ld+json\" class=\"yoast-schema-graph\">{\"@context\":\"https:\\\/\\\/schema.org\",\"@graph\":[{\"@type\":\"WebPage\",\"@id\":\"https:\\\/\\\/brutnaturebijoux.com\\\/bracelets\\\/\",\"url\":\"https:\\\/\\\/brutnaturebijoux.com\\\/bracelets\\\/\",\"name\":\"Pulseras - Brut Nature Bijoux\",\"isPartOf\":{\"@id\":\"https:\\\/\\\/brutnaturebijoux.com\\\/#website\"},\"datePublished\":\"2025-04-15T15:24:53+00:00\",\"dateModified\":\"2025-06-12T14:33:43+00:00\",\"breadcrumb\":{\"@id\":\"https:\\\/\\\/brutnaturebijoux.com\\\/bracelets\\\/#breadcrumb\"},\"inLanguage\":\"es\",\"potentialAction\":[{\"@type\":\"ReadAction\",\"target\":[\"https:\\\/\\\/brutnaturebijoux.com\\\/bracelets\\\/\"]}]},{\"@type\":\"BreadcrumbList\",\"@id\":\"https:\\\/\\\/brutnaturebijoux.com\\\/bracelets\\\/#breadcrumb\",\"itemListElement\":[{\"@type\":\"ListItem\",\"position\":1,\"name\":\"Portada\",\"item\":\"https:\\\/\\\/brutnaturebijoux.com\\\/es\\\/\"},{\"@type\":\"ListItem\",\"position\":2,\"name\":\"Pulseras\"}]},{\"@type\":\"WebSite\",\"@id\":\"https:\\\/\\\/brutnaturebijoux.com\\\/#website\",\"url\":\"https:\\\/\\\/brutnaturebijoux.com\\\/\",\"name\":\"Brut Nature Bijoux\",\"description\":\"Joyer\u00eda artesanal en plata  gemas\",\"potentialAction\":[{\"@type\":\"SearchAction\",\"target\":{\"@type\":\"EntryPoint\",\"urlTemplate\":\"https:\\\/\\\/brutnaturebijoux.com\\\/?s={search_term_string}\"},\"query-input\":{\"@type\":\"PropertyValueSpecification\",\"valueRequired\":true,\"valueName\":\"search_term_string\"}}],\"inLanguage\":\"es\"}]}<\/script>\n<!-- \/ Yoast SEO plugin. -->","yoast_head_json":{"title":"Pulseras - Brut Nature Bijoux","robots":{"index":"index","follow":"follow","max-snippet":"max-snippet:-1","max-image-preview":"max-image-preview:large","max-video-preview":"max-video-preview:-1"},"canonical":"https:\/\/brutnaturebijoux.com\/bracelets\/","og_locale":"es_ES","og_type":"article","og_title":"Pulseras - Brut Nature Bijoux","og_description":"[vc_row el_class=\u00bbmax1300 centrar-contenido contenedor-productos\u00bb css=\u00bb.vc_custom_1745168403774{margin-top: 40px !important;}\u00bb][vc_column][\/vc_column][\/vc_row]","og_url":"https:\/\/brutnaturebijoux.com\/bracelets\/","og_site_name":"Brut Nature Bijoux","article_modified_time":"2025-06-12T14:33:43+00:00","twitter_card":"summary_large_image","twitter_misc":{"Tiempo de lectura":"1 minuto"},"schema":{"@context":"https:\/\/schema.org","@graph":[{"@type":"WebPage","@id":"https:\/\/brutnaturebijoux.com\/bracelets\/","url":"https:\/\/brutnaturebijoux.com\/bracelets\/","name":"Pulseras - Brut Nature Bijoux","isPartOf":{"@id":"https:\/\/brutnaturebijoux.com\/#website"},"datePublished":"2025-04-15T15:24:53+00:00","dateModified":"2025-06-12T14:33:43+00:00","breadcrumb":{"@id":"https:\/\/brutnaturebijoux.com\/bracelets\/#breadcrumb"},"inLanguage":"es","potentialAction":[{"@type":"ReadAction","target":["https:\/\/brutnaturebijoux.com\/bracelets\/"]}]},{"@type":"BreadcrumbList","@id":"https:\/\/brutnaturebijoux.com\/bracelets\/#breadcrumb","itemListElement":[{"@type":"ListItem","position":1,"name":"Portada","item":"https:\/\/brutnaturebijoux.com\/es\/"},{"@type":"ListItem","position":2,"name":"Pulseras"}]},{"@type":"WebSite","@id":"https:\/\/brutnaturebijoux.com\/#website","url":"https:\/\/brutnaturebijoux.com\/","name":"Brut Nature Bijoux","description":"Joyer\u00eda artesanal en plata  gemas","potentialAction":[{"@type":"SearchAction","target":{"@type":"EntryPoint","urlTemplate":"https:\/\/brutnaturebijoux.com\/?s={search_term_string}"},"query-input":{"@type":"PropertyValueSpecification","valueRequired":true,"valueName":"search_term_string"}}],"inLanguage":"es"}]}},"_links":{"self":[{"href":"https:\/\/brutnaturebijoux.com\/es\/wp-json\/wp\/v2\/pages\/3104","targetHints":{"allow":["GET"]}}],"collection":[{"href":"https:\/\/brutnaturebijoux.com\/es\/wp-json\/wp\/v2\/pages"}],"about":[{"href":"https:\/\/brutnaturebijoux.com\/es\/wp-json\/wp\/v2\/types\/page"}],"author":[{"embeddable":true,"href":"https:\/\/brutnaturebijoux.com\/es\/wp-json\/wp\/v2\/users\/3"}],"replies":[{"embeddable":true,"href":"https:\/\/brutnaturebijoux.com\/es\/wp-json\/wp\/v2\/comments?post=3104"}],"version-history":[{"count":0,"href":"https:\/\/brutnaturebijoux.com\/es\/wp-json\/wp\/v2\/pages\/3104\/revisions"}],"wp:attachment":[{"href":"https:\/\/brutnaturebijoux.com\/es\/wp-json\/wp\/v2\/media?parent=3104"}],"curies":[{"name":"wp","href":"https:\/\/api.w.org\/{rel}","templated":true}]}}