{"id":2686,"date":"2025-04-04T19:49:00","date_gmt":"2025-04-04T17:49:00","guid":{"rendered":"https:\/\/brutnaturebijoux.com\/?page_id=2686"},"modified":"2025-09-23T17:36:03","modified_gmt":"2025-09-23T15:36:03","slug":"sobre-mi","status":"publish","type":"page","link":"https:\/\/brutnaturebijoux.com\/es\/sobre-mi\/","title":{"rendered":"Sobre m\u00ed"},"content":{"rendered":"<div class=\"wpb-content-wrapper\"><p>[vc_row el_class=\u00bbmax1500 centrar-contenido\u00bb css=\u00bb.vc_custom_1743794514373{margin-top: 40px !important;}\u00bb][vc_column width=\u00bb2\/3&#8243;][vc_raw_html css=\u00bb\u00bb]JTNDZGl2JTIwY2xhc3MlM0QlMjJjb250ZW5lZG9yLWdyYWwtaW1nLXNvYnJlLW1pJTIyJTNFJTBBJTA5JTA5JTNDZGl2JTIwY2xhc3MlM0QlMjJjb250ZW5lZG9yLTEtaW1nLXNvYnJlLW1pJTIyJTNFJTBBJTA5JTA5JTA5JTNDZGl2JTIwY2xhc3MlM0QlMjJjb250ZW5lZG9yLWludGVybm8tMS1pbWctc29icmUtbWklMjIlM0UlMEElMDklMDklMDklMDklM0NpbWclMjBzcmMlM0QlMjJodHRwcyUzQSUyRiUyRmJydXRuYXR1cmViaWpvdXguY29tJTJGd3AtY29udGVudCUyRnVwbG9hZHMlMkYyMDI1JTJGMDQlMkZzb2JyZS1taS0xLmpwZyUyMiUyMGFsdCUzRCUyMiUyMiUzRSUwQSUwOSUwOSUwOSUzQyUyRmRpdiUzRSUwQSUwOSUwOSUwOSUzQ2RpdiUyMGNsYXNzJTNEJTIyY29udGVuZWRvci1pbnRlcm5vLTItaW1nLXNvYnJlLW1pJTIyJTNFJTBBJTA5JTA5JTA5JTA5JTNDZGl2JTIwY2xhc3MlM0QlMjJjb250ZW5lZG9yLWZpbmFsLWZvdG8tc29icmUtbWklMjBjb250ZW5lZG9yLWZpbmFsLWZvdG8tc29icmUtbWktMSUyMiUzRSUwQSUwOSUwOSUwOSUwOSUwOSUzQ2ltZyUyMHNyYyUzRCUyMmh0dHBzJTNBJTJGJTJGYnJ1dG5hdHVyZWJpam91eC5jb20lMkZ3cC1jb250ZW50JTJGdXBsb2FkcyUyRjIwMjUlMkYwNCUyRnNvYnJlLW1pLTIuanBnJTIyJTIwYWx0JTNEJTIyJTIyJTNFJTBBJTA5JTA5JTA5JTA5JTNDJTJGZGl2JTNFJTBBJTA5JTA5JTA5JTA5JTNDZGl2JTIwY2xhc3MlM0QlMjJjb250ZW5lZG9yLWZpbmFsLWZvdG8tc29icmUtbWklMjBjb250ZW5lZG9yLWZpbmFsLWZvdG8tc29icmUtbWktMiUyMiUzRSUwQSUwOSUwOSUwOSUwOSUwOSUzQ2ltZyUyMHNyYyUzRCUyMmh0dHBzJTNBJTJGJTJGYnJ1dG5hdHVyZWJpam91eC5jb20lMkZ3cC1jb250ZW50JTJGdXBsb2FkcyUyRjIwMjUlMkYwNCUyRnNvYnJlLW1pLTMuanBnJTIyJTIwYWx0JTNEJTIyJTIyJTNFJTBBJTA5JTA5JTA5JTA5JTNDJTJGZGl2JTNFJTBBJTA5JTA5JTA5JTA5JTNDZGl2JTIwY2xhc3MlM0QlMjJjb250ZW5lZG9yLWZpbmFsLWZvdG8tc29icmUtbWklMjBjb250ZW5lZG9yLWZpbmFsLWZvdG8tc29icmUtbWktMyUyMiUzRSUwQSUwOSUwOSUwOSUwOSUwOSUzQ2ltZyUyMHNyYyUzRCUyMmh0dHBzJTNBJTJGJTJGYnJ1dG5hdHVyZWJpam91eC5jb20lMkZ3cC1jb250ZW50JTJGdXBsb2FkcyUyRjIwMjUlMkYwNCUyRnNvYnJlLW1pLTQuanBnJTIyJTIwYWx0JTNEJTIyJTIyJTNFJTBBJTA5JTA5JTA5JTA5JTNDJTJGZGl2JTNFJTBBJTA5JTA5JTA5JTA5JTNDZGl2JTIwY2xhc3MlM0QlMjJjb250ZW5lZG9yLWZpbmFsLWZvdG8tc29icmUtbWklMjBjb250ZW5lZG9yLWZpbmFsLWZvdG8tc29icmUtbWktNCUyMiUzRSUwQSUwOSUwOSUwOSUwOSUwOSUzQ2ltZyUyMHNyYyUzRCUyMmh0dHBzJTNBJTJGJTJGYnJ1dG5hdHVyZWJpam91eC5jb20lMkZ3cC1jb250ZW50JTJGdXBsb2FkcyUyRjIwMjUlMkYwNCUyRnNvYnJlLW1pLTUuanBnJTIyJTIwYWx0JTNEJTIyJTIyJTNFJTBBJTA5JTA5JTA5JTA5JTNDJTJGZGl2JTNFJTBBJTA5JTA5JTA5JTNDJTJGZGl2JTNFJTBBJTA5JTA5JTNDJTJGZGl2JTNFJTBBJTA5JTA5JTNDZGl2JTIwY2xhc3MlM0QlMjJjb250ZW5lZG9yLTItaW1nLXNvYnJlLW1pJTIyJTNFJTBBJTA5JTA5JTA5JTNDZGl2JTIwY2xhc3MlM0QlMjJjb250ZW5lZG9yLWZpbmFsLWZvdG8tc29icmUtbWklMjBjb250ZW5lZG9yLWZpbmFsLWZvdG8tc29icmUtbWktNCUyMiUzRSUwQSUwOSUwOSUwOSUwOSUzQ2ltZyUyMHNyYyUzRCUyMmh0dHBzJTNBJTJGJTJGYnJ1dG5hdHVyZWJpam91eC5jb20lMkZ3cC1jb250ZW50JTJGdXBsb2FkcyUyRjIwMjUlMkYwNCUyRnNvYnJlLW1pLTYuanBnJTIyJTIwYWx0JTNEJTIyJTIyJTNFJTBBJTA5JTA5JTA5JTNDJTJGZGl2JTNFJTBBJTA5JTA5JTA5JTNDZGl2JTIwY2xhc3MlM0QlMjJjb250ZW5lZG9yLWZpbmFsLWZvdG8tc29icmUtbWklMjBjb250ZW5lZG9yLWZpbmFsLWZvdG8tc29icmUtbWktNCUyMiUzRSUwQSUwOSUwOSUwOSUwOSUzQ2ltZyUyMHNyYyUzRCUyMmh0dHBzJTNBJTJGJTJGYnJ1dG5hdHVyZWJpam91eC5jb20lMkZ3cC1jb250ZW50JTJGdXBsb2FkcyUyRjIwMjUlMkYwNCUyRnNvYnJlLW1pLTcuanBnJTIyJTIwYWx0JTNEJTIyJTIyJTNFJTBBJTA5JTA5JTA5JTNDJTJGZGl2JTNFJTBBJTA5JTA5JTNDJTJGZGl2JTNFJTBBJTA5JTNDJTJGZGl2JTNF[\/vc_raw_html][\/vc_column][vc_column width=\u00bb1\/3&#8243;][vc_column_text css=\u00bb\u00bb el_class=\u00bbtexto-sobre-mi\u00bb]\u00a1Bienvenida!<\/p>\n<p>Soy M\u00f3nica, nac\u00ed en Barcelona hace ya algunas lunas. Desde muy joven, he viajado, vivido y trabajado como artesana en rincones tan diversos como Grecia, Italia, India, Egipto, Marruecos&#8230;<\/p>\n<p>Cada lugar ha dejado su huella en m\u00ed, no solo en mi t\u00e9cnica, sino en mi manera de entender la vida y el arte.<\/p>\n<p>Me inspiro en las antiguas tradiciones y en las formas org\u00e1nicas que nos conectan con nuestras ra\u00edces.<br \/>\nHoy, mi taller de joyer\u00eda y lapidaria se encuentra en Olargues, un peque\u00f1o pueblo en el coraz\u00f3n del Parque Natural del Alto Languedoc, en Francia. Aqu\u00ed, rodeada de monta\u00f1as, r\u00edos y bosques, encuentro la inspiraci\u00f3n que da vida a mis creaciones.<\/p>\n<p>En mi taller, la naturaleza no es solo una fuente de inspiraci\u00f3n, sino el alma de cada creaci\u00f3n.<\/p>\n<p>Trabajo con plantas silvestres recolectadas en los alrededores y piedras seleccionadas con cuidado, combinando su esencia para dar forma a piezas que son mucho m\u00e1s que joyas: son amuletos, s\u00edmbolos de conexi\u00f3n con la tierra y con la energ\u00eda que nos rodea.<\/p>\n<p>En cada joya, la piedra, la planta y el metal dialogan, fusionando su poder en una armon\u00eda que evoca la magia de lo simple, lo aut\u00e9ntico, lo eterno.<\/p>\n<p>Cada marca cuenta la historia de un momento de creaci\u00f3n, y mis manos y herramientas \u2014 pinzas, soplete, martillos, limas \u2014 son los \u00fanicos intermediarios entre la idea y su materializaci\u00f3n; una curva irregular, una ligera asimetr\u00eda, una textura inesperada: un di\u00e1logo entre la materia en su estado m\u00e1s puro y la emoci\u00f3n del instante.[\/vc_column_text][\/vc_column][\/vc_row]<\/p>\n<\/div>","protected":false},"excerpt":{"rendered":"<p>[vc_row el_class=\u00bbmax1500 centrar-contenido\u00bb css=\u00bb.vc_custom_1743794514373{margin-top: 40px !important;}\u00bb][vc_column width=\u00bb2\/3&#8243;][vc_raw_html css=\u00bb\u00bb]JTNDZGl2JTIwY2xhc3MlM0QlMjJjb250ZW5lZG9yLWdyYWwtaW1nLXNvYnJlLW1pJTIyJTNFJTBBJTA5JTA5JTNDZGl2JTIwY2xhc3MlM0QlMjJjb250ZW5lZG9yLTEtaW1nLXNvYnJlLW1pJTIyJTNFJTBBJTA5JTA5JTA5JTNDZGl2JTIwY2xhc3MlM0QlMjJjb250ZW5lZG9yLWludGVybm8tMS1pbWctc29icmUtbWklMjIlM0UlMEElMDklMDklMDklMDklM0NpbWclMjBzcmMlM0QlMjJodHRwcyUzQSUyRiUyRmJydXRuYXR1cmViaWpvdXguY29tJTJGd3AtY29udGVudCUyRnVwbG9hZHMlMkYyMDI1JTJGMDQlMkZzb2JyZS1taS0xLmpwZyUyMiUyMGFsdCUzRCUyMiUyMiUzRSUwQSUwOSUwOSUwOSUzQyUyRmRpdiUzRSUwQSUwOSUwOSUwOSUzQ2RpdiUyMGNsYXNzJTNEJTIyY29udGVuZWRvci1pbnRlcm5vLTItaW1nLXNvYnJlLW1pJTIyJTNFJTBBJTA5JTA5JTA5JTA5JTNDZGl2JTIwY2xhc3MlM0QlMjJjb250ZW5lZG9yLWZpbmFsLWZvdG8tc29icmUtbWklMjBjb250ZW5lZG9yLWZpbmFsLWZvdG8tc29icmUtbWktMSUyMiUzRSUwQSUwOSUwOSUwOSUwOSUwOSUzQ2ltZyUyMHNyYyUzRCUyMmh0dHBzJTNBJTJGJTJGYnJ1dG5hdHVyZWJpam91eC5jb20lMkZ3cC1jb250ZW50JTJGdXBsb2FkcyUyRjIwMjUlMkYwNCUyRnNvYnJlLW1pLTIuanBnJTIyJTIwYWx0JTNEJTIyJTIyJTNFJTBBJTA5JTA5JTA5JTA5JTNDJTJGZGl2JTNFJTBBJTA5JTA5JTA5JTA5JTNDZGl2JTIwY2xhc3MlM0QlMjJjb250ZW5lZG9yLWZpbmFsLWZvdG8tc29icmUtbWklMjBjb250ZW5lZG9yLWZpbmFsLWZvdG8tc29icmUtbWktMiUyMiUzRSUwQSUwOSUwOSUwOSUwOSUwOSUzQ2ltZyUyMHNyYyUzRCUyMmh0dHBzJTNBJTJGJTJGYnJ1dG5hdHVyZWJpam91eC5jb20lMkZ3cC1jb250ZW50JTJGdXBsb2FkcyUyRjIwMjUlMkYwNCUyRnNvYnJlLW1pLTMuanBnJTIyJTIwYWx0JTNEJTIyJTIyJTNFJTBBJTA5JTA5JTA5JTA5JTNDJTJGZGl2JTNFJTBBJTA5JTA5JTA5JTA5JTNDZGl2JTIwY2xhc3MlM0QlMjJjb250ZW5lZG9yLWZpbmFsLWZvdG8tc29icmUtbWklMjBjb250ZW5lZG9yLWZpbmFsLWZvdG8tc29icmUtbWktMyUyMiUzRSUwQSUwOSUwOSUwOSUwOSUwOSUzQ2ltZyUyMHNyYyUzRCUyMmh0dHBzJTNBJTJGJTJGYnJ1dG5hdHVyZWJpam91eC5jb20lMkZ3cC1jb250ZW50JTJGdXBsb2FkcyUyRjIwMjUlMkYwNCUyRnNvYnJlLW1pLTQuanBnJTIyJTIwYWx0JTNEJTIyJTIyJTNFJTBBJTA5JTA5JTA5JTA5JTNDJTJGZGl2JTNFJTBBJTA5JTA5JTA5JTA5JTNDZGl2JTIwY2xhc3MlM0QlMjJjb250ZW5lZG9yLWZpbmFsLWZvdG8tc29icmUtbWklMjBjb250ZW5lZG9yLWZpbmFsLWZvdG8tc29icmUtbWktNCUyMiUzRSUwQSUwOSUwOSUwOSUwOSUwOSUzQ2ltZyUyMHNyYyUzRCUyMmh0dHBzJTNBJTJGJTJGYnJ1dG5hdHVyZWJpam91eC5jb20lMkZ3cC1jb250ZW50JTJGdXBsb2FkcyUyRjIwMjUlMkYwNCUyRnNvYnJlLW1pLTUuanBnJTIyJTIwYWx0JTNEJTIyJTIyJTNFJTBBJTA5JTA5JTA5JTA5JTNDJTJGZGl2JTNFJTBBJTA5JTA5JTA5JTNDJTJGZGl2JTNFJTBBJTA5JTA5JTNDJTJGZGl2JTNFJTBBJTA5JTA5JTNDZGl2JTIwY2xhc3MlM0QlMjJjb250ZW5lZG9yLTItaW1nLXNvYnJlLW1pJTIyJTNFJTBBJTA5JTA5JTA5JTNDZGl2JTIwY2xhc3MlM0QlMjJjb250ZW5lZG9yLWZpbmFsLWZvdG8tc29icmUtbWklMjBjb250ZW5lZG9yLWZpbmFsLWZvdG8tc29icmUtbWktNCUyMiUzRSUwQSUwOSUwOSUwOSUwOSUzQ2ltZyUyMHNyYyUzRCUyMmh0dHBzJTNBJTJGJTJGYnJ1dG5hdHVyZWJpam91eC5jb20lMkZ3cC1jb250ZW50JTJGdXBsb2FkcyUyRjIwMjUlMkYwNCUyRnNvYnJlLW1pLTYuanBnJTIyJTIwYWx0JTNEJTIyJTIyJTNFJTBBJTA5JTA5JTA5JTNDJTJGZGl2JTNFJTBBJTA5JTA5JTA5JTNDZGl2JTIwY2xhc3MlM0QlMjJjb250ZW5lZG9yLWZpbmFsLWZvdG8tc29icmUtbWklMjBjb250ZW5lZG9yLWZpbmFsLWZvdG8tc29icmUtbWktNCUyMiUzRSUwQSUwOSUwOSUwOSUwOSUzQ2ltZyUyMHNyYyUzRCUyMmh0dHBzJTNBJTJGJTJGYnJ1dG5hdHVyZWJpam91eC5jb20lMkZ3cC1jb250ZW50JTJGdXBsb2FkcyUyRjIwMjUlMkYwNCUyRnNvYnJlLW1pLTcuanBnJTIyJTIwYWx0JTNEJTIyJTIyJTNFJTBBJTA5JTA5JTA5JTNDJTJGZGl2JTNFJTBBJTA5JTA5JTNDJTJGZGl2JTNFJTBBJTA5JTNDJTJGZGl2JTNF[\/vc_raw_html][\/vc_column][vc_column width=\u00bb1\/3&#8243;][vc_column_text css=\u00bb\u00bb el_class=\u00bbtexto-sobre-mi\u00bb]\u00a1Bienvenida! Soy M\u00f3nica, nac\u00ed en&hellip;<\/p>\n","protected":false},"author":3,"featured_media":0,"parent":0,"menu_order":0,"comment_status":"closed","ping_status":"closed","template":"templates\/full-width.php","meta":{"inline_featured_image":false,"footnotes":""},"class_list":["post-2686","page","type-page","status-publish","hentry"],"yoast_head":"<!-- This site is optimized with the Yoast SEO plugin v27.4 - https:\/\/yoast.com\/product\/yoast-seo-wordpress\/ -->\n<title>Sobre m\u00ed - Brut Nature Bijoux<\/title>\n<meta name=\"robots\" content=\"index, follow, max-snippet:-1, max-image-preview:large, max-video-preview:-1\" \/>\n<link rel=\"canonical\" href=\"https:\/\/brutnaturebijoux.com\/es\/sobre-mi\/\" \/>\n<meta property=\"og:locale\" content=\"es_ES\" \/>\n<meta property=\"og:type\" content=\"article\" \/>\n<meta property=\"og:title\" content=\"Sobre m\u00ed - Brut Nature Bijoux\" \/>\n<meta property=\"og:description\" content=\"[vc_row el_class=\u00bbmax1500 centrar-contenido\u00bb css=\u00bb.vc_custom_1743794514373{margin-top: 40px !important;}\u00bb][vc_column width=\u00bb2\/3&#8243;][vc_raw_html css=\u00bb\u00bb]JTNDZGl2JTIwY2xhc3MlM0QlMjJjb250ZW5lZG9yLWdyYWwtaW1nLXNvYnJlLW1pJTIyJTNFJTBBJTA5JTA5JTNDZGl2JTIwY2xhc3MlM0QlMjJjb250ZW5lZG9yLTEtaW1nLXNvYnJlLW1pJTIyJTNFJTBBJTA5JTA5JTA5JTNDZGl2JTIwY2xhc3MlM0QlMjJjb250ZW5lZG9yLWludGVybm8tMS1pbWctc29icmUtbWklMjIlM0UlMEElMDklMDklMDklMDklM0NpbWclMjBzcmMlM0QlMjJodHRwcyUzQSUyRiUyRmJydXRuYXR1cmViaWpvdXguY29tJTJGd3AtY29udGVudCUyRnVwbG9hZHMlMkYyMDI1JTJGMDQlMkZzb2JyZS1taS0xLmpwZyUyMiUyMGFsdCUzRCUyMiUyMiUzRSUwQSUwOSUwOSUwOSUzQyUyRmRpdiUzRSUwQSUwOSUwOSUwOSUzQ2RpdiUyMGNsYXNzJTNEJTIyY29udGVuZWRvci1pbnRlcm5vLTItaW1nLXNvYnJlLW1pJTIyJTNFJTBBJTA5JTA5JTA5JTA5JTNDZGl2JTIwY2xhc3MlM0QlMjJjb250ZW5lZG9yLWZpbmFsLWZvdG8tc29icmUtbWklMjBjb250ZW5lZG9yLWZpbmFsLWZvdG8tc29icmUtbWktMSUyMiUzRSUwQSUwOSUwOSUwOSUwOSUwOSUzQ2ltZyUyMHNyYyUzRCUyMmh0dHBzJTNBJTJGJTJGYnJ1dG5hdHVyZWJpam91eC5jb20lMkZ3cC1jb250ZW50JTJGdXBsb2FkcyUyRjIwMjUlMkYwNCUyRnNvYnJlLW1pLTIuanBnJTIyJTIwYWx0JTNEJTIyJTIyJTNFJTBBJTA5JTA5JTA5JTA5JTNDJTJGZGl2JTNFJTBBJTA5JTA5JTA5JTA5JTNDZGl2JTIwY2xhc3MlM0QlMjJjb250ZW5lZG9yLWZpbmFsLWZvdG8tc29icmUtbWklMjBjb250ZW5lZG9yLWZpbmFsLWZvdG8tc29icmUtbWktMiUyMiUzRSUwQSUwOSUwOSUwOSUwOSUwOSUzQ2ltZyUyMHNyYyUzRCUyMmh0dHBzJTNBJTJGJTJGYnJ1dG5hdHVyZWJpam91eC5jb20lMkZ3cC1jb250ZW50JTJGdXBsb2FkcyUyRjIwMjUlMkYwNCUyRnNvYnJlLW1pLTMuanBnJTIyJTIwYWx0JTNEJTIyJTIyJTNFJTBBJTA5JTA5JTA5JTA5JTNDJTJGZGl2JTNFJTBBJTA5JTA5JTA5JTA5JTNDZGl2JTIwY2xhc3MlM0QlMjJjb250ZW5lZG9yLWZpbmFsLWZvdG8tc29icmUtbWklMjBjb250ZW5lZG9yLWZpbmFsLWZvdG8tc29icmUtbWktMyUyMiUzRSUwQSUwOSUwOSUwOSUwOSUwOSUzQ2ltZyUyMHNyYyUzRCUyMmh0dHBzJTNBJTJGJTJGYnJ1dG5hdHVyZWJpam91eC5jb20lMkZ3cC1jb250ZW50JTJGdXBsb2FkcyUyRjIwMjUlMkYwNCUyRnNvYnJlLW1pLTQuanBnJTIyJTIwYWx0JTNEJTIyJTIyJTNFJTBBJTA5JTA5JTA5JTA5JTNDJTJGZGl2JTNFJTBBJTA5JTA5JTA5JTA5JTNDZGl2JTIwY2xhc3MlM0QlMjJjb250ZW5lZG9yLWZpbmFsLWZvdG8tc29icmUtbWklMjBjb250ZW5lZG9yLWZpbmFsLWZvdG8tc29icmUtbWktNCUyMiUzRSUwQSUwOSUwOSUwOSUwOSUwOSUzQ2ltZyUyMHNyYyUzRCUyMmh0dHBzJTNBJTJGJTJGYnJ1dG5hdHVyZWJpam91eC5jb20lMkZ3cC1jb250ZW50JTJGdXBsb2FkcyUyRjIwMjUlMkYwNCUyRnNvYnJlLW1pLTUuanBnJTIyJTIwYWx0JTNEJTIyJTIyJTNFJTBBJTA5JTA5JTA5JTA5JTNDJTJGZGl2JTNFJTBBJTA5JTA5JTA5JTNDJTJGZGl2JTNFJTBBJTA5JTA5JTNDJTJGZGl2JTNFJTBBJTA5JTA5JTNDZGl2JTIwY2xhc3MlM0QlMjJjb250ZW5lZG9yLTItaW1nLXNvYnJlLW1pJTIyJTNFJTBBJTA5JTA5JTA5JTNDZGl2JTIwY2xhc3MlM0QlMjJjb250ZW5lZG9yLWZpbmFsLWZvdG8tc29icmUtbWklMjBjb250ZW5lZG9yLWZpbmFsLWZvdG8tc29icmUtbWktNCUyMiUzRSUwQSUwOSUwOSUwOSUwOSUzQ2ltZyUyMHNyYyUzRCUyMmh0dHBzJTNBJTJGJTJGYnJ1dG5hdHVyZWJpam91eC5jb20lMkZ3cC1jb250ZW50JTJGdXBsb2FkcyUyRjIwMjUlMkYwNCUyRnNvYnJlLW1pLTYuanBnJTIyJTIwYWx0JTNEJTIyJTIyJTNFJTBBJTA5JTA5JTA5JTNDJTJGZGl2JTNFJTBBJTA5JTA5JTA5JTNDZGl2JTIwY2xhc3MlM0QlMjJjb250ZW5lZG9yLWZpbmFsLWZvdG8tc29icmUtbWklMjBjb250ZW5lZG9yLWZpbmFsLWZvdG8tc29icmUtbWktNCUyMiUzRSUwQSUwOSUwOSUwOSUwOSUzQ2ltZyUyMHNyYyUzRCUyMmh0dHBzJTNBJTJGJTJGYnJ1dG5hdHVyZWJpam91eC5jb20lMkZ3cC1jb250ZW50JTJGdXBsb2FkcyUyRjIwMjUlMkYwNCUyRnNvYnJlLW1pLTcuanBnJTIyJTIwYWx0JTNEJTIyJTIyJTNFJTBBJTA5JTA5JTA5JTNDJTJGZGl2JTNFJTBBJTA5JTA5JTNDJTJGZGl2JTNFJTBBJTA5JTNDJTJGZGl2JTNF[\/vc_raw_html][\/vc_column][vc_column width=\u00bb1\/3&#8243;][vc_column_text css=\u00bb\u00bb el_class=\u00bbtexto-sobre-mi\u00bb]\u00a1Bienvenida! Soy M\u00f3nica, nac\u00ed en&hellip;\" \/>\n<meta property=\"og:url\" content=\"https:\/\/brutnaturebijoux.com\/es\/sobre-mi\/\" \/>\n<meta property=\"og:site_name\" content=\"Brut Nature Bijoux\" \/>\n<meta property=\"article:modified_time\" content=\"2025-09-23T15:36:03+00:00\" \/>\n<meta name=\"twitter:card\" content=\"summary_large_image\" \/>\n<meta name=\"twitter:label1\" content=\"Tiempo de lectura\" \/>\n\t<meta name=\"twitter:data1\" content=\"2 minutos\" \/>\n<script type=\"application\/ld+json\" class=\"yoast-schema-graph\">{\"@context\":\"https:\\\/\\\/schema.org\",\"@graph\":[{\"@type\":\"WebPage\",\"@id\":\"https:\\\/\\\/brutnaturebijoux.com\\\/es\\\/sobre-mi\\\/\",\"url\":\"https:\\\/\\\/brutnaturebijoux.com\\\/es\\\/sobre-mi\\\/\",\"name\":\"Sobre m\u00ed - Brut Nature Bijoux\",\"isPartOf\":{\"@id\":\"https:\\\/\\\/brutnaturebijoux.com\\\/#website\"},\"datePublished\":\"2025-04-04T17:49:00+00:00\",\"dateModified\":\"2025-09-23T15:36:03+00:00\",\"breadcrumb\":{\"@id\":\"https:\\\/\\\/brutnaturebijoux.com\\\/es\\\/sobre-mi\\\/#breadcrumb\"},\"inLanguage\":\"es\",\"potentialAction\":[{\"@type\":\"ReadAction\",\"target\":[\"https:\\\/\\\/brutnaturebijoux.com\\\/es\\\/sobre-mi\\\/\"]}]},{\"@type\":\"BreadcrumbList\",\"@id\":\"https:\\\/\\\/brutnaturebijoux.com\\\/es\\\/sobre-mi\\\/#breadcrumb\",\"itemListElement\":[{\"@type\":\"ListItem\",\"position\":1,\"name\":\"Portada\",\"item\":\"https:\\\/\\\/brutnaturebijoux.com\\\/es\\\/\"},{\"@type\":\"ListItem\",\"position\":2,\"name\":\"Sobre m\u00ed\"}]},{\"@type\":\"WebSite\",\"@id\":\"https:\\\/\\\/brutnaturebijoux.com\\\/#website\",\"url\":\"https:\\\/\\\/brutnaturebijoux.com\\\/\",\"name\":\"Brut Nature Bijoux\",\"description\":\"Joyer\u00eda artesanal en plata  gemas\",\"potentialAction\":[{\"@type\":\"SearchAction\",\"target\":{\"@type\":\"EntryPoint\",\"urlTemplate\":\"https:\\\/\\\/brutnaturebijoux.com\\\/?s={search_term_string}\"},\"query-input\":{\"@type\":\"PropertyValueSpecification\",\"valueRequired\":true,\"valueName\":\"search_term_string\"}}],\"inLanguage\":\"es\"}]}<\/script>\n<!-- \/ Yoast SEO plugin. -->","yoast_head_json":{"title":"Sobre m\u00ed - Brut Nature Bijoux","robots":{"index":"index","follow":"follow","max-snippet":"max-snippet:-1","max-image-preview":"max-image-preview:large","max-video-preview":"max-video-preview:-1"},"canonical":"https:\/\/brutnaturebijoux.com\/es\/sobre-mi\/","og_locale":"es_ES","og_type":"article","og_title":"Sobre m\u00ed - Brut Nature Bijoux","og_description":"[vc_row el_class=\u00bbmax1500 centrar-contenido\u00bb css=\u00bb.vc_custom_1743794514373{margin-top: 40px !important;}\u00bb][vc_column width=\u00bb2\/3&#8243;][vc_raw_html css=\u00bb\u00bb]JTNDZGl2JTIwY2xhc3MlM0QlMjJjb250ZW5lZG9yLWdyYWwtaW1nLXNvYnJlLW1pJTIyJTNFJTBBJTA5JTA5JTNDZGl2JTIwY2xhc3MlM0QlMjJjb250ZW5lZG9yLTEtaW1nLXNvYnJlLW1pJTIyJTNFJTBBJTA5JTA5JTA5JTNDZGl2JTIwY2xhc3MlM0QlMjJjb250ZW5lZG9yLWludGVybm8tMS1pbWctc29icmUtbWklMjIlM0UlMEElMDklMDklMDklMDklM0NpbWclMjBzcmMlM0QlMjJodHRwcyUzQSUyRiUyRmJydXRuYXR1cmViaWpvdXguY29tJTJGd3AtY29udGVudCUyRnVwbG9hZHMlMkYyMDI1JTJGMDQlMkZzb2JyZS1taS0xLmpwZyUyMiUyMGFsdCUzRCUyMiUyMiUzRSUwQSUwOSUwOSUwOSUzQyUyRmRpdiUzRSUwQSUwOSUwOSUwOSUzQ2RpdiUyMGNsYXNzJTNEJTIyY29udGVuZWRvci1pbnRlcm5vLTItaW1nLXNvYnJlLW1pJTIyJTNFJTBBJTA5JTA5JTA5JTA5JTNDZGl2JTIwY2xhc3MlM0QlMjJjb250ZW5lZG9yLWZpbmFsLWZvdG8tc29icmUtbWklMjBjb250ZW5lZG9yLWZpbmFsLWZvdG8tc29icmUtbWktMSUyMiUzRSUwQSUwOSUwOSUwOSUwOSUwOSUzQ2ltZyUyMHNyYyUzRCUyMmh0dHBzJTNBJTJGJTJGYnJ1dG5hdHVyZWJpam91eC5jb20lMkZ3cC1jb250ZW50JTJGdXBsb2FkcyUyRjIwMjUlMkYwNCUyRnNvYnJlLW1pLTIuanBnJTIyJTIwYWx0JTNEJTIyJTIyJTNFJTBBJTA5JTA5JTA5JTA5JTNDJTJGZGl2JTNFJTBBJTA5JTA5JTA5JTA5JTNDZGl2JTIwY2xhc3MlM0QlMjJjb250ZW5lZG9yLWZpbmFsLWZvdG8tc29icmUtbWklMjBjb250ZW5lZG9yLWZpbmFsLWZvdG8tc29icmUtbWktMiUyMiUzRSUwQSUwOSUwOSUwOSUwOSUwOSUzQ2ltZyUyMHNyYyUzRCUyMmh0dHBzJTNBJTJGJTJGYnJ1dG5hdHVyZWJpam91eC5jb20lMkZ3cC1jb250ZW50JTJGdXBsb2FkcyUyRjIwMjUlMkYwNCUyRnNvYnJlLW1pLTMuanBnJTIyJTIwYWx0JTNEJTIyJTIyJTNFJTBBJTA5JTA5JTA5JTA5JTNDJTJGZGl2JTNFJTBBJTA5JTA5JTA5JTA5JTNDZGl2JTIwY2xhc3MlM0QlMjJjb250ZW5lZG9yLWZpbmFsLWZvdG8tc29icmUtbWklMjBjb250ZW5lZG9yLWZpbmFsLWZvdG8tc29icmUtbWktMyUyMiUzRSUwQSUwOSUwOSUwOSUwOSUwOSUzQ2ltZyUyMHNyYyUzRCUyMmh0dHBzJTNBJTJGJTJGYnJ1dG5hdHVyZWJpam91eC5jb20lMkZ3cC1jb250ZW50JTJGdXBsb2FkcyUyRjIwMjUlMkYwNCUyRnNvYnJlLW1pLTQuanBnJTIyJTIwYWx0JTNEJTIyJTIyJTNFJTBBJTA5JTA5JTA5JTA5JTNDJTJGZGl2JTNFJTBBJTA5JTA5JTA5JTA5JTNDZGl2JTIwY2xhc3MlM0QlMjJjb250ZW5lZG9yLWZpbmFsLWZvdG8tc29icmUtbWklMjBjb250ZW5lZG9yLWZpbmFsLWZvdG8tc29icmUtbWktNCUyMiUzRSUwQSUwOSUwOSUwOSUwOSUwOSUzQ2ltZyUyMHNyYyUzRCUyMmh0dHBzJTNBJTJGJTJGYnJ1dG5hdHVyZWJpam91eC5jb20lMkZ3cC1jb250ZW50JTJGdXBsb2FkcyUyRjIwMjUlMkYwNCUyRnNvYnJlLW1pLTUuanBnJTIyJTIwYWx0JTNEJTIyJTIyJTNFJTBBJTA5JTA5JTA5JTA5JTNDJTJGZGl2JTNFJTBBJTA5JTA5JTA5JTNDJTJGZGl2JTNFJTBBJTA5JTA5JTNDJTJGZGl2JTNFJTBBJTA5JTA5JTNDZGl2JTIwY2xhc3MlM0QlMjJjb250ZW5lZG9yLTItaW1nLXNvYnJlLW1pJTIyJTNFJTBBJTA5JTA5JTA5JTNDZGl2JTIwY2xhc3MlM0QlMjJjb250ZW5lZG9yLWZpbmFsLWZvdG8tc29icmUtbWklMjBjb250ZW5lZG9yLWZpbmFsLWZvdG8tc29icmUtbWktNCUyMiUzRSUwQSUwOSUwOSUwOSUwOSUzQ2ltZyUyMHNyYyUzRCUyMmh0dHBzJTNBJTJGJTJGYnJ1dG5hdHVyZWJpam91eC5jb20lMkZ3cC1jb250ZW50JTJGdXBsb2FkcyUyRjIwMjUlMkYwNCUyRnNvYnJlLW1pLTYuanBnJTIyJTIwYWx0JTNEJTIyJTIyJTNFJTBBJTA5JTA5JTA5JTNDJTJGZGl2JTNFJTBBJTA5JTA5JTA5JTNDZGl2JTIwY2xhc3MlM0QlMjJjb250ZW5lZG9yLWZpbmFsLWZvdG8tc29icmUtbWklMjBjb250ZW5lZG9yLWZpbmFsLWZvdG8tc29icmUtbWktNCUyMiUzRSUwQSUwOSUwOSUwOSUwOSUzQ2ltZyUyMHNyYyUzRCUyMmh0dHBzJTNBJTJGJTJGYnJ1dG5hdHVyZWJpam91eC5jb20lMkZ3cC1jb250ZW50JTJGdXBsb2FkcyUyRjIwMjUlMkYwNCUyRnNvYnJlLW1pLTcuanBnJTIyJTIwYWx0JTNEJTIyJTIyJTNFJTBBJTA5JTA5JTA5JTNDJTJGZGl2JTNFJTBBJTA5JTA5JTNDJTJGZGl2JTNFJTBBJTA5JTNDJTJGZGl2JTNF[\/vc_raw_html][\/vc_column][vc_column width=\u00bb1\/3&#8243;][vc_column_text css=\u00bb\u00bb el_class=\u00bbtexto-sobre-mi\u00bb]\u00a1Bienvenida! Soy M\u00f3nica, nac\u00ed en&hellip;","og_url":"https:\/\/brutnaturebijoux.com\/es\/sobre-mi\/","og_site_name":"Brut Nature Bijoux","article_modified_time":"2025-09-23T15:36:03+00:00","twitter_card":"summary_large_image","twitter_misc":{"Tiempo de lectura":"2 minutos"},"schema":{"@context":"https:\/\/schema.org","@graph":[{"@type":"WebPage","@id":"https:\/\/brutnaturebijoux.com\/es\/sobre-mi\/","url":"https:\/\/brutnaturebijoux.com\/es\/sobre-mi\/","name":"Sobre m\u00ed - Brut Nature Bijoux","isPartOf":{"@id":"https:\/\/brutnaturebijoux.com\/#website"},"datePublished":"2025-04-04T17:49:00+00:00","dateModified":"2025-09-23T15:36:03+00:00","breadcrumb":{"@id":"https:\/\/brutnaturebijoux.com\/es\/sobre-mi\/#breadcrumb"},"inLanguage":"es","potentialAction":[{"@type":"ReadAction","target":["https:\/\/brutnaturebijoux.com\/es\/sobre-mi\/"]}]},{"@type":"BreadcrumbList","@id":"https:\/\/brutnaturebijoux.com\/es\/sobre-mi\/#breadcrumb","itemListElement":[{"@type":"ListItem","position":1,"name":"Portada","item":"https:\/\/brutnaturebijoux.com\/es\/"},{"@type":"ListItem","position":2,"name":"Sobre m\u00ed"}]},{"@type":"WebSite","@id":"https:\/\/brutnaturebijoux.com\/#website","url":"https:\/\/brutnaturebijoux.com\/","name":"Brut Nature Bijoux","description":"Joyer\u00eda artesanal en plata  gemas","potentialAction":[{"@type":"SearchAction","target":{"@type":"EntryPoint","urlTemplate":"https:\/\/brutnaturebijoux.com\/?s={search_term_string}"},"query-input":{"@type":"PropertyValueSpecification","valueRequired":true,"valueName":"search_term_string"}}],"inLanguage":"es"}]}},"_links":{"self":[{"href":"https:\/\/brutnaturebijoux.com\/es\/wp-json\/wp\/v2\/pages\/2686","targetHints":{"allow":["GET"]}}],"collection":[{"href":"https:\/\/brutnaturebijoux.com\/es\/wp-json\/wp\/v2\/pages"}],"about":[{"href":"https:\/\/brutnaturebijoux.com\/es\/wp-json\/wp\/v2\/types\/page"}],"author":[{"embeddable":true,"href":"https:\/\/brutnaturebijoux.com\/es\/wp-json\/wp\/v2\/users\/3"}],"replies":[{"embeddable":true,"href":"https:\/\/brutnaturebijoux.com\/es\/wp-json\/wp\/v2\/comments?post=2686"}],"version-history":[{"count":0,"href":"https:\/\/brutnaturebijoux.com\/es\/wp-json\/wp\/v2\/pages\/2686\/revisions"}],"wp:attachment":[{"href":"https:\/\/brutnaturebijoux.com\/es\/wp-json\/wp\/v2\/media?parent=2686"}],"curies":[{"name":"wp","href":"https:\/\/api.w.org\/{rel}","templated":true}]}}